{"id":3139,"date":"2017-03-31T13:30:44","date_gmt":"2017-03-31T13:30:44","guid":{"rendered":"http:\/\/www.vulkan-nova.hr\/?page_id=3139"},"modified":"2018-07-19T12:42:32","modified_gmt":"2018-07-19T12:42:32","slug":"osnovni-podaci-poduzeca","status":"publish","type":"page","link":"https:\/\/www.vulkan-nova.hr\/hr\/osnovni-podaci-poduzeca\/","title":{"rendered":"Osnovni podaci poduze\u0107a"},"content":{"rendered":"<p>[vc_row css=&#8221;.vc_custom_1460122496361{margin-bottom: 30px !important;}&#8221;][vc_column][vc_custom_heading text=&#8221;PODACI O TVRTKI&#8221; font_container=&#8221;tag:h2|text_align:center&#8221; use_theme_fonts=&#8221;yes&#8221; el_class=&#8221;title&#8221;][vc_empty_space height=&#8221;30px&#8221; css=&#8221;.vc_custom_1490104412647{margin-top: -20px !important;}&#8221;][vc_column_text css_animation=&#8221;bottom-to-top&#8221;]<\/p>\n<p style=\"text-align: left;\">Naziv tvrtke: VULKAN &#8211; NOVA dru\u0161tvo s ograni\u010denom odgovorno\u0161\u0107u, tvornica dizalica i brodske opreme<\/p>\n<p style=\"text-align: left;\">Skra\u0107eni naziv: VULKAN &#8211; NOVA d. o. o.<\/p>\n<p style=\"text-align: left;\">Sjedi\u0161te\/adresa: Rijeka, Spin\u010di\u0107eva 9 i 12<\/p>\n<p style=\"text-align: left;\">Nadle\u017eni sud: Trgova\u010dki sud u Rijeci<\/p>\n<p style=\"text-align: left;\">MBS: 040228540<\/p>\n<p style=\"text-align: left;\">OIB: 12441871562<\/p>\n<p style=\"text-align: left;\">Temeljni kapital: 2.280.400,00 kuna, upla\u0107en u cijelosti<\/p>\n<p style=\"text-align: left;\">\u010clan uprave &#8211; direktor: Radoslav Vukeli\u0107<\/p>\n<p style=\"text-align: left;\">\u017diro ra\u010dun kod Zagreba\u010dke banke d.d. 2360000-1101899957;<\/p>\n<p style=\"text-align: left;\">IBAN: HR9423600001101899957<\/p>\n<p>[\/vc_column_text][\/vc_column][\/vc_row]<\/p>","protected":false},"excerpt":{"rendered":"<p>[vc_row css=&#8221;.vc_custom_1460122496361{margin-bottom: 30px !important;}&#8221;][vc_column][vc_custom_heading text=&#8221;PODACI O TVRTKI&#8221; font_container=&#8221;tag:h2|text_align:center&#8221; use_theme_fonts=&#8221;yes&#8221; el_class=&#8221;title&#8221;][vc_empty_space height=&#8221;30px&#8221; css=&#8221;.vc_custom_1490104412647{margin-top: -20px !important;}&#8221;][vc_column_text css_animation=&#8221;bottom-to-top&#8221;] Naziv tvrtke: VULKAN &#8211; NOVA dru\u0161tvo s ograni\u010denom odgovorno\u0161\u0107u, tvornica dizalica i brodske opreme Skra\u0107eni naziv: VULKAN &#8211; NOVA d. o. o. Sjedi\u0161te\/adresa: Rijeka, Spin\u010di\u0107eva &hellip;<\/p>\n","protected":false},"author":1,"featured_media":0,"parent":0,"menu_order":0,"comment_status":"closed","ping_status":"closed","template":"","meta":{"footnotes":""},"yoast_head":"<!-- This site is optimized with the Yoast SEO plugin v21.8 - https:\/\/yoast.com\/wordpress\/plugins\/seo\/ -->\n<title>Osnovni podaci poduze\u0107a - Vulkan-Nova<\/title>\n<meta name=\"robots\" content=\"index, follow, max-snippet:-1, max-image-preview:large, max-video-preview:-1\" \/>\n<link rel=\"canonical\" href=\"https:\/\/www.vulkan-nova.hr\/osnovni-podaci-poduzeca\/\" \/>\n<meta property=\"og:locale\" content=\"hr_HR\" \/>\n<meta property=\"og:type\" content=\"article\" \/>\n<meta property=\"og:title\" content=\"[:hr]Osnovni podaci poduze\u0107a[:en]Basic company data[:] - Vulkan-Nova\" \/>\n<meta property=\"og:description\" content=\"[vc_row css=&#8221;.vc_custom_1460122496361{margin-bottom: 30px !important;}&#8221;][vc_column][vc_custom_heading text=&#8221;PODACI O TVRTKI&#8221; font_container=&#8221;tag:h2|text_align:center&#8221; use_theme_fonts=&#8221;yes&#8221; el_class=&#8221;title&#8221;][vc_empty_space height=&#8221;30px&#8221; css=&#8221;.vc_custom_1490104412647{margin-top: -20px !important;}&#8221;][vc_column_text css_animation=&#8221;bottom-to-top&#8221;] Naziv tvrtke: VULKAN &#8211; NOVA dru\u0161tvo s ograni\u010denom odgovorno\u0161\u0107u, tvornica dizalica i brodske opreme Skra\u0107eni naziv: VULKAN &#8211; NOVA d. o. o. Sjedi\u0161te\/adresa: Rijeka, Spin\u010di\u0107eva &hellip;\" \/>\n<meta property=\"og:url\" content=\"https:\/\/www.vulkan-nova.hr\/osnovni-podaci-poduzeca\/\" \/>\n<meta property=\"og:site_name\" content=\"Vulkan-Nova\" \/>\n<meta property=\"article:modified_time\" content=\"2018-07-19T12:42:32+00:00\" \/>\n<meta name=\"twitter:card\" content=\"summary_large_image\" \/>\n<meta name=\"twitter:label1\" content=\"Procijenjeno vrijeme \u010ditanja\" \/>\n\t<meta name=\"twitter:data1\" content=\"1 minuta\" \/>\n<script type=\"application\/ld+json\" class=\"yoast-schema-graph\">{\"@context\":\"https:\/\/schema.org\",\"@graph\":[{\"@type\":\"WebPage\",\"@id\":\"https:\/\/www.vulkan-nova.hr\/osnovni-podaci-poduzeca\/\",\"url\":\"https:\/\/www.vulkan-nova.hr\/osnovni-podaci-poduzeca\/\",\"name\":\"[:hr]Osnovni podaci poduze\u0107a[:en]Basic company data[:] - Vulkan-Nova\",\"isPartOf\":{\"@id\":\"https:\/\/www.vulkan-nova.hr\/hr\/#website\"},\"datePublished\":\"2017-03-31T13:30:44+00:00\",\"dateModified\":\"2018-07-19T12:42:32+00:00\",\"breadcrumb\":{\"@id\":\"https:\/\/www.vulkan-nova.hr\/osnovni-podaci-poduzeca\/#breadcrumb\"},\"inLanguage\":\"hr\",\"potentialAction\":[{\"@type\":\"ReadAction\",\"target\":[\"https:\/\/www.vulkan-nova.hr\/osnovni-podaci-poduzeca\/\"]}]},{\"@type\":\"BreadcrumbList\",\"@id\":\"https:\/\/www.vulkan-nova.hr\/osnovni-podaci-poduzeca\/#breadcrumb\",\"itemListElement\":[{\"@type\":\"ListItem\",\"position\":1,\"name\":\"Po\u010detna stranica\",\"item\":\"https:\/\/www.vulkan-nova.hr\/\"},{\"@type\":\"ListItem\",\"position\":2,\"name\":\"Osnovni podaci poduze\u0107a\"}]},{\"@type\":\"WebSite\",\"@id\":\"https:\/\/www.vulkan-nova.hr\/hr\/#website\",\"url\":\"https:\/\/www.vulkan-nova.hr\/hr\/\",\"name\":\"Vulkan-Nova\",\"description\":\"Tvornica dizalica i brodske opreme\",\"potentialAction\":[{\"@type\":\"SearchAction\",\"target\":{\"@type\":\"EntryPoint\",\"urlTemplate\":\"https:\/\/www.vulkan-nova.hr\/hr\/?s={search_term_string}\"},\"query-input\":\"required name=search_term_string\"}],\"inLanguage\":\"hr\"}]}<\/script>\n<!-- \/ Yoast SEO plugin. -->","yoast_head_json":{"title":"[:hr]Osnovni podaci poduze\u0107a[:en]Basic company data[:] - Vulkan-Nova","robots":{"index":"index","follow":"follow","max-snippet":"max-snippet:-1","max-image-preview":"max-image-preview:large","max-video-preview":"max-video-preview:-1"},"canonical":"https:\/\/www.vulkan-nova.hr\/osnovni-podaci-poduzeca\/","og_locale":"hr_HR","og_type":"article","og_title":"[:hr]Osnovni podaci poduze\u0107a[:en]Basic company data[:] - Vulkan-Nova","og_description":"[vc_row css=&#8221;.vc_custom_1460122496361{margin-bottom: 30px !important;}&#8221;][vc_column][vc_custom_heading text=&#8221;PODACI O TVRTKI&#8221; font_container=&#8221;tag:h2|text_align:center&#8221; use_theme_fonts=&#8221;yes&#8221; el_class=&#8221;title&#8221;][vc_empty_space height=&#8221;30px&#8221; css=&#8221;.vc_custom_1490104412647{margin-top: -20px !important;}&#8221;][vc_column_text css_animation=&#8221;bottom-to-top&#8221;] Naziv tvrtke: VULKAN &#8211; NOVA dru\u0161tvo s ograni\u010denom odgovorno\u0161\u0107u, tvornica dizalica i brodske opreme Skra\u0107eni naziv: VULKAN &#8211; NOVA d. o. o. Sjedi\u0161te\/adresa: Rijeka, Spin\u010di\u0107eva &hellip;","og_url":"https:\/\/www.vulkan-nova.hr\/osnovni-podaci-poduzeca\/","og_site_name":"Vulkan-Nova","article_modified_time":"2018-07-19T12:42:32+00:00","twitter_card":"summary_large_image","twitter_misc":{"Procijenjeno vrijeme \u010ditanja":"1 minuta"},"schema":{"@context":"https:\/\/schema.org","@graph":[{"@type":"WebPage","@id":"https:\/\/www.vulkan-nova.hr\/osnovni-podaci-poduzeca\/","url":"https:\/\/www.vulkan-nova.hr\/osnovni-podaci-poduzeca\/","name":"[:hr]Osnovni podaci poduze\u0107a[:en]Basic company data[:] - Vulkan-Nova","isPartOf":{"@id":"https:\/\/www.vulkan-nova.hr\/hr\/#website"},"datePublished":"2017-03-31T13:30:44+00:00","dateModified":"2018-07-19T12:42:32+00:00","breadcrumb":{"@id":"https:\/\/www.vulkan-nova.hr\/osnovni-podaci-poduzeca\/#breadcrumb"},"inLanguage":"hr","potentialAction":[{"@type":"ReadAction","target":["https:\/\/www.vulkan-nova.hr\/osnovni-podaci-poduzeca\/"]}]},{"@type":"BreadcrumbList","@id":"https:\/\/www.vulkan-nova.hr\/osnovni-podaci-poduzeca\/#breadcrumb","itemListElement":[{"@type":"ListItem","position":1,"name":"Po\u010detna stranica","item":"https:\/\/www.vulkan-nova.hr\/"},{"@type":"ListItem","position":2,"name":"Osnovni podaci poduze\u0107a"}]},{"@type":"WebSite","@id":"https:\/\/www.vulkan-nova.hr\/hr\/#website","url":"https:\/\/www.vulkan-nova.hr\/hr\/","name":"Vulkan-Nova","description":"Tvornica dizalica i brodske opreme","potentialAction":[{"@type":"SearchAction","target":{"@type":"EntryPoint","urlTemplate":"https:\/\/www.vulkan-nova.hr\/hr\/?s={search_term_string}"},"query-input":"required name=search_term_string"}],"inLanguage":"hr"}]}},"_links":{"self":[{"href":"https:\/\/www.vulkan-nova.hr\/hr\/wp-json\/wp\/v2\/pages\/3139"}],"collection":[{"href":"https:\/\/www.vulkan-nova.hr\/hr\/wp-json\/wp\/v2\/pages"}],"about":[{"href":"https:\/\/www.vulkan-nova.hr\/hr\/wp-json\/wp\/v2\/types\/page"}],"author":[{"embeddable":true,"href":"https:\/\/www.vulkan-nova.hr\/hr\/wp-json\/wp\/v2\/users\/1"}],"replies":[{"embeddable":true,"href":"https:\/\/www.vulkan-nova.hr\/hr\/wp-json\/wp\/v2\/comments?post=3139"}],"version-history":[{"count":5,"href":"https:\/\/www.vulkan-nova.hr\/hr\/wp-json\/wp\/v2\/pages\/3139\/revisions"}],"predecessor-version":[{"id":3379,"href":"https:\/\/www.vulkan-nova.hr\/hr\/wp-json\/wp\/v2\/pages\/3139\/revisions\/3379"}],"wp:attachment":[{"href":"https:\/\/www.vulkan-nova.hr\/hr\/wp-json\/wp\/v2\/media?parent=3139"}],"curies":[{"name":"wp","href":"https:\/\/api.w.org\/{rel}","templated":true}]}}