{"id":2990,"date":"2017-03-23T08:46:37","date_gmt":"2017-03-23T08:46:37","guid":{"rendered":"http:\/\/www.vulkan-nova.hr\/?page_id=2990"},"modified":"2018-01-22T10:49:53","modified_gmt":"2018-01-22T10:49:53","slug":"lezaj-za-tegalj","status":"publish","type":"page","link":"https:\/\/www.vulkan-nova.hr\/hr\/proizvodi\/lezaj-za-tegalj\/","title":{"rendered":"Le\u017eaj za tegalj"},"content":{"rendered":"<p>[vc_row][vc_column][vc_custom_heading text=&#8221;Le\u017eaj za tegalj&#8221; use_theme_fonts=&#8221;yes&#8221; el_class=&#8221;title&#8221;][vc_column_text]Le\u017eaji za tegalj Vulkanove proizvodnje dizajnirani su i proizvedeni da zadovolje sve tehni\u010dke i funkcionalne zahtjeve korisnika i mjerodavnih standarda. Koristi se kao dio sistema za tegalj u nu\u017edi.<\/p>\n<p>Ku\u0107i\u0161te je izra\u0111eno zavarivajem od konstrukcionog \u010delika, a svornjak od \u010delika pove\u0107ane \u010dvrsto\u0107e.<\/p>\n<p>Dostupne su veli\u010dine za sile 100, 200 i 300 tona.[\/vc_column_text][\/vc_column][\/vc_row][vc_row css=&#8221;.vc_custom_1453450201221{margin-bottom: 15px !important;}&#8221;][vc_column]<div class=\"gallery-fs\"><figure><img decoding=\"async\" src=\"https:\/\/www.vulkan-nova.hr\/wp-content\/uploads\/2017\/03\/lezaj-za-tegalj.jpg\" alt=\"lezaj-za-tegalj-vulkan-nova\"><figcaption>Le\u017eaj za tegalj<\/figcaption><\/figure><\/div>[\/vc_column][\/vc_row]<\/p>","protected":false},"excerpt":{"rendered":"<p>[vc_row][vc_column][vc_custom_heading text=&#8221;Le\u017eaj za tegalj&#8221; use_theme_fonts=&#8221;yes&#8221; el_class=&#8221;title&#8221;][vc_column_text]Le\u017eaji za tegalj Vulkanove proizvodnje dizajnirani su i proizvedeni da zadovolje sve tehni\u010dke i funkcionalne zahtjeve korisnika i mjerodavnih standarda. Koristi se kao dio sistema za tegalj u nu\u017edi. Ku\u0107i\u0161te je izra\u0111eno zavarivajem od konstrukcionog &hellip;<\/p>\n","protected":false},"author":1,"featured_media":2469,"parent":2477,"menu_order":0,"comment_status":"closed","ping_status":"closed","template":"","meta":{"footnotes":""},"yoast_head":"<!-- This site is optimized with the Yoast SEO plugin v21.8 - https:\/\/yoast.com\/wordpress\/plugins\/seo\/ -->\n<title>Le\u017eaj za tegalj - Vulkan-Nova<\/title>\n<meta name=\"robots\" content=\"index, follow, max-snippet:-1, max-image-preview:large, max-video-preview:-1\" \/>\n<link rel=\"canonical\" href=\"https:\/\/www.vulkan-nova.hr\/proizvodi\/lezaj-za-tegalj\/\" \/>\n<meta property=\"og:locale\" content=\"hr_HR\" \/>\n<meta property=\"og:type\" content=\"article\" \/>\n<meta property=\"og:title\" content=\"[:hr]Le\u017eaj za tegalj[:en]Smit bracket[:] - Vulkan-Nova\" \/>\n<meta property=\"og:description\" content=\"[vc_row][vc_column][vc_custom_heading text=&#8221;Le\u017eaj za tegalj&#8221; use_theme_fonts=&#8221;yes&#8221; el_class=&#8221;title&#8221;][vc_column_text]Le\u017eaji za tegalj Vulkanove proizvodnje dizajnirani su i proizvedeni da zadovolje sve tehni\u010dke i funkcionalne zahtjeve korisnika i mjerodavnih standarda. Koristi se kao dio sistema za tegalj u nu\u017edi. Ku\u0107i\u0161te je izra\u0111eno zavarivajem od konstrukcionog &hellip;\" \/>\n<meta property=\"og:url\" content=\"https:\/\/www.vulkan-nova.hr\/proizvodi\/lezaj-za-tegalj\/\" \/>\n<meta property=\"og:site_name\" content=\"Vulkan-Nova\" \/>\n<meta property=\"article:modified_time\" content=\"2018-01-22T10:49:53+00:00\" \/>\n<meta property=\"og:image\" content=\"https:\/\/www.vulkan-nova.hr\/wp-content\/uploads\/2016\/01\/sidreno-pritezna-vitla-vulkan-nova-h.jpg\" \/>\n\t<meta property=\"og:image:width\" content=\"1920\" \/>\n\t<meta property=\"og:image:height\" content=\"300\" \/>\n\t<meta property=\"og:image:type\" content=\"image\/jpeg\" \/>\n<meta name=\"twitter:card\" content=\"summary_large_image\" \/>\n<meta name=\"twitter:label1\" content=\"Procijenjeno vrijeme \u010ditanja\" \/>\n\t<meta name=\"twitter:data1\" content=\"1 minuta\" \/>\n<script type=\"application\/ld+json\" class=\"yoast-schema-graph\">{\"@context\":\"https:\/\/schema.org\",\"@graph\":[{\"@type\":\"WebPage\",\"@id\":\"https:\/\/www.vulkan-nova.hr\/proizvodi\/lezaj-za-tegalj\/\",\"url\":\"https:\/\/www.vulkan-nova.hr\/proizvodi\/lezaj-za-tegalj\/\",\"name\":\"[:hr]Le\u017eaj za tegalj[:en]Smit bracket[:] - Vulkan-Nova\",\"isPartOf\":{\"@id\":\"https:\/\/www.vulkan-nova.hr\/hr\/#website\"},\"datePublished\":\"2017-03-23T08:46:37+00:00\",\"dateModified\":\"2018-01-22T10:49:53+00:00\",\"breadcrumb\":{\"@id\":\"https:\/\/www.vulkan-nova.hr\/proizvodi\/lezaj-za-tegalj\/#breadcrumb\"},\"inLanguage\":\"hr\",\"potentialAction\":[{\"@type\":\"ReadAction\",\"target\":[\"https:\/\/www.vulkan-nova.hr\/proizvodi\/lezaj-za-tegalj\/\"]}]},{\"@type\":\"BreadcrumbList\",\"@id\":\"https:\/\/www.vulkan-nova.hr\/proizvodi\/lezaj-za-tegalj\/#breadcrumb\",\"itemListElement\":[{\"@type\":\"ListItem\",\"position\":1,\"name\":\"Po\u010detna stranica\",\"item\":\"https:\/\/www.vulkan-nova.hr\/\"},{\"@type\":\"ListItem\",\"position\":2,\"name\":\"Proizvodi\",\"item\":\"https:\/\/www.vulkan-nova.hr\/proizvodi\/\"},{\"@type\":\"ListItem\",\"position\":3,\"name\":\"Le\u017eaj za tegalj\"}]},{\"@type\":\"WebSite\",\"@id\":\"https:\/\/www.vulkan-nova.hr\/hr\/#website\",\"url\":\"https:\/\/www.vulkan-nova.hr\/hr\/\",\"name\":\"Vulkan-Nova\",\"description\":\"Tvornica dizalica i brodske opreme\",\"potentialAction\":[{\"@type\":\"SearchAction\",\"target\":{\"@type\":\"EntryPoint\",\"urlTemplate\":\"https:\/\/www.vulkan-nova.hr\/hr\/?s={search_term_string}\"},\"query-input\":\"required name=search_term_string\"}],\"inLanguage\":\"hr\"}]}<\/script>\n<!-- \/ Yoast SEO plugin. -->","yoast_head_json":{"title":"[:hr]Le\u017eaj za tegalj[:en]Smit bracket[:] - Vulkan-Nova","robots":{"index":"index","follow":"follow","max-snippet":"max-snippet:-1","max-image-preview":"max-image-preview:large","max-video-preview":"max-video-preview:-1"},"canonical":"https:\/\/www.vulkan-nova.hr\/proizvodi\/lezaj-za-tegalj\/","og_locale":"hr_HR","og_type":"article","og_title":"[:hr]Le\u017eaj za tegalj[:en]Smit bracket[:] - Vulkan-Nova","og_description":"[vc_row][vc_column][vc_custom_heading text=&#8221;Le\u017eaj za tegalj&#8221; use_theme_fonts=&#8221;yes&#8221; el_class=&#8221;title&#8221;][vc_column_text]Le\u017eaji za tegalj Vulkanove proizvodnje dizajnirani su i proizvedeni da zadovolje sve tehni\u010dke i funkcionalne zahtjeve korisnika i mjerodavnih standarda. Koristi se kao dio sistema za tegalj u nu\u017edi. Ku\u0107i\u0161te je izra\u0111eno zavarivajem od konstrukcionog &hellip;","og_url":"https:\/\/www.vulkan-nova.hr\/proizvodi\/lezaj-za-tegalj\/","og_site_name":"Vulkan-Nova","article_modified_time":"2018-01-22T10:49:53+00:00","og_image":[{"width":1920,"height":300,"url":"https:\/\/www.vulkan-nova.hr\/wp-content\/uploads\/2016\/01\/sidreno-pritezna-vitla-vulkan-nova-h.jpg","type":"image\/jpeg"}],"twitter_card":"summary_large_image","twitter_misc":{"Procijenjeno vrijeme \u010ditanja":"1 minuta"},"schema":{"@context":"https:\/\/schema.org","@graph":[{"@type":"WebPage","@id":"https:\/\/www.vulkan-nova.hr\/proizvodi\/lezaj-za-tegalj\/","url":"https:\/\/www.vulkan-nova.hr\/proizvodi\/lezaj-za-tegalj\/","name":"[:hr]Le\u017eaj za tegalj[:en]Smit bracket[:] - Vulkan-Nova","isPartOf":{"@id":"https:\/\/www.vulkan-nova.hr\/hr\/#website"},"datePublished":"2017-03-23T08:46:37+00:00","dateModified":"2018-01-22T10:49:53+00:00","breadcrumb":{"@id":"https:\/\/www.vulkan-nova.hr\/proizvodi\/lezaj-za-tegalj\/#breadcrumb"},"inLanguage":"hr","potentialAction":[{"@type":"ReadAction","target":["https:\/\/www.vulkan-nova.hr\/proizvodi\/lezaj-za-tegalj\/"]}]},{"@type":"BreadcrumbList","@id":"https:\/\/www.vulkan-nova.hr\/proizvodi\/lezaj-za-tegalj\/#breadcrumb","itemListElement":[{"@type":"ListItem","position":1,"name":"Po\u010detna stranica","item":"https:\/\/www.vulkan-nova.hr\/"},{"@type":"ListItem","position":2,"name":"Proizvodi","item":"https:\/\/www.vulkan-nova.hr\/proizvodi\/"},{"@type":"ListItem","position":3,"name":"Le\u017eaj za tegalj"}]},{"@type":"WebSite","@id":"https:\/\/www.vulkan-nova.hr\/hr\/#website","url":"https:\/\/www.vulkan-nova.hr\/hr\/","name":"Vulkan-Nova","description":"Tvornica dizalica i brodske opreme","potentialAction":[{"@type":"SearchAction","target":{"@type":"EntryPoint","urlTemplate":"https:\/\/www.vulkan-nova.hr\/hr\/?s={search_term_string}"},"query-input":"required name=search_term_string"}],"inLanguage":"hr"}]}},"_links":{"self":[{"href":"https:\/\/www.vulkan-nova.hr\/hr\/wp-json\/wp\/v2\/pages\/2990"}],"collection":[{"href":"https:\/\/www.vulkan-nova.hr\/hr\/wp-json\/wp\/v2\/pages"}],"about":[{"href":"https:\/\/www.vulkan-nova.hr\/hr\/wp-json\/wp\/v2\/types\/page"}],"author":[{"embeddable":true,"href":"https:\/\/www.vulkan-nova.hr\/hr\/wp-json\/wp\/v2\/users\/1"}],"replies":[{"embeddable":true,"href":"https:\/\/www.vulkan-nova.hr\/hr\/wp-json\/wp\/v2\/comments?post=2990"}],"version-history":[{"count":2,"href":"https:\/\/www.vulkan-nova.hr\/hr\/wp-json\/wp\/v2\/pages\/2990\/revisions"}],"predecessor-version":[{"id":3189,"href":"https:\/\/www.vulkan-nova.hr\/hr\/wp-json\/wp\/v2\/pages\/2990\/revisions\/3189"}],"up":[{"embeddable":true,"href":"https:\/\/www.vulkan-nova.hr\/hr\/wp-json\/wp\/v2\/pages\/2477"}],"wp:featuredmedia":[{"embeddable":true,"href":"https:\/\/www.vulkan-nova.hr\/hr\/wp-json\/wp\/v2\/media\/2469"}],"wp:attachment":[{"href":"https:\/\/www.vulkan-nova.hr\/hr\/wp-json\/wp\/v2\/media?parent=2990"}],"curies":[{"name":"wp","href":"https:\/\/api.w.org\/{rel}","templated":true}]}}