{"id":2899,"date":"2017-03-21T07:35:43","date_gmt":"2017-03-21T07:35:43","guid":{"rendered":"http:\/\/www.vulkan-nova.hr\/?page_id=2899"},"modified":"2018-01-22T12:26:14","modified_gmt":"2018-01-22T12:26:14","slug":"usluge-strojne-obrade","status":"publish","type":"page","link":"https:\/\/www.vulkan-nova.hr\/hr\/usluge\/usluge-strojne-obrade\/","title":{"rendered":"Usluge strojne obrade"},"content":{"rendered":"<p>[vc_row css=&#8221;.vc_custom_1478860744127{margin-top: -20px !important;margin-bottom: 30px !important;}&#8221;][vc_column width=&#8221;1\/6&#8243;][\/vc_column][vc_column width=&#8221;4\/6&#8243;]<h2 class='heading-middle  divider-lg' ><span>Usluge strojne obrade<\/span><\/h2>[vc_column_text]<\/p>\n<p style=\"text-align: center;\">Mogu\u0107nosti strojne obrade na\u0161eg pogona su raznolike, a izme\u0111u ostalog mo\u017eemo obaviti strojnu obradu vertikalnog tokarenja cilindri\u010dnih dijelova najve\u0107eg promjera 3,2 m visine 1,4 m, vertikalno glodanje pozicija duljine 3,3 x 1,5 m visine 1,5 m, te horizontalno glodanje i bu\u0161enje pozicija dimenzija 3,2 x 2,3 m do visine 2 m. Navedene operacije obavljaju se na strojevima koje opslu\u017euje dizalica nosivosti 5 t. Uz navedene mogu\u0107nosti strojne obrade, na\u0161 pogon mo\u017ee obaviti tokarenje osovinskog materijala pozicija promjera do 350 mm duljine 5 m, najve\u0107e mase do 4 t.<\/p>\n<p>[\/vc_column_text][vc_column_text]<\/p>\n<p style=\"text-align: center;\"><span style=\"color: #333333;\">Tako\u0111er nudimo izradu ozubljenja cilindri\u010dnih zup\u010danika sa ravnim i kosim zubima modula 1,5 \u2013 35, promjera do 3200 mm prema nacrtu kupca ili vlastitom projektu, od na\u0161eg ili materijala kupca. Mogu\u0107a je izrada zup\u010dastih letvi modula 4 \u2013 12 duljine segmenata do 1150 mm. Pogon izrade zup\u010danike opslu\u017euje dizalica nosivosti 2 t. Za odre\u0111ene mogu\u0107nosti strojne obrade potrebno je zaprimiti upit i predmetni nacrt kako bi se detaljno analizirale konkretne mogu\u0107nosti, jer je pa\u017eljivim pozicioniranjem i fiksiranjem mogu\u0107a strojna obrada i ve\u0107ih obradaka.<\/span><\/p>\n<p>[\/vc_column_text][\/vc_column][vc_column width=&#8221;1\/6&#8243;][\/vc_column][\/vc_row][vc_row full_width=&#8221;stretch_row_content_no_spaces&#8221;][vc_column width=&#8221;1\/3&#8243;][vc_single_image image=&#8221;2903&#8243; img_size=&#8221;full&#8221; alignment=&#8221;center&#8221;][\/vc_column][vc_column width=&#8221;1\/3&#8243;][vc_single_image image=&#8221;2902&#8243; img_size=&#8221;full&#8221; alignment=&#8221;center&#8221;][\/vc_column][vc_column width=&#8221;1\/3&#8243;][vc_single_image image=&#8221;2901&#8243; img_size=&#8221;full&#8221; alignment=&#8221;center&#8221;][\/vc_column][\/vc_row]<\/p>","protected":false},"excerpt":{"rendered":"<p>[vc_row css=&#8221;.vc_custom_1478860744127{margin-top: -20px !important;margin-bottom: 30px !important;}&#8221;][vc_column width=&#8221;1\/6&#8243;][\/vc_column][vc_column width=&#8221;4\/6&#8243;][vc_column_text] Mogu\u0107nosti strojne obrade na\u0161eg pogona su raznolike, a izme\u0111u ostalog mo\u017eemo obaviti strojnu obradu vertikalnog tokarenja cilindri\u010dnih dijelova najve\u0107eg promjera 3,2 m visine 1,4 m, vertikalno glodanje pozicija duljine 3,3 x 1,5 &hellip;<\/p>\n","protected":false},"author":1,"featured_media":0,"parent":1436,"menu_order":0,"comment_status":"closed","ping_status":"closed","template":"","meta":{"footnotes":""},"yoast_head":"<!-- This site is optimized with the Yoast SEO plugin v21.8 - https:\/\/yoast.com\/wordpress\/plugins\/seo\/ -->\n<title>Usluge strojne obrade - Vulkan-Nova<\/title>\n<meta name=\"robots\" content=\"index, follow, max-snippet:-1, max-image-preview:large, max-video-preview:-1\" \/>\n<link rel=\"canonical\" href=\"https:\/\/www.vulkan-nova.hr\/usluge\/usluge-strojne-obrade\/\" \/>\n<meta property=\"og:locale\" content=\"hr_HR\" \/>\n<meta property=\"og:type\" content=\"article\" \/>\n<meta property=\"og:title\" content=\"[:hr]Usluge strojne obrade[:en]Machining services[:] - Vulkan-Nova\" \/>\n<meta property=\"og:description\" content=\"[vc_row css=&#8221;.vc_custom_1478860744127{margin-top: -20px !important;margin-bottom: 30px !important;}&#8221;][vc_column width=&#8221;1\/6&#8243;][\/vc_column][vc_column width=&#8221;4\/6&#8243;][vc_column_text] Mogu\u0107nosti strojne obrade na\u0161eg pogona su raznolike, a izme\u0111u ostalog mo\u017eemo obaviti strojnu obradu vertikalnog tokarenja cilindri\u010dnih dijelova najve\u0107eg promjera 3,2 m visine 1,4 m, vertikalno glodanje pozicija duljine 3,3 x 1,5 &hellip;\" \/>\n<meta property=\"og:url\" content=\"https:\/\/www.vulkan-nova.hr\/usluge\/usluge-strojne-obrade\/\" \/>\n<meta property=\"og:site_name\" content=\"Vulkan-Nova\" \/>\n<meta property=\"article:modified_time\" content=\"2018-01-22T12:26:14+00:00\" \/>\n<meta name=\"twitter:card\" content=\"summary_large_image\" \/>\n<meta name=\"twitter:label1\" content=\"Procijenjeno vrijeme \u010ditanja\" \/>\n\t<meta name=\"twitter:data1\" content=\"3 minute\" \/>\n<script type=\"application\/ld+json\" class=\"yoast-schema-graph\">{\"@context\":\"https:\/\/schema.org\",\"@graph\":[{\"@type\":\"WebPage\",\"@id\":\"https:\/\/www.vulkan-nova.hr\/usluge\/usluge-strojne-obrade\/\",\"url\":\"https:\/\/www.vulkan-nova.hr\/usluge\/usluge-strojne-obrade\/\",\"name\":\"[:hr]Usluge strojne obrade[:en]Machining services[:] - Vulkan-Nova\",\"isPartOf\":{\"@id\":\"https:\/\/www.vulkan-nova.hr\/hr\/#website\"},\"datePublished\":\"2017-03-21T07:35:43+00:00\",\"dateModified\":\"2018-01-22T12:26:14+00:00\",\"breadcrumb\":{\"@id\":\"https:\/\/www.vulkan-nova.hr\/usluge\/usluge-strojne-obrade\/#breadcrumb\"},\"inLanguage\":\"hr\",\"potentialAction\":[{\"@type\":\"ReadAction\",\"target\":[\"https:\/\/www.vulkan-nova.hr\/usluge\/usluge-strojne-obrade\/\"]}]},{\"@type\":\"BreadcrumbList\",\"@id\":\"https:\/\/www.vulkan-nova.hr\/usluge\/usluge-strojne-obrade\/#breadcrumb\",\"itemListElement\":[{\"@type\":\"ListItem\",\"position\":1,\"name\":\"Po\u010detna stranica\",\"item\":\"https:\/\/www.vulkan-nova.hr\/\"},{\"@type\":\"ListItem\",\"position\":2,\"name\":\"Usluge\",\"item\":\"https:\/\/www.vulkan-nova.hr\/usluge\/\"},{\"@type\":\"ListItem\",\"position\":3,\"name\":\"Usluge strojne obrade\"}]},{\"@type\":\"WebSite\",\"@id\":\"https:\/\/www.vulkan-nova.hr\/hr\/#website\",\"url\":\"https:\/\/www.vulkan-nova.hr\/hr\/\",\"name\":\"Vulkan-Nova\",\"description\":\"Tvornica dizalica i brodske opreme\",\"potentialAction\":[{\"@type\":\"SearchAction\",\"target\":{\"@type\":\"EntryPoint\",\"urlTemplate\":\"https:\/\/www.vulkan-nova.hr\/hr\/?s={search_term_string}\"},\"query-input\":\"required name=search_term_string\"}],\"inLanguage\":\"hr\"}]}<\/script>\n<!-- \/ Yoast SEO plugin. -->","yoast_head_json":{"title":"[:hr]Usluge strojne obrade[:en]Machining services[:] - Vulkan-Nova","robots":{"index":"index","follow":"follow","max-snippet":"max-snippet:-1","max-image-preview":"max-image-preview:large","max-video-preview":"max-video-preview:-1"},"canonical":"https:\/\/www.vulkan-nova.hr\/usluge\/usluge-strojne-obrade\/","og_locale":"hr_HR","og_type":"article","og_title":"[:hr]Usluge strojne obrade[:en]Machining services[:] - Vulkan-Nova","og_description":"[vc_row css=&#8221;.vc_custom_1478860744127{margin-top: -20px !important;margin-bottom: 30px !important;}&#8221;][vc_column width=&#8221;1\/6&#8243;][\/vc_column][vc_column width=&#8221;4\/6&#8243;][vc_column_text] Mogu\u0107nosti strojne obrade na\u0161eg pogona su raznolike, a izme\u0111u ostalog mo\u017eemo obaviti strojnu obradu vertikalnog tokarenja cilindri\u010dnih dijelova najve\u0107eg promjera 3,2 m visine 1,4 m, vertikalno glodanje pozicija duljine 3,3 x 1,5 &hellip;","og_url":"https:\/\/www.vulkan-nova.hr\/usluge\/usluge-strojne-obrade\/","og_site_name":"Vulkan-Nova","article_modified_time":"2018-01-22T12:26:14+00:00","twitter_card":"summary_large_image","twitter_misc":{"Procijenjeno vrijeme \u010ditanja":"3 minute"},"schema":{"@context":"https:\/\/schema.org","@graph":[{"@type":"WebPage","@id":"https:\/\/www.vulkan-nova.hr\/usluge\/usluge-strojne-obrade\/","url":"https:\/\/www.vulkan-nova.hr\/usluge\/usluge-strojne-obrade\/","name":"[:hr]Usluge strojne obrade[:en]Machining services[:] - Vulkan-Nova","isPartOf":{"@id":"https:\/\/www.vulkan-nova.hr\/hr\/#website"},"datePublished":"2017-03-21T07:35:43+00:00","dateModified":"2018-01-22T12:26:14+00:00","breadcrumb":{"@id":"https:\/\/www.vulkan-nova.hr\/usluge\/usluge-strojne-obrade\/#breadcrumb"},"inLanguage":"hr","potentialAction":[{"@type":"ReadAction","target":["https:\/\/www.vulkan-nova.hr\/usluge\/usluge-strojne-obrade\/"]}]},{"@type":"BreadcrumbList","@id":"https:\/\/www.vulkan-nova.hr\/usluge\/usluge-strojne-obrade\/#breadcrumb","itemListElement":[{"@type":"ListItem","position":1,"name":"Po\u010detna stranica","item":"https:\/\/www.vulkan-nova.hr\/"},{"@type":"ListItem","position":2,"name":"Usluge","item":"https:\/\/www.vulkan-nova.hr\/usluge\/"},{"@type":"ListItem","position":3,"name":"Usluge strojne obrade"}]},{"@type":"WebSite","@id":"https:\/\/www.vulkan-nova.hr\/hr\/#website","url":"https:\/\/www.vulkan-nova.hr\/hr\/","name":"Vulkan-Nova","description":"Tvornica dizalica i brodske opreme","potentialAction":[{"@type":"SearchAction","target":{"@type":"EntryPoint","urlTemplate":"https:\/\/www.vulkan-nova.hr\/hr\/?s={search_term_string}"},"query-input":"required name=search_term_string"}],"inLanguage":"hr"}]}},"_links":{"self":[{"href":"https:\/\/www.vulkan-nova.hr\/hr\/wp-json\/wp\/v2\/pages\/2899"}],"collection":[{"href":"https:\/\/www.vulkan-nova.hr\/hr\/wp-json\/wp\/v2\/pages"}],"about":[{"href":"https:\/\/www.vulkan-nova.hr\/hr\/wp-json\/wp\/v2\/types\/page"}],"author":[{"embeddable":true,"href":"https:\/\/www.vulkan-nova.hr\/hr\/wp-json\/wp\/v2\/users\/1"}],"replies":[{"embeddable":true,"href":"https:\/\/www.vulkan-nova.hr\/hr\/wp-json\/wp\/v2\/comments?post=2899"}],"version-history":[{"count":4,"href":"https:\/\/www.vulkan-nova.hr\/hr\/wp-json\/wp\/v2\/pages\/2899\/revisions"}],"predecessor-version":[{"id":3215,"href":"https:\/\/www.vulkan-nova.hr\/hr\/wp-json\/wp\/v2\/pages\/2899\/revisions\/3215"}],"up":[{"embeddable":true,"href":"https:\/\/www.vulkan-nova.hr\/hr\/wp-json\/wp\/v2\/pages\/1436"}],"wp:attachment":[{"href":"https:\/\/www.vulkan-nova.hr\/hr\/wp-json\/wp\/v2\/media?parent=2899"}],"curies":[{"name":"wp","href":"https:\/\/api.w.org\/{rel}","templated":true}]}}