{"id":2852,"date":"2017-03-20T12:04:28","date_gmt":"2017-03-20T12:04:28","guid":{"rendered":"http:\/\/www.vulkan-nova.hr\/?page_id=2852"},"modified":"2018-01-22T12:05:40","modified_gmt":"2018-01-22T12:05:40","slug":"skretni-valjci","status":"publish","type":"page","link":"https:\/\/www.vulkan-nova.hr\/hr\/proizvodi\/skretni-valjci\/","title":{"rendered":"Skretni valjci"},"content":{"rendered":"<p>[vc_row][vc_column][vc_custom_heading text=&#8221;Skretni valjci&#8221; use_theme_fonts=&#8221;yes&#8221; el_class=&#8221;title&#8221;][vc_column_text]Skretni valjci Vulkanove proizvodnje dizajnirani su i proizvedeni da zadovolje sve tehni\u010dke i funkcionalne zahtjeve korisnika i mjerodavnih standarda. Ku\u010di\u0161ta su izra\u0111ena zavarivanjem od konstrukcionog \u010delika, dok su valjci izra\u0111eni od \u010deli\u010dnog lijeva. Osovine su od \u010delika pove\u0107ane \u010dvrsto\u0107e.<\/p>\n<p>Izra\u0111uju se prema me\u0111unarodno priznatim standardima, kao \u0161to su DIN 81907, NS 2505, SB, te prema specijalnom zahtjevu korisnika.<\/p>\n<p>Nosivost: za prekidnu silu u\u017eeta do 1000 kN (SWL 1000 kN).[\/vc_column_text][\/vc_column][\/vc_row][vc_row css=&#8221;.vc_custom_1453450201221{margin-bottom: 15px !important;}&#8221;][vc_column]<div class=\"gallery-fs\"><figure><img decoding=\"async\" src=\"https:\/\/www.vulkan-nova.hr\/wp-content\/uploads\/2017\/03\/skretni-valjci-vulkan-nova-5.jpg\" alt=\"skretni-valjci-vulkan-nova\"><figcaption>Skretni valjci<\/figcaption><\/figure><div class=\"gallery-fs-nav\"><button class=\"gallery-fs-fullscreen\"><i class=\"fa fa-arrows-alt\"><\/i><\/button><\/div><div class=\"gallery-fs-thumbnails gallery-fs-thumbnails-col-5 owl-carousel\"><a href='https:\/\/www.vulkan-nova.hr\/wp-content\/uploads\/2017\/03\/skretni-valjci-vulkan-nova-5.jpg' data-caption='Skretni valjci' title='Skretni valjci' class=\"selected\"><img loading=\"lazy\" decoding=\"async\" width=\"280\" height=\"210\" src=\"https:\/\/www.vulkan-nova.hr\/wp-content\/uploads\/2017\/03\/skretni-valjci-vulkan-nova-5-280x210.jpg\" class=\"attachment-anps-gallery-thumb size-anps-gallery-thumb\" alt=\"skretni-valjci-vulkan-nova\" \/><\/a><a href='https:\/\/www.vulkan-nova.hr\/wp-content\/uploads\/2017\/03\/skretni-valjci-vulkan-nova-4.jpg' data-caption='Skretni valjci' title='Skretni valjci'><img loading=\"lazy\" decoding=\"async\" width=\"280\" height=\"210\" src=\"https:\/\/www.vulkan-nova.hr\/wp-content\/uploads\/2017\/03\/skretni-valjci-vulkan-nova-4-280x210.jpg\" class=\"attachment-anps-gallery-thumb size-anps-gallery-thumb\" alt=\"skretni-valjci-vulkan-nova\" \/><\/a><a href='https:\/\/www.vulkan-nova.hr\/wp-content\/uploads\/2017\/03\/skretni-valjci-vulkan-nova-1.jpg' data-caption='Skretni valjci' title='Skretni valjci'><img loading=\"lazy\" decoding=\"async\" width=\"280\" height=\"210\" src=\"https:\/\/www.vulkan-nova.hr\/wp-content\/uploads\/2017\/03\/skretni-valjci-vulkan-nova-1-280x210.jpg\" class=\"attachment-anps-gallery-thumb size-anps-gallery-thumb\" alt=\"skretni-valjci-vulkan-nova\" \/><\/a><a href='https:\/\/www.vulkan-nova.hr\/wp-content\/uploads\/2017\/03\/skretni-valjci-vulkan-nova-2.jpg' data-caption='Skretni valjci' title='Skretni valjci'><img loading=\"lazy\" decoding=\"async\" width=\"280\" height=\"210\" src=\"https:\/\/www.vulkan-nova.hr\/wp-content\/uploads\/2017\/03\/skretni-valjci-vulkan-nova-2-280x210.jpg\" class=\"attachment-anps-gallery-thumb size-anps-gallery-thumb\" alt=\"skretni-valjci-vulkan-nova\" \/><\/a><a href='https:\/\/www.vulkan-nova.hr\/wp-content\/uploads\/2017\/03\/skretni-valjci-vulkan-nova-3.jpg' data-caption='Skretni valjci' title='Skretni valjci'><img loading=\"lazy\" decoding=\"async\" width=\"280\" height=\"210\" src=\"https:\/\/www.vulkan-nova.hr\/wp-content\/uploads\/2017\/03\/skretni-valjci-vulkan-nova-3-280x210.jpg\" class=\"attachment-anps-gallery-thumb size-anps-gallery-thumb\" alt=\"skretni-valjci-vulkan-nova\" \/><\/a><\/div><\/div>[\/vc_column][\/vc_row]<\/p>","protected":false},"excerpt":{"rendered":"<p>[vc_row][vc_column][vc_custom_heading text=&#8221;Skretni valjci&#8221; use_theme_fonts=&#8221;yes&#8221; el_class=&#8221;title&#8221;][vc_column_text]Skretni valjci Vulkanove proizvodnje dizajnirani su i proizvedeni da zadovolje sve tehni\u010dke i funkcionalne zahtjeve korisnika i mjerodavnih standarda. Ku\u010di\u0161ta su izra\u0111ena zavarivanjem od konstrukcionog \u010delika, dok su valjci izra\u0111eni od \u010deli\u010dnog lijeva. Osovine su od &hellip;<\/p>\n","protected":false},"author":1,"featured_media":2469,"parent":2477,"menu_order":0,"comment_status":"closed","ping_status":"closed","template":"","meta":{"footnotes":""},"yoast_head":"<!-- This site is optimized with the Yoast SEO plugin v21.8 - https:\/\/yoast.com\/wordpress\/plugins\/seo\/ -->\n<title>Skretni valjci - Vulkan-Nova<\/title>\n<meta name=\"robots\" content=\"index, follow, max-snippet:-1, max-image-preview:large, max-video-preview:-1\" \/>\n<link rel=\"canonical\" href=\"https:\/\/www.vulkan-nova.hr\/proizvodi\/skretni-valjci\/\" \/>\n<meta property=\"og:locale\" content=\"hr_HR\" \/>\n<meta property=\"og:type\" content=\"article\" \/>\n<meta property=\"og:title\" content=\"[:hr]Skretni valjci[:en]Guide rollers[:] - Vulkan-Nova\" \/>\n<meta property=\"og:description\" content=\"[vc_row][vc_column][vc_custom_heading text=&#8221;Skretni valjci&#8221; use_theme_fonts=&#8221;yes&#8221; el_class=&#8221;title&#8221;][vc_column_text]Skretni valjci Vulkanove proizvodnje dizajnirani su i proizvedeni da zadovolje sve tehni\u010dke i funkcionalne zahtjeve korisnika i mjerodavnih standarda. Ku\u010di\u0161ta su izra\u0111ena zavarivanjem od konstrukcionog \u010delika, dok su valjci izra\u0111eni od \u010deli\u010dnog lijeva. Osovine su od &hellip;\" \/>\n<meta property=\"og:url\" content=\"https:\/\/www.vulkan-nova.hr\/proizvodi\/skretni-valjci\/\" \/>\n<meta property=\"og:site_name\" content=\"Vulkan-Nova\" \/>\n<meta property=\"article:modified_time\" content=\"2018-01-22T12:05:40+00:00\" \/>\n<meta property=\"og:image\" content=\"https:\/\/www.vulkan-nova.hr\/wp-content\/uploads\/2016\/01\/sidreno-pritezna-vitla-vulkan-nova-h.jpg\" \/>\n\t<meta property=\"og:image:width\" content=\"1920\" \/>\n\t<meta property=\"og:image:height\" content=\"300\" \/>\n\t<meta property=\"og:image:type\" content=\"image\/jpeg\" \/>\n<meta name=\"twitter:card\" content=\"summary_large_image\" \/>\n<meta name=\"twitter:label1\" content=\"Procijenjeno vrijeme \u010ditanja\" \/>\n\t<meta name=\"twitter:data1\" content=\"1 minuta\" \/>\n<script type=\"application\/ld+json\" class=\"yoast-schema-graph\">{\"@context\":\"https:\/\/schema.org\",\"@graph\":[{\"@type\":\"WebPage\",\"@id\":\"https:\/\/www.vulkan-nova.hr\/proizvodi\/skretni-valjci\/\",\"url\":\"https:\/\/www.vulkan-nova.hr\/proizvodi\/skretni-valjci\/\",\"name\":\"[:hr]Skretni valjci[:en]Guide rollers[:] - Vulkan-Nova\",\"isPartOf\":{\"@id\":\"https:\/\/www.vulkan-nova.hr\/hr\/#website\"},\"datePublished\":\"2017-03-20T12:04:28+00:00\",\"dateModified\":\"2018-01-22T12:05:40+00:00\",\"breadcrumb\":{\"@id\":\"https:\/\/www.vulkan-nova.hr\/proizvodi\/skretni-valjci\/#breadcrumb\"},\"inLanguage\":\"hr\",\"potentialAction\":[{\"@type\":\"ReadAction\",\"target\":[\"https:\/\/www.vulkan-nova.hr\/proizvodi\/skretni-valjci\/\"]}]},{\"@type\":\"BreadcrumbList\",\"@id\":\"https:\/\/www.vulkan-nova.hr\/proizvodi\/skretni-valjci\/#breadcrumb\",\"itemListElement\":[{\"@type\":\"ListItem\",\"position\":1,\"name\":\"Po\u010detna stranica\",\"item\":\"https:\/\/www.vulkan-nova.hr\/\"},{\"@type\":\"ListItem\",\"position\":2,\"name\":\"Proizvodi\",\"item\":\"https:\/\/www.vulkan-nova.hr\/proizvodi\/\"},{\"@type\":\"ListItem\",\"position\":3,\"name\":\"Skretni valjci\"}]},{\"@type\":\"WebSite\",\"@id\":\"https:\/\/www.vulkan-nova.hr\/hr\/#website\",\"url\":\"https:\/\/www.vulkan-nova.hr\/hr\/\",\"name\":\"Vulkan-Nova\",\"description\":\"Tvornica dizalica i brodske opreme\",\"potentialAction\":[{\"@type\":\"SearchAction\",\"target\":{\"@type\":\"EntryPoint\",\"urlTemplate\":\"https:\/\/www.vulkan-nova.hr\/hr\/?s={search_term_string}\"},\"query-input\":\"required name=search_term_string\"}],\"inLanguage\":\"hr\"}]}<\/script>\n<!-- \/ Yoast SEO plugin. -->","yoast_head_json":{"title":"[:hr]Skretni valjci[:en]Guide rollers[:] - Vulkan-Nova","robots":{"index":"index","follow":"follow","max-snippet":"max-snippet:-1","max-image-preview":"max-image-preview:large","max-video-preview":"max-video-preview:-1"},"canonical":"https:\/\/www.vulkan-nova.hr\/proizvodi\/skretni-valjci\/","og_locale":"hr_HR","og_type":"article","og_title":"[:hr]Skretni valjci[:en]Guide rollers[:] - Vulkan-Nova","og_description":"[vc_row][vc_column][vc_custom_heading text=&#8221;Skretni valjci&#8221; use_theme_fonts=&#8221;yes&#8221; el_class=&#8221;title&#8221;][vc_column_text]Skretni valjci Vulkanove proizvodnje dizajnirani su i proizvedeni da zadovolje sve tehni\u010dke i funkcionalne zahtjeve korisnika i mjerodavnih standarda. Ku\u010di\u0161ta su izra\u0111ena zavarivanjem od konstrukcionog \u010delika, dok su valjci izra\u0111eni od \u010deli\u010dnog lijeva. Osovine su od &hellip;","og_url":"https:\/\/www.vulkan-nova.hr\/proizvodi\/skretni-valjci\/","og_site_name":"Vulkan-Nova","article_modified_time":"2018-01-22T12:05:40+00:00","og_image":[{"width":1920,"height":300,"url":"https:\/\/www.vulkan-nova.hr\/wp-content\/uploads\/2016\/01\/sidreno-pritezna-vitla-vulkan-nova-h.jpg","type":"image\/jpeg"}],"twitter_card":"summary_large_image","twitter_misc":{"Procijenjeno vrijeme \u010ditanja":"1 minuta"},"schema":{"@context":"https:\/\/schema.org","@graph":[{"@type":"WebPage","@id":"https:\/\/www.vulkan-nova.hr\/proizvodi\/skretni-valjci\/","url":"https:\/\/www.vulkan-nova.hr\/proizvodi\/skretni-valjci\/","name":"[:hr]Skretni valjci[:en]Guide rollers[:] - Vulkan-Nova","isPartOf":{"@id":"https:\/\/www.vulkan-nova.hr\/hr\/#website"},"datePublished":"2017-03-20T12:04:28+00:00","dateModified":"2018-01-22T12:05:40+00:00","breadcrumb":{"@id":"https:\/\/www.vulkan-nova.hr\/proizvodi\/skretni-valjci\/#breadcrumb"},"inLanguage":"hr","potentialAction":[{"@type":"ReadAction","target":["https:\/\/www.vulkan-nova.hr\/proizvodi\/skretni-valjci\/"]}]},{"@type":"BreadcrumbList","@id":"https:\/\/www.vulkan-nova.hr\/proizvodi\/skretni-valjci\/#breadcrumb","itemListElement":[{"@type":"ListItem","position":1,"name":"Po\u010detna stranica","item":"https:\/\/www.vulkan-nova.hr\/"},{"@type":"ListItem","position":2,"name":"Proizvodi","item":"https:\/\/www.vulkan-nova.hr\/proizvodi\/"},{"@type":"ListItem","position":3,"name":"Skretni valjci"}]},{"@type":"WebSite","@id":"https:\/\/www.vulkan-nova.hr\/hr\/#website","url":"https:\/\/www.vulkan-nova.hr\/hr\/","name":"Vulkan-Nova","description":"Tvornica dizalica i brodske opreme","potentialAction":[{"@type":"SearchAction","target":{"@type":"EntryPoint","urlTemplate":"https:\/\/www.vulkan-nova.hr\/hr\/?s={search_term_string}"},"query-input":"required name=search_term_string"}],"inLanguage":"hr"}]}},"_links":{"self":[{"href":"https:\/\/www.vulkan-nova.hr\/hr\/wp-json\/wp\/v2\/pages\/2852"}],"collection":[{"href":"https:\/\/www.vulkan-nova.hr\/hr\/wp-json\/wp\/v2\/pages"}],"about":[{"href":"https:\/\/www.vulkan-nova.hr\/hr\/wp-json\/wp\/v2\/types\/page"}],"author":[{"embeddable":true,"href":"https:\/\/www.vulkan-nova.hr\/hr\/wp-json\/wp\/v2\/users\/1"}],"replies":[{"embeddable":true,"href":"https:\/\/www.vulkan-nova.hr\/hr\/wp-json\/wp\/v2\/comments?post=2852"}],"version-history":[{"count":5,"href":"https:\/\/www.vulkan-nova.hr\/hr\/wp-json\/wp\/v2\/pages\/2852\/revisions"}],"predecessor-version":[{"id":3212,"href":"https:\/\/www.vulkan-nova.hr\/hr\/wp-json\/wp\/v2\/pages\/2852\/revisions\/3212"}],"up":[{"embeddable":true,"href":"https:\/\/www.vulkan-nova.hr\/hr\/wp-json\/wp\/v2\/pages\/2477"}],"wp:featuredmedia":[{"embeddable":true,"href":"https:\/\/www.vulkan-nova.hr\/hr\/wp-json\/wp\/v2\/media\/2469"}],"wp:attachment":[{"href":"https:\/\/www.vulkan-nova.hr\/hr\/wp-json\/wp\/v2\/media?parent=2852"}],"curies":[{"name":"wp","href":"https:\/\/api.w.org\/{rel}","templated":true}]}}