{"id":2709,"date":"2017-02-17T07:51:26","date_gmt":"2017-02-17T07:51:26","guid":{"rendered":"http:\/\/www.vulkan-nova.hr\/?page_id=2709"},"modified":"2026-02-09T15:41:03","modified_gmt":"2026-02-09T15:41:03","slug":"sustav-kvalitete","status":"publish","type":"page","link":"https:\/\/www.vulkan-nova.hr\/hr\/sustav-kvalitete\/","title":{"rendered":"Sustav kvalitete"},"content":{"rendered":"<p>[vc_row css=&#8221;.vc_custom_1460122496361{margin-bottom: 30px !important;}&#8221;][vc_column width=&#8221;1\/2&#8243;][vc_custom_heading text=&#8221;Sustav kvalitete&#8221; use_theme_fonts=&#8221;yes&#8221; el_class=&#8221;title&#8221;][vc_single_image image=&#8221;3707&#8243; img_size=&#8221;full&#8221; alignment=&#8221;center&#8221;][vc_empty_space height=&#8221;30px&#8221; css=&#8221;.vc_custom_1490104412647{margin-top: -20px !important;}&#8221;][vc_column_text css_animation=&#8221;bottom-to-top&#8221;]<span class=\"dropcap\">U<\/span><\/p>\n<p style=\"text-align: left;\">smjerenost prema potrebama i zadovoljstvu na\u0161ih kupaca na\u0161im proizvodima i uslugama temeljne su odrednice na\u0161eg dru\u0161tva.<\/p>\n<p>Primjena sustava upravljanja kvalitetom HRN EN ISO 9001:2015 poma\u017ee nam da na\u0161e kupce u\u010dinimo jo\u0161 zadovoljnijima, da stalno unapre\u0111ujemo poslovne procese i uvijek ispunimo \u017eelje na\u0161ih kupaca.[\/vc_column_text][vc_single_image image=&#8221;3706&#8243; img_size=&#8221;400&#215;365&#8243; alignment=&#8221;center&#8221;][vc_empty_space height=&#8221;30px&#8221; css=&#8221;.vc_custom_1490104420498{margin-top: -20px !important;}&#8221;][\/vc_column][vc_column width=&#8221;1\/2&#8243;][vc_single_image image=&#8221;3786&#8243; img_size=&#8221;full&#8221; alignment=&#8221;center&#8221; onclick=&#8221;link_image&#8221; css_animation=&#8221;right-to-left&#8221;][\/vc_column][\/vc_row][vc_row full_width=&#8221;stretch_row&#8221; el_class=&#8221;no-bottom-padding-row&#8221; css=&#8221;.vc_custom_1478606193090{background-color: #4d95da !important;}&#8221;][vc_column css=&#8221;.vc_custom_1453297044468{padding-top: 0px !important;}&#8221;]<div class=\"download\"><div class='download-content text-uppercase' style='color: #fff'><i class='fa fa fa-file-pdf-o'><\/i> PREUZMITE PROMO KATALOG NA\u0160IH PROIZVODA<\/div><a target='_self' href='http:\/\/www.vulkan-nova.hr\/wp-content\/uploads\/2017\/03\/MOORING-EQUIPMENT.pdf' class='btn btn-md btn-dark btn-shadow'><i class='fa fa fa-cloud-download'><\/i> Download<\/a><\/div>[\/vc_column][\/vc_row]<\/p>","protected":false},"excerpt":{"rendered":"<p>[vc_row css=&#8221;.vc_custom_1460122496361{margin-bottom: 30px !important;}&#8221;][vc_column width=&#8221;1\/2&#8243;][vc_custom_heading text=&#8221;Sustav kvalitete&#8221; use_theme_fonts=&#8221;yes&#8221; el_class=&#8221;title&#8221;][vc_single_image image=&#8221;3707&#8243; img_size=&#8221;full&#8221; alignment=&#8221;center&#8221;][vc_empty_space height=&#8221;30px&#8221; css=&#8221;.vc_custom_1490104412647{margin-top: -20px !important;}&#8221;][vc_column_text css_animation=&#8221;bottom-to-top&#8221;]U smjerenost prema potrebama i zadovoljstvu na\u0161ih kupaca na\u0161im proizvodima i uslugama temeljne su odrednice na\u0161eg dru\u0161tva. Primjena sustava upravljanja kvalitetom HRN EN ISO &hellip;<\/p>\n","protected":false},"author":1,"featured_media":0,"parent":0,"menu_order":0,"comment_status":"closed","ping_status":"closed","template":"","meta":{"footnotes":""},"yoast_head":"<!-- This site is optimized with the Yoast SEO plugin v21.8 - https:\/\/yoast.com\/wordpress\/plugins\/seo\/ -->\n<title>Sustav kvalitete - Vulkan-Nova<\/title>\n<meta name=\"robots\" content=\"index, follow, max-snippet:-1, max-image-preview:large, max-video-preview:-1\" \/>\n<link rel=\"canonical\" href=\"https:\/\/www.vulkan-nova.hr\/sustav-kvalitete\/\" \/>\n<meta property=\"og:locale\" content=\"hr_HR\" \/>\n<meta property=\"og:type\" content=\"article\" \/>\n<meta property=\"og:title\" content=\"[:hr]Sustav kvalitete[:en]Quality system[:] - Vulkan-Nova\" \/>\n<meta property=\"og:description\" content=\"[vc_row css=&#8221;.vc_custom_1460122496361{margin-bottom: 30px !important;}&#8221;][vc_column width=&#8221;1\/2&#8243;][vc_custom_heading text=&#8221;Sustav kvalitete&#8221; use_theme_fonts=&#8221;yes&#8221; el_class=&#8221;title&#8221;][vc_single_image image=&#8221;3707&#8243; img_size=&#8221;full&#8221; alignment=&#8221;center&#8221;][vc_empty_space height=&#8221;30px&#8221; css=&#8221;.vc_custom_1490104412647{margin-top: -20px !important;}&#8221;][vc_column_text css_animation=&#8221;bottom-to-top&#8221;]U smjerenost prema potrebama i zadovoljstvu na\u0161ih kupaca na\u0161im proizvodima i uslugama temeljne su odrednice na\u0161eg dru\u0161tva. Primjena sustava upravljanja kvalitetom HRN EN ISO &hellip;\" \/>\n<meta property=\"og:url\" content=\"https:\/\/www.vulkan-nova.hr\/sustav-kvalitete\/\" \/>\n<meta property=\"og:site_name\" content=\"Vulkan-Nova\" \/>\n<meta property=\"article:modified_time\" content=\"2026-02-09T15:41:03+00:00\" \/>\n<meta name=\"twitter:card\" content=\"summary_large_image\" \/>\n<meta name=\"twitter:label1\" content=\"Procijenjeno vrijeme \u010ditanja\" \/>\n\t<meta name=\"twitter:data1\" content=\"1 minuta\" \/>\n<script type=\"application\/ld+json\" class=\"yoast-schema-graph\">{\"@context\":\"https:\/\/schema.org\",\"@graph\":[{\"@type\":\"WebPage\",\"@id\":\"https:\/\/www.vulkan-nova.hr\/sustav-kvalitete\/\",\"url\":\"https:\/\/www.vulkan-nova.hr\/sustav-kvalitete\/\",\"name\":\"[:hr]Sustav kvalitete[:en]Quality system[:] - Vulkan-Nova\",\"isPartOf\":{\"@id\":\"https:\/\/www.vulkan-nova.hr\/hr\/#website\"},\"datePublished\":\"2017-02-17T07:51:26+00:00\",\"dateModified\":\"2026-02-09T15:41:03+00:00\",\"breadcrumb\":{\"@id\":\"https:\/\/www.vulkan-nova.hr\/sustav-kvalitete\/#breadcrumb\"},\"inLanguage\":\"hr\",\"potentialAction\":[{\"@type\":\"ReadAction\",\"target\":[\"https:\/\/www.vulkan-nova.hr\/sustav-kvalitete\/\"]}]},{\"@type\":\"BreadcrumbList\",\"@id\":\"https:\/\/www.vulkan-nova.hr\/sustav-kvalitete\/#breadcrumb\",\"itemListElement\":[{\"@type\":\"ListItem\",\"position\":1,\"name\":\"Po\u010detna stranica\",\"item\":\"https:\/\/www.vulkan-nova.hr\/\"},{\"@type\":\"ListItem\",\"position\":2,\"name\":\"Sustav kvalitete\"}]},{\"@type\":\"WebSite\",\"@id\":\"https:\/\/www.vulkan-nova.hr\/hr\/#website\",\"url\":\"https:\/\/www.vulkan-nova.hr\/hr\/\",\"name\":\"Vulkan-Nova\",\"description\":\"Tvornica dizalica i brodske opreme\",\"potentialAction\":[{\"@type\":\"SearchAction\",\"target\":{\"@type\":\"EntryPoint\",\"urlTemplate\":\"https:\/\/www.vulkan-nova.hr\/hr\/?s={search_term_string}\"},\"query-input\":\"required name=search_term_string\"}],\"inLanguage\":\"hr\"}]}<\/script>\n<!-- \/ Yoast SEO plugin. -->","yoast_head_json":{"title":"[:hr]Sustav kvalitete[:en]Quality system[:] - Vulkan-Nova","robots":{"index":"index","follow":"follow","max-snippet":"max-snippet:-1","max-image-preview":"max-image-preview:large","max-video-preview":"max-video-preview:-1"},"canonical":"https:\/\/www.vulkan-nova.hr\/sustav-kvalitete\/","og_locale":"hr_HR","og_type":"article","og_title":"[:hr]Sustav kvalitete[:en]Quality system[:] - Vulkan-Nova","og_description":"[vc_row css=&#8221;.vc_custom_1460122496361{margin-bottom: 30px !important;}&#8221;][vc_column width=&#8221;1\/2&#8243;][vc_custom_heading text=&#8221;Sustav kvalitete&#8221; use_theme_fonts=&#8221;yes&#8221; el_class=&#8221;title&#8221;][vc_single_image image=&#8221;3707&#8243; img_size=&#8221;full&#8221; alignment=&#8221;center&#8221;][vc_empty_space height=&#8221;30px&#8221; css=&#8221;.vc_custom_1490104412647{margin-top: -20px !important;}&#8221;][vc_column_text css_animation=&#8221;bottom-to-top&#8221;]U smjerenost prema potrebama i zadovoljstvu na\u0161ih kupaca na\u0161im proizvodima i uslugama temeljne su odrednice na\u0161eg dru\u0161tva. Primjena sustava upravljanja kvalitetom HRN EN ISO &hellip;","og_url":"https:\/\/www.vulkan-nova.hr\/sustav-kvalitete\/","og_site_name":"Vulkan-Nova","article_modified_time":"2026-02-09T15:41:03+00:00","twitter_card":"summary_large_image","twitter_misc":{"Procijenjeno vrijeme \u010ditanja":"1 minuta"},"schema":{"@context":"https:\/\/schema.org","@graph":[{"@type":"WebPage","@id":"https:\/\/www.vulkan-nova.hr\/sustav-kvalitete\/","url":"https:\/\/www.vulkan-nova.hr\/sustav-kvalitete\/","name":"[:hr]Sustav kvalitete[:en]Quality system[:] - Vulkan-Nova","isPartOf":{"@id":"https:\/\/www.vulkan-nova.hr\/hr\/#website"},"datePublished":"2017-02-17T07:51:26+00:00","dateModified":"2026-02-09T15:41:03+00:00","breadcrumb":{"@id":"https:\/\/www.vulkan-nova.hr\/sustav-kvalitete\/#breadcrumb"},"inLanguage":"hr","potentialAction":[{"@type":"ReadAction","target":["https:\/\/www.vulkan-nova.hr\/sustav-kvalitete\/"]}]},{"@type":"BreadcrumbList","@id":"https:\/\/www.vulkan-nova.hr\/sustav-kvalitete\/#breadcrumb","itemListElement":[{"@type":"ListItem","position":1,"name":"Po\u010detna stranica","item":"https:\/\/www.vulkan-nova.hr\/"},{"@type":"ListItem","position":2,"name":"Sustav kvalitete"}]},{"@type":"WebSite","@id":"https:\/\/www.vulkan-nova.hr\/hr\/#website","url":"https:\/\/www.vulkan-nova.hr\/hr\/","name":"Vulkan-Nova","description":"Tvornica dizalica i brodske opreme","potentialAction":[{"@type":"SearchAction","target":{"@type":"EntryPoint","urlTemplate":"https:\/\/www.vulkan-nova.hr\/hr\/?s={search_term_string}"},"query-input":"required name=search_term_string"}],"inLanguage":"hr"}]}},"_links":{"self":[{"href":"https:\/\/www.vulkan-nova.hr\/hr\/wp-json\/wp\/v2\/pages\/2709"}],"collection":[{"href":"https:\/\/www.vulkan-nova.hr\/hr\/wp-json\/wp\/v2\/pages"}],"about":[{"href":"https:\/\/www.vulkan-nova.hr\/hr\/wp-json\/wp\/v2\/types\/page"}],"author":[{"embeddable":true,"href":"https:\/\/www.vulkan-nova.hr\/hr\/wp-json\/wp\/v2\/users\/1"}],"replies":[{"embeddable":true,"href":"https:\/\/www.vulkan-nova.hr\/hr\/wp-json\/wp\/v2\/comments?post=2709"}],"version-history":[{"count":7,"href":"https:\/\/www.vulkan-nova.hr\/hr\/wp-json\/wp\/v2\/pages\/2709\/revisions"}],"predecessor-version":[{"id":3787,"href":"https:\/\/www.vulkan-nova.hr\/hr\/wp-json\/wp\/v2\/pages\/2709\/revisions\/3787"}],"wp:attachment":[{"href":"https:\/\/www.vulkan-nova.hr\/hr\/wp-json\/wp\/v2\/media?parent=2709"}],"curies":[{"name":"wp","href":"https:\/\/api.w.org\/{rel}","templated":true}]}}