{"id":2669,"date":"2016-12-19T09:28:09","date_gmt":"2016-12-19T09:28:09","guid":{"rendered":"http:\/\/www.vulkan-nova.hr\/?page_id=2669"},"modified":"2018-02-18T16:24:59","modified_gmt":"2018-02-18T16:24:59","slug":"portalne-dizalice","status":"publish","type":"page","link":"https:\/\/www.vulkan-nova.hr\/hr\/proizvodi\/portalne-dizalice\/","title":{"rendered":"Portalne dizalice"},"content":{"rendered":"<p>[vc_row][vc_column][vc_custom_heading text=&#8221;Portalne dizalice&#8221; use_theme_fonts=&#8221;yes&#8221; el_class=&#8221;title&#8221;][vc_column_text]Primjena portalnih dizalica naj\u010de\u0161\u0107a je na otvorenim i zatvorenim industrijskim pogonima, brodogradili\u0161tima, remontnim brodogradili\u0161tima, klesarijama, skladi\u0161timai, pilanama te prekrcajnim lukama. Izvedba portalnih dizalica mo\u017ee biti jednogredna ili dvogredna. Nosivost portalnih dizalica mo\u017eemo izvesti do 60t\u00a0\u00a0 i raspona do 30m. Upravljanje ovim dizalicama mo\u017ee biti iz pokretne i nepokretne kabine, daljinsko ili lokalno sa upravlja\u010dkim tipkalom ili sa upravlja\u010dkim pultom.[\/vc_column_text][vc_column_text]<span style=\"color: #333333;\">Pored standardnih izvedbi mo\u017eemo proizvesti i dizalice za posebne uvijete kao \u0161to su rafinerije, punionice plina, nuklearne centrale te ostale objekte koji zahtjevaju Ex-zahtjeve.<\/span>[\/vc_column_text][\/vc_column][\/vc_row][vc_row css=&#8221;.vc_custom_1453450201221{margin-bottom: 15px !important;}&#8221;][vc_column]<div class=\"gallery-fs\"><figure><img decoding=\"async\" src=\"https:\/\/www.vulkan-nova.hr\/wp-content\/uploads\/2016\/12\/portalna-dizalica-1.jpg\" alt=\"portalne-dizalice\"><figcaption>portalne-dizalice<\/figcaption><\/figure><div class=\"gallery-fs-nav\"><button class=\"gallery-fs-fullscreen\"><i class=\"fa fa-arrows-alt\"><\/i><\/button><\/div><div class=\"gallery-fs-thumbnails gallery-fs-thumbnails-col-5 owl-carousel\"><a href='https:\/\/www.vulkan-nova.hr\/wp-content\/uploads\/2016\/12\/portalna-dizalica-1.jpg' data-caption='portalne-dizalice' title='portalne-dizalice' class=\"selected\"><img loading=\"lazy\" decoding=\"async\" width=\"280\" height=\"210\" src=\"https:\/\/www.vulkan-nova.hr\/wp-content\/uploads\/2016\/12\/portalna-dizalica-1-280x210.jpg\" class=\"attachment-anps-gallery-thumb size-anps-gallery-thumb\" alt=\"portalne-dizalice\" \/><\/a><a href='https:\/\/www.vulkan-nova.hr\/wp-content\/uploads\/2016\/12\/portalna-dizalica-2.jpg' data-caption='portalne-dizalice' title='portalne-dizalice'><img loading=\"lazy\" decoding=\"async\" width=\"280\" height=\"210\" src=\"https:\/\/www.vulkan-nova.hr\/wp-content\/uploads\/2016\/12\/portalna-dizalica-2-280x210.jpg\" class=\"attachment-anps-gallery-thumb size-anps-gallery-thumb\" alt=\"portalne-dizalice\" srcset=\"https:\/\/www.vulkan-nova.hr\/wp-content\/uploads\/2016\/12\/portalna-dizalica-2-280x210.jpg 280w, https:\/\/www.vulkan-nova.hr\/wp-content\/uploads\/2016\/12\/portalna-dizalica-2-300x224.jpg 300w, https:\/\/www.vulkan-nova.hr\/wp-content\/uploads\/2016\/12\/portalna-dizalica-2-768x575.jpg 768w, https:\/\/www.vulkan-nova.hr\/wp-content\/uploads\/2016\/12\/portalna-dizalica-2.jpg 874w\" sizes=\"(max-width: 280px) 100vw, 280px\" \/><\/a><a href='https:\/\/www.vulkan-nova.hr\/wp-content\/uploads\/2016\/12\/portalna-dizalica-3.jpg' data-caption='portalne-dizalice' title='portalne-dizalice'><img loading=\"lazy\" decoding=\"async\" width=\"280\" height=\"210\" src=\"https:\/\/www.vulkan-nova.hr\/wp-content\/uploads\/2016\/12\/portalna-dizalica-3-280x210.jpg\" class=\"attachment-anps-gallery-thumb size-anps-gallery-thumb\" alt=\"portalne-dizalice\" \/><\/a><\/div><\/div>[\/vc_column][\/vc_row][vc_row css=&#8221;.vc_custom_1481722204005{padding-top: 50px !important;}&#8221;][vc_column]<div class='table-responsive'><table class='table table-striped table-bordered'><thead  class='bg-primary'><tr><th>Tehni\u010dke karakteristike<\/th><th><\/th><\/tr><\/thead><tbody><tr><td>Nosivost: <\/td><td>do 30t<\/td><\/tr><tr><td>  Raspon: <\/td><td>do 30m<\/td><\/tr><\/tbody><\/table><\/div>[\/vc_column][\/vc_row]<\/p>","protected":false},"excerpt":{"rendered":"<p>[vc_row][vc_column][vc_custom_heading text=&#8221;Portalne dizalice&#8221; use_theme_fonts=&#8221;yes&#8221; el_class=&#8221;title&#8221;][vc_column_text]Primjena portalnih dizalica naj\u010de\u0161\u0107a je na otvorenim i zatvorenim industrijskim pogonima, brodogradili\u0161tima, remontnim brodogradili\u0161tima, klesarijama, skladi\u0161timai, pilanama te prekrcajnim lukama. Izvedba portalnih dizalica mo\u017ee biti jednogredna ili dvogredna. Nosivost portalnih dizalica mo\u017eemo izvesti do 60t\u00a0\u00a0 i &hellip;<\/p>\n","protected":false},"author":1,"featured_media":2469,"parent":2477,"menu_order":0,"comment_status":"closed","ping_status":"closed","template":"","meta":{"footnotes":""},"yoast_head":"<!-- This site is optimized with the Yoast SEO plugin v21.8 - https:\/\/yoast.com\/wordpress\/plugins\/seo\/ -->\n<title>Portalne dizalice - Vulkan-Nova<\/title>\n<meta name=\"robots\" content=\"index, follow, max-snippet:-1, max-image-preview:large, max-video-preview:-1\" \/>\n<link rel=\"canonical\" href=\"https:\/\/www.vulkan-nova.hr\/proizvodi\/portalne-dizalice\/\" \/>\n<meta property=\"og:locale\" content=\"hr_HR\" \/>\n<meta property=\"og:type\" content=\"article\" \/>\n<meta property=\"og:title\" content=\"[:hr]Portalne dizalice[:en]Portal cranes[:] - Vulkan-Nova\" \/>\n<meta property=\"og:description\" content=\"[vc_row][vc_column][vc_custom_heading text=&#8221;Portalne dizalice&#8221; use_theme_fonts=&#8221;yes&#8221; el_class=&#8221;title&#8221;][vc_column_text]Primjena portalnih dizalica naj\u010de\u0161\u0107a je na otvorenim i zatvorenim industrijskim pogonima, brodogradili\u0161tima, remontnim brodogradili\u0161tima, klesarijama, skladi\u0161timai, pilanama te prekrcajnim lukama. Izvedba portalnih dizalica mo\u017ee biti jednogredna ili dvogredna. Nosivost portalnih dizalica mo\u017eemo izvesti do 60t\u00a0\u00a0 i &hellip;\" \/>\n<meta property=\"og:url\" content=\"https:\/\/www.vulkan-nova.hr\/proizvodi\/portalne-dizalice\/\" \/>\n<meta property=\"og:site_name\" content=\"Vulkan-Nova\" \/>\n<meta property=\"article:modified_time\" content=\"2018-02-18T16:24:59+00:00\" \/>\n<meta property=\"og:image\" content=\"https:\/\/www.vulkan-nova.hr\/wp-content\/uploads\/2016\/01\/sidreno-pritezna-vitla-vulkan-nova-h.jpg\" \/>\n\t<meta property=\"og:image:width\" content=\"1920\" \/>\n\t<meta property=\"og:image:height\" content=\"300\" \/>\n\t<meta property=\"og:image:type\" content=\"image\/jpeg\" \/>\n<meta name=\"twitter:card\" content=\"summary_large_image\" \/>\n<meta name=\"twitter:label1\" content=\"Procijenjeno vrijeme \u010ditanja\" \/>\n\t<meta name=\"twitter:data1\" content=\"2 minute\" \/>\n<script type=\"application\/ld+json\" class=\"yoast-schema-graph\">{\"@context\":\"https:\/\/schema.org\",\"@graph\":[{\"@type\":\"WebPage\",\"@id\":\"https:\/\/www.vulkan-nova.hr\/proizvodi\/portalne-dizalice\/\",\"url\":\"https:\/\/www.vulkan-nova.hr\/proizvodi\/portalne-dizalice\/\",\"name\":\"[:hr]Portalne dizalice[:en]Portal cranes[:] - Vulkan-Nova\",\"isPartOf\":{\"@id\":\"https:\/\/www.vulkan-nova.hr\/hr\/#website\"},\"datePublished\":\"2016-12-19T09:28:09+00:00\",\"dateModified\":\"2018-02-18T16:24:59+00:00\",\"breadcrumb\":{\"@id\":\"https:\/\/www.vulkan-nova.hr\/proizvodi\/portalne-dizalice\/#breadcrumb\"},\"inLanguage\":\"hr\",\"potentialAction\":[{\"@type\":\"ReadAction\",\"target\":[\"https:\/\/www.vulkan-nova.hr\/proizvodi\/portalne-dizalice\/\"]}]},{\"@type\":\"BreadcrumbList\",\"@id\":\"https:\/\/www.vulkan-nova.hr\/proizvodi\/portalne-dizalice\/#breadcrumb\",\"itemListElement\":[{\"@type\":\"ListItem\",\"position\":1,\"name\":\"Po\u010detna stranica\",\"item\":\"https:\/\/www.vulkan-nova.hr\/\"},{\"@type\":\"ListItem\",\"position\":2,\"name\":\"Proizvodi\",\"item\":\"https:\/\/www.vulkan-nova.hr\/proizvodi\/\"},{\"@type\":\"ListItem\",\"position\":3,\"name\":\"Portalne dizalice\"}]},{\"@type\":\"WebSite\",\"@id\":\"https:\/\/www.vulkan-nova.hr\/hr\/#website\",\"url\":\"https:\/\/www.vulkan-nova.hr\/hr\/\",\"name\":\"Vulkan-Nova\",\"description\":\"Tvornica dizalica i brodske opreme\",\"potentialAction\":[{\"@type\":\"SearchAction\",\"target\":{\"@type\":\"EntryPoint\",\"urlTemplate\":\"https:\/\/www.vulkan-nova.hr\/hr\/?s={search_term_string}\"},\"query-input\":\"required name=search_term_string\"}],\"inLanguage\":\"hr\"}]}<\/script>\n<!-- \/ Yoast SEO plugin. -->","yoast_head_json":{"title":"[:hr]Portalne dizalice[:en]Portal cranes[:] - Vulkan-Nova","robots":{"index":"index","follow":"follow","max-snippet":"max-snippet:-1","max-image-preview":"max-image-preview:large","max-video-preview":"max-video-preview:-1"},"canonical":"https:\/\/www.vulkan-nova.hr\/proizvodi\/portalne-dizalice\/","og_locale":"hr_HR","og_type":"article","og_title":"[:hr]Portalne dizalice[:en]Portal cranes[:] - Vulkan-Nova","og_description":"[vc_row][vc_column][vc_custom_heading text=&#8221;Portalne dizalice&#8221; use_theme_fonts=&#8221;yes&#8221; el_class=&#8221;title&#8221;][vc_column_text]Primjena portalnih dizalica naj\u010de\u0161\u0107a je na otvorenim i zatvorenim industrijskim pogonima, brodogradili\u0161tima, remontnim brodogradili\u0161tima, klesarijama, skladi\u0161timai, pilanama te prekrcajnim lukama. Izvedba portalnih dizalica mo\u017ee biti jednogredna ili dvogredna. Nosivost portalnih dizalica mo\u017eemo izvesti do 60t\u00a0\u00a0 i &hellip;","og_url":"https:\/\/www.vulkan-nova.hr\/proizvodi\/portalne-dizalice\/","og_site_name":"Vulkan-Nova","article_modified_time":"2018-02-18T16:24:59+00:00","og_image":[{"width":1920,"height":300,"url":"https:\/\/www.vulkan-nova.hr\/wp-content\/uploads\/2016\/01\/sidreno-pritezna-vitla-vulkan-nova-h.jpg","type":"image\/jpeg"}],"twitter_card":"summary_large_image","twitter_misc":{"Procijenjeno vrijeme \u010ditanja":"2 minute"},"schema":{"@context":"https:\/\/schema.org","@graph":[{"@type":"WebPage","@id":"https:\/\/www.vulkan-nova.hr\/proizvodi\/portalne-dizalice\/","url":"https:\/\/www.vulkan-nova.hr\/proizvodi\/portalne-dizalice\/","name":"[:hr]Portalne dizalice[:en]Portal cranes[:] - Vulkan-Nova","isPartOf":{"@id":"https:\/\/www.vulkan-nova.hr\/hr\/#website"},"datePublished":"2016-12-19T09:28:09+00:00","dateModified":"2018-02-18T16:24:59+00:00","breadcrumb":{"@id":"https:\/\/www.vulkan-nova.hr\/proizvodi\/portalne-dizalice\/#breadcrumb"},"inLanguage":"hr","potentialAction":[{"@type":"ReadAction","target":["https:\/\/www.vulkan-nova.hr\/proizvodi\/portalne-dizalice\/"]}]},{"@type":"BreadcrumbList","@id":"https:\/\/www.vulkan-nova.hr\/proizvodi\/portalne-dizalice\/#breadcrumb","itemListElement":[{"@type":"ListItem","position":1,"name":"Po\u010detna stranica","item":"https:\/\/www.vulkan-nova.hr\/"},{"@type":"ListItem","position":2,"name":"Proizvodi","item":"https:\/\/www.vulkan-nova.hr\/proizvodi\/"},{"@type":"ListItem","position":3,"name":"Portalne dizalice"}]},{"@type":"WebSite","@id":"https:\/\/www.vulkan-nova.hr\/hr\/#website","url":"https:\/\/www.vulkan-nova.hr\/hr\/","name":"Vulkan-Nova","description":"Tvornica dizalica i brodske opreme","potentialAction":[{"@type":"SearchAction","target":{"@type":"EntryPoint","urlTemplate":"https:\/\/www.vulkan-nova.hr\/hr\/?s={search_term_string}"},"query-input":"required name=search_term_string"}],"inLanguage":"hr"}]}},"_links":{"self":[{"href":"https:\/\/www.vulkan-nova.hr\/hr\/wp-json\/wp\/v2\/pages\/2669"}],"collection":[{"href":"https:\/\/www.vulkan-nova.hr\/hr\/wp-json\/wp\/v2\/pages"}],"about":[{"href":"https:\/\/www.vulkan-nova.hr\/hr\/wp-json\/wp\/v2\/types\/page"}],"author":[{"embeddable":true,"href":"https:\/\/www.vulkan-nova.hr\/hr\/wp-json\/wp\/v2\/users\/1"}],"replies":[{"embeddable":true,"href":"https:\/\/www.vulkan-nova.hr\/hr\/wp-json\/wp\/v2\/comments?post=2669"}],"version-history":[{"count":5,"href":"https:\/\/www.vulkan-nova.hr\/hr\/wp-json\/wp\/v2\/pages\/2669\/revisions"}],"predecessor-version":[{"id":3331,"href":"https:\/\/www.vulkan-nova.hr\/hr\/wp-json\/wp\/v2\/pages\/2669\/revisions\/3331"}],"up":[{"embeddable":true,"href":"https:\/\/www.vulkan-nova.hr\/hr\/wp-json\/wp\/v2\/pages\/2477"}],"wp:featuredmedia":[{"embeddable":true,"href":"https:\/\/www.vulkan-nova.hr\/hr\/wp-json\/wp\/v2\/media\/2469"}],"wp:attachment":[{"href":"https:\/\/www.vulkan-nova.hr\/hr\/wp-json\/wp\/v2\/media?parent=2669"}],"curies":[{"name":"wp","href":"https:\/\/api.w.org\/{rel}","templated":true}]}}