{"id":2667,"date":"2016-12-19T09:27:20","date_gmt":"2016-12-19T09:27:20","guid":{"rendered":"http:\/\/www.vulkan-nova.hr\/?page_id=2667"},"modified":"2018-01-22T09:51:20","modified_gmt":"2018-01-22T09:51:20","slug":"dizalice-za-marine","status":"publish","type":"page","link":"https:\/\/www.vulkan-nova.hr\/hr\/proizvodi\/dizalice-za-marine\/","title":{"rendered":"Dizalice za marine"},"content":{"rendered":"<p>[vc_row][vc_column][vc_custom_heading text=&#8221;Dizalice za marine&#8221; use_theme_fonts=&#8221;yes&#8221; el_class=&#8221;title&#8221;][vc_column_text]Dizalice za marine primjenjuju se za podizanje i spu\u0161tanje plovila u marinama i sportskim lukama.<\/p>\n<p>Nosivost ovih dizalica mo\u017eemo izvesti do 15t a dohvatni krak mo\u017ee biti do 6m stalni ili promjenjivi.<\/p>\n<p>Izvedba isto tako mo\u017ee biti sa jednim ili dva kraka.<\/p>\n<p>Sa svim navedenim dizalicama mo\u017ee se upravljati lokalno-upravlja\u010dkim tipkalom ili daljinskim upravljanjem.[\/vc_column_text][\/vc_column][\/vc_row][vc_row css=&#8221;.vc_custom_1453450201221{margin-bottom: 15px !important;}&#8221;][vc_column]<div class=\"gallery-fs\"><figure><img decoding=\"async\" src=\"https:\/\/www.vulkan-nova.hr\/wp-content\/uploads\/2016\/12\/dizalice-za-marine.jpg\" alt=\"dizalice-za-marine\"><figcaption>dizalice-za-marine<\/figcaption><\/figure><\/div>[\/vc_column][\/vc_row][vc_row css=&#8221;.vc_custom_1481722204005{padding-top: 50px !important;}&#8221;][vc_column]<div class='table-responsive'><table class='table table-striped table-bordered'><thead  class='bg-primary'><tr><th>Tehni\u010dke karakteristike<\/th><th>Dvokraka<\/th><\/tr><\/thead><tbody><\/tbody><\/table><\/div>[\/vc_column][\/vc_row][vc_row css=&#8221;.vc_custom_1453450201221{margin-bottom: 15px !important;}&#8221;][vc_column]<div class=\"gallery-fs\"><figure><img decoding=\"async\" src=\"https:\/\/www.vulkan-nova.hr\/wp-content\/uploads\/2016\/12\/Dvokraka-dizalica-za-marine.png\" alt=\"Dvokraka dizalica za marine\"><figcaption>Dvokraka dizalica za marine<\/figcaption><\/figure><\/div>[\/vc_column][\/vc_row][vc_row css=&#8221;.vc_custom_1453450201221{margin-bottom: 15px !important;}&#8221;][vc_column]<div class=\"gallery-fs\"><figure><img decoding=\"async\" src=\"https:\/\/www.vulkan-nova.hr\/wp-content\/uploads\/2016\/12\/jednokraka-dizalica-za-marine.jpg\" alt=\"jednokraka-dizalica-za-marine\"><figcaption>Jednokraka dizalica za marine<\/figcaption><\/figure><\/div>[\/vc_column][\/vc_row][vc_row css=&#8221;.vc_custom_1481722204005{padding-top: 50px !important;}&#8221;][vc_column]<div class='table-responsive'><table class='table table-striped table-bordered'><thead  class='bg-primary'><tr><th>Tehni\u010dke karakteristike<\/th><th>JEDNOKRAKA<\/th><\/tr><\/thead><tbody><\/tbody><\/table><\/div>[\/vc_column][\/vc_row][vc_row css=&#8221;.vc_custom_1453450201221{margin-bottom: 15px !important;}&#8221;][vc_column]<div class=\"gallery-fs\"><figure><img decoding=\"async\" src=\"https:\/\/www.vulkan-nova.hr\/wp-content\/uploads\/2016\/12\/Jednokraka-dizalica-za-marine.png\" alt=\"Jednokraka dizalica za marine\"><figcaption>Jednokraka dizalica za marine<\/figcaption><\/figure><\/div>[\/vc_column][\/vc_row]<\/p>","protected":false},"excerpt":{"rendered":"<p>[vc_row][vc_column][vc_custom_heading text=&#8221;Dizalice za marine&#8221; use_theme_fonts=&#8221;yes&#8221; el_class=&#8221;title&#8221;][vc_column_text]Dizalice za marine primjenjuju se za podizanje i spu\u0161tanje plovila u marinama i sportskim lukama. Nosivost ovih dizalica mo\u017eemo izvesti do 15t a dohvatni krak mo\u017ee biti do 6m stalni ili promjenjivi. Izvedba isto tako &hellip;<\/p>\n","protected":false},"author":1,"featured_media":2469,"parent":2477,"menu_order":0,"comment_status":"closed","ping_status":"closed","template":"","meta":{"footnotes":""},"yoast_head":"<!-- This site is optimized with the Yoast SEO plugin v21.8 - https:\/\/yoast.com\/wordpress\/plugins\/seo\/ -->\n<title>Dizalice za marine - Vulkan-Nova<\/title>\n<meta name=\"robots\" content=\"index, follow, max-snippet:-1, max-image-preview:large, max-video-preview:-1\" \/>\n<link rel=\"canonical\" href=\"https:\/\/www.vulkan-nova.hr\/proizvodi\/dizalice-za-marine\/\" \/>\n<meta property=\"og:locale\" content=\"hr_HR\" \/>\n<meta property=\"og:type\" content=\"article\" \/>\n<meta property=\"og:title\" content=\"[:hr]Dizalice za marine[:en]Cranes for marinas[:] - Vulkan-Nova\" \/>\n<meta property=\"og:description\" content=\"[vc_row][vc_column][vc_custom_heading text=&#8221;Dizalice za marine&#8221; use_theme_fonts=&#8221;yes&#8221; el_class=&#8221;title&#8221;][vc_column_text]Dizalice za marine primjenjuju se za podizanje i spu\u0161tanje plovila u marinama i sportskim lukama. Nosivost ovih dizalica mo\u017eemo izvesti do 15t a dohvatni krak mo\u017ee biti do 6m stalni ili promjenjivi. Izvedba isto tako &hellip;\" \/>\n<meta property=\"og:url\" content=\"https:\/\/www.vulkan-nova.hr\/proizvodi\/dizalice-za-marine\/\" \/>\n<meta property=\"og:site_name\" content=\"Vulkan-Nova\" \/>\n<meta property=\"article:modified_time\" content=\"2018-01-22T09:51:20+00:00\" \/>\n<meta property=\"og:image\" content=\"https:\/\/www.vulkan-nova.hr\/wp-content\/uploads\/2016\/01\/sidreno-pritezna-vitla-vulkan-nova-h.jpg\" \/>\n\t<meta property=\"og:image:width\" content=\"1920\" \/>\n\t<meta property=\"og:image:height\" content=\"300\" \/>\n\t<meta property=\"og:image:type\" content=\"image\/jpeg\" \/>\n<meta name=\"twitter:card\" content=\"summary_large_image\" \/>\n<meta name=\"twitter:label1\" content=\"Procijenjeno vrijeme \u010ditanja\" \/>\n\t<meta name=\"twitter:data1\" content=\"3 minute\" \/>\n<script type=\"application\/ld+json\" class=\"yoast-schema-graph\">{\"@context\":\"https:\/\/schema.org\",\"@graph\":[{\"@type\":\"WebPage\",\"@id\":\"https:\/\/www.vulkan-nova.hr\/proizvodi\/dizalice-za-marine\/\",\"url\":\"https:\/\/www.vulkan-nova.hr\/proizvodi\/dizalice-za-marine\/\",\"name\":\"[:hr]Dizalice za marine[:en]Cranes for marinas[:] - Vulkan-Nova\",\"isPartOf\":{\"@id\":\"https:\/\/www.vulkan-nova.hr\/hr\/#website\"},\"datePublished\":\"2016-12-19T09:27:20+00:00\",\"dateModified\":\"2018-01-22T09:51:20+00:00\",\"breadcrumb\":{\"@id\":\"https:\/\/www.vulkan-nova.hr\/proizvodi\/dizalice-za-marine\/#breadcrumb\"},\"inLanguage\":\"hr\",\"potentialAction\":[{\"@type\":\"ReadAction\",\"target\":[\"https:\/\/www.vulkan-nova.hr\/proizvodi\/dizalice-za-marine\/\"]}]},{\"@type\":\"BreadcrumbList\",\"@id\":\"https:\/\/www.vulkan-nova.hr\/proizvodi\/dizalice-za-marine\/#breadcrumb\",\"itemListElement\":[{\"@type\":\"ListItem\",\"position\":1,\"name\":\"Po\u010detna stranica\",\"item\":\"https:\/\/www.vulkan-nova.hr\/\"},{\"@type\":\"ListItem\",\"position\":2,\"name\":\"Proizvodi\",\"item\":\"https:\/\/www.vulkan-nova.hr\/proizvodi\/\"},{\"@type\":\"ListItem\",\"position\":3,\"name\":\"Dizalice za marine\"}]},{\"@type\":\"WebSite\",\"@id\":\"https:\/\/www.vulkan-nova.hr\/hr\/#website\",\"url\":\"https:\/\/www.vulkan-nova.hr\/hr\/\",\"name\":\"Vulkan-Nova\",\"description\":\"Tvornica dizalica i brodske opreme\",\"potentialAction\":[{\"@type\":\"SearchAction\",\"target\":{\"@type\":\"EntryPoint\",\"urlTemplate\":\"https:\/\/www.vulkan-nova.hr\/hr\/?s={search_term_string}\"},\"query-input\":\"required name=search_term_string\"}],\"inLanguage\":\"hr\"}]}<\/script>\n<!-- \/ Yoast SEO plugin. -->","yoast_head_json":{"title":"[:hr]Dizalice za marine[:en]Cranes for marinas[:] - Vulkan-Nova","robots":{"index":"index","follow":"follow","max-snippet":"max-snippet:-1","max-image-preview":"max-image-preview:large","max-video-preview":"max-video-preview:-1"},"canonical":"https:\/\/www.vulkan-nova.hr\/proizvodi\/dizalice-za-marine\/","og_locale":"hr_HR","og_type":"article","og_title":"[:hr]Dizalice za marine[:en]Cranes for marinas[:] - Vulkan-Nova","og_description":"[vc_row][vc_column][vc_custom_heading text=&#8221;Dizalice za marine&#8221; use_theme_fonts=&#8221;yes&#8221; el_class=&#8221;title&#8221;][vc_column_text]Dizalice za marine primjenjuju se za podizanje i spu\u0161tanje plovila u marinama i sportskim lukama. Nosivost ovih dizalica mo\u017eemo izvesti do 15t a dohvatni krak mo\u017ee biti do 6m stalni ili promjenjivi. Izvedba isto tako &hellip;","og_url":"https:\/\/www.vulkan-nova.hr\/proizvodi\/dizalice-za-marine\/","og_site_name":"Vulkan-Nova","article_modified_time":"2018-01-22T09:51:20+00:00","og_image":[{"width":1920,"height":300,"url":"https:\/\/www.vulkan-nova.hr\/wp-content\/uploads\/2016\/01\/sidreno-pritezna-vitla-vulkan-nova-h.jpg","type":"image\/jpeg"}],"twitter_card":"summary_large_image","twitter_misc":{"Procijenjeno vrijeme \u010ditanja":"3 minute"},"schema":{"@context":"https:\/\/schema.org","@graph":[{"@type":"WebPage","@id":"https:\/\/www.vulkan-nova.hr\/proizvodi\/dizalice-za-marine\/","url":"https:\/\/www.vulkan-nova.hr\/proizvodi\/dizalice-za-marine\/","name":"[:hr]Dizalice za marine[:en]Cranes for marinas[:] - Vulkan-Nova","isPartOf":{"@id":"https:\/\/www.vulkan-nova.hr\/hr\/#website"},"datePublished":"2016-12-19T09:27:20+00:00","dateModified":"2018-01-22T09:51:20+00:00","breadcrumb":{"@id":"https:\/\/www.vulkan-nova.hr\/proizvodi\/dizalice-za-marine\/#breadcrumb"},"inLanguage":"hr","potentialAction":[{"@type":"ReadAction","target":["https:\/\/www.vulkan-nova.hr\/proizvodi\/dizalice-za-marine\/"]}]},{"@type":"BreadcrumbList","@id":"https:\/\/www.vulkan-nova.hr\/proizvodi\/dizalice-za-marine\/#breadcrumb","itemListElement":[{"@type":"ListItem","position":1,"name":"Po\u010detna stranica","item":"https:\/\/www.vulkan-nova.hr\/"},{"@type":"ListItem","position":2,"name":"Proizvodi","item":"https:\/\/www.vulkan-nova.hr\/proizvodi\/"},{"@type":"ListItem","position":3,"name":"Dizalice za marine"}]},{"@type":"WebSite","@id":"https:\/\/www.vulkan-nova.hr\/hr\/#website","url":"https:\/\/www.vulkan-nova.hr\/hr\/","name":"Vulkan-Nova","description":"Tvornica dizalica i brodske opreme","potentialAction":[{"@type":"SearchAction","target":{"@type":"EntryPoint","urlTemplate":"https:\/\/www.vulkan-nova.hr\/hr\/?s={search_term_string}"},"query-input":"required name=search_term_string"}],"inLanguage":"hr"}]}},"_links":{"self":[{"href":"https:\/\/www.vulkan-nova.hr\/hr\/wp-json\/wp\/v2\/pages\/2667"}],"collection":[{"href":"https:\/\/www.vulkan-nova.hr\/hr\/wp-json\/wp\/v2\/pages"}],"about":[{"href":"https:\/\/www.vulkan-nova.hr\/hr\/wp-json\/wp\/v2\/types\/page"}],"author":[{"embeddable":true,"href":"https:\/\/www.vulkan-nova.hr\/hr\/wp-json\/wp\/v2\/users\/1"}],"replies":[{"embeddable":true,"href":"https:\/\/www.vulkan-nova.hr\/hr\/wp-json\/wp\/v2\/comments?post=2667"}],"version-history":[{"count":5,"href":"https:\/\/www.vulkan-nova.hr\/hr\/wp-json\/wp\/v2\/pages\/2667\/revisions"}],"predecessor-version":[{"id":3185,"href":"https:\/\/www.vulkan-nova.hr\/hr\/wp-json\/wp\/v2\/pages\/2667\/revisions\/3185"}],"up":[{"embeddable":true,"href":"https:\/\/www.vulkan-nova.hr\/hr\/wp-json\/wp\/v2\/pages\/2477"}],"wp:featuredmedia":[{"embeddable":true,"href":"https:\/\/www.vulkan-nova.hr\/hr\/wp-json\/wp\/v2\/media\/2469"}],"wp:attachment":[{"href":"https:\/\/www.vulkan-nova.hr\/hr\/wp-json\/wp\/v2\/media?parent=2667"}],"curies":[{"name":"wp","href":"https:\/\/api.w.org\/{rel}","templated":true}]}}