{"id":2662,"date":"2016-12-19T09:25:12","date_gmt":"2016-12-19T09:25:12","guid":{"rendered":"http:\/\/www.vulkan-nova.hr\/?page_id=2662"},"modified":"2018-01-22T12:17:09","modified_gmt":"2018-01-22T12:17:09","slug":"konzolne-dizalice","status":"publish","type":"page","link":"https:\/\/www.vulkan-nova.hr\/hr\/proizvodi\/konzolne-dizalice\/","title":{"rendered":"Stupne konzolne dizalice"},"content":{"rendered":"<p>[vc_row][vc_column][vc_custom_heading text=&#8221;Stupne konzolne dizalice&#8221; use_theme_fonts=&#8221;yes&#8221; el_class=&#8221;title&#8221;][vc_column_text]Konzolne dizalice primjenjuju se za poslu\u017eivanje alatnih strojeva u monta\u017enih halama, remontu i odr\u017eavanju postrojenja, skladi\u0161tima te ostalim industrijskim postrojenjima. Stupne konzolne dizalice mo\u017eemo proizvesti do 10 tona nosivosti te 6m dohvatnog kraka. Kut okretanja ovakvih dizalica je u izvedbi od 180\u25e6 do 360\u25e6.[\/vc_column_text][vc_column_text]<span style=\"color: #333333;\">Konzolne dizalice primjenjuju se za poslu\u017eivanje alatnih strojeva u monta\u017enih halama, remontu i odr\u017eavanju postrojenja, skladi\u0161tima te ostalim industrijskim postrojenjima. Stupne konzolne dizalice mo\u017eemo proizvesti do 10 tona nosivosti te 6m dohvatnog kraka. Kut okretanja ovakvih dizalica je u izvedbi od 180\u25e6 do 360\u25e6.<\/span>[\/vc_column_text][vc_column_text]Pored standardnih izvedbi mo\u017eemo proizvesti i dizalice za posebne uvijete kao \u0161to su rafinerije, punionice plina, nuklearne centrale te ostale objekte koji zahtjevaju Ex-zahtjeve.<\/p>\n<p>Sa svim navedenim dizalicama mo\u017ee se upravljati lokalno-upravlja\u010dkim tipkalom ili daljinskim upravljanjem.<\/p>\n<p><span style=\"color: #333333;\">\u00a0<\/span>[\/vc_column_text][\/vc_column][\/vc_row][vc_row css=&#8221;.vc_custom_1453450201221{margin-bottom: 15px !important;}&#8221;][vc_column]<div class=\"gallery-fs\"><figure><img decoding=\"async\" src=\"https:\/\/www.vulkan-nova.hr\/wp-content\/uploads\/2016\/12\/stupna-konzolna-dizalica-1.jpg\" alt=\"stupna-konzolna-dizalica\"><figcaption>Stupna konzolna dizalica<\/figcaption><\/figure><\/div>[\/vc_column][\/vc_row][vc_row css=&#8221;.vc_custom_1481722204005{padding-top: 50px !important;}&#8221;][vc_column]<div class='table-responsive'><table class='table table-striped table-bordered'><thead  class='bg-primary'><tr><th>Tehni\u010dke karakteristike<\/th><th><\/th><\/tr><\/thead><tbody><\/tbody><\/table><\/div>[\/vc_column][\/vc_row][vc_row css=&#8221;.vc_custom_1453450201221{margin-bottom: 15px !important;}&#8221;][vc_column]<div class=\"gallery-fs\"><figure><img decoding=\"async\" src=\"https:\/\/www.vulkan-nova.hr\/wp-content\/uploads\/2016\/12\/stupne-konzolne-dizalice-tehnicke-karakteristike.png\" alt=\"stupne-konzolne-dizalice - tehnicke karakteristike\"><figcaption>Stupne konzolne dizalice<\/figcaption><\/figure><\/div>[\/vc_column][\/vc_row]<\/p>","protected":false},"excerpt":{"rendered":"<p>[vc_row][vc_column][vc_custom_heading text=&#8221;Stupne konzolne dizalice&#8221; use_theme_fonts=&#8221;yes&#8221; el_class=&#8221;title&#8221;][vc_column_text]Konzolne dizalice primjenjuju se za poslu\u017eivanje alatnih strojeva u monta\u017enih halama, remontu i odr\u017eavanju postrojenja, skladi\u0161tima te ostalim industrijskim postrojenjima. Stupne konzolne dizalice mo\u017eemo proizvesti do 10 tona nosivosti te 6m dohvatnog kraka. Kut okretanja &hellip;<\/p>\n","protected":false},"author":1,"featured_media":2469,"parent":2477,"menu_order":0,"comment_status":"closed","ping_status":"closed","template":"","meta":{"footnotes":""},"yoast_head":"<!-- This site is optimized with the Yoast SEO plugin v21.8 - https:\/\/yoast.com\/wordpress\/plugins\/seo\/ -->\n<title>Stupne konzolne dizalice - Vulkan-Nova<\/title>\n<meta name=\"robots\" content=\"index, follow, max-snippet:-1, max-image-preview:large, max-video-preview:-1\" \/>\n<link rel=\"canonical\" href=\"https:\/\/www.vulkan-nova.hr\/proizvodi\/konzolne-dizalice\/\" \/>\n<meta property=\"og:locale\" content=\"hr_HR\" \/>\n<meta property=\"og:type\" content=\"article\" \/>\n<meta property=\"og:title\" content=\"[:hr]Stupne konzolne dizalice[:en]Pillar jib cranes[:] - Vulkan-Nova\" \/>\n<meta property=\"og:description\" content=\"[vc_row][vc_column][vc_custom_heading text=&#8221;Stupne konzolne dizalice&#8221; use_theme_fonts=&#8221;yes&#8221; el_class=&#8221;title&#8221;][vc_column_text]Konzolne dizalice primjenjuju se za poslu\u017eivanje alatnih strojeva u monta\u017enih halama, remontu i odr\u017eavanju postrojenja, skladi\u0161tima te ostalim industrijskim postrojenjima. Stupne konzolne dizalice mo\u017eemo proizvesti do 10 tona nosivosti te 6m dohvatnog kraka. Kut okretanja &hellip;\" \/>\n<meta property=\"og:url\" content=\"https:\/\/www.vulkan-nova.hr\/proizvodi\/konzolne-dizalice\/\" \/>\n<meta property=\"og:site_name\" content=\"Vulkan-Nova\" \/>\n<meta property=\"article:modified_time\" content=\"2018-01-22T12:17:09+00:00\" \/>\n<meta property=\"og:image\" content=\"https:\/\/www.vulkan-nova.hr\/wp-content\/uploads\/2016\/01\/sidreno-pritezna-vitla-vulkan-nova-h.jpg\" \/>\n\t<meta property=\"og:image:width\" content=\"1920\" \/>\n\t<meta property=\"og:image:height\" content=\"300\" \/>\n\t<meta property=\"og:image:type\" content=\"image\/jpeg\" \/>\n<meta name=\"twitter:card\" content=\"summary_large_image\" \/>\n<meta name=\"twitter:label1\" content=\"Procijenjeno vrijeme \u010ditanja\" \/>\n\t<meta name=\"twitter:data1\" content=\"2 minute\" \/>\n<script type=\"application\/ld+json\" class=\"yoast-schema-graph\">{\"@context\":\"https:\/\/schema.org\",\"@graph\":[{\"@type\":\"WebPage\",\"@id\":\"https:\/\/www.vulkan-nova.hr\/proizvodi\/konzolne-dizalice\/\",\"url\":\"https:\/\/www.vulkan-nova.hr\/proizvodi\/konzolne-dizalice\/\",\"name\":\"[:hr]Stupne konzolne dizalice[:en]Pillar jib cranes[:] - Vulkan-Nova\",\"isPartOf\":{\"@id\":\"https:\/\/www.vulkan-nova.hr\/hr\/#website\"},\"datePublished\":\"2016-12-19T09:25:12+00:00\",\"dateModified\":\"2018-01-22T12:17:09+00:00\",\"breadcrumb\":{\"@id\":\"https:\/\/www.vulkan-nova.hr\/proizvodi\/konzolne-dizalice\/#breadcrumb\"},\"inLanguage\":\"hr\",\"potentialAction\":[{\"@type\":\"ReadAction\",\"target\":[\"https:\/\/www.vulkan-nova.hr\/proizvodi\/konzolne-dizalice\/\"]}]},{\"@type\":\"BreadcrumbList\",\"@id\":\"https:\/\/www.vulkan-nova.hr\/proizvodi\/konzolne-dizalice\/#breadcrumb\",\"itemListElement\":[{\"@type\":\"ListItem\",\"position\":1,\"name\":\"Po\u010detna stranica\",\"item\":\"https:\/\/www.vulkan-nova.hr\/\"},{\"@type\":\"ListItem\",\"position\":2,\"name\":\"Proizvodi\",\"item\":\"https:\/\/www.vulkan-nova.hr\/proizvodi\/\"},{\"@type\":\"ListItem\",\"position\":3,\"name\":\"Stupne konzolne dizalice\"}]},{\"@type\":\"WebSite\",\"@id\":\"https:\/\/www.vulkan-nova.hr\/hr\/#website\",\"url\":\"https:\/\/www.vulkan-nova.hr\/hr\/\",\"name\":\"Vulkan-Nova\",\"description\":\"Tvornica dizalica i brodske opreme\",\"potentialAction\":[{\"@type\":\"SearchAction\",\"target\":{\"@type\":\"EntryPoint\",\"urlTemplate\":\"https:\/\/www.vulkan-nova.hr\/hr\/?s={search_term_string}\"},\"query-input\":\"required name=search_term_string\"}],\"inLanguage\":\"hr\"}]}<\/script>\n<!-- \/ Yoast SEO plugin. -->","yoast_head_json":{"title":"[:hr]Stupne konzolne dizalice[:en]Pillar jib cranes[:] - Vulkan-Nova","robots":{"index":"index","follow":"follow","max-snippet":"max-snippet:-1","max-image-preview":"max-image-preview:large","max-video-preview":"max-video-preview:-1"},"canonical":"https:\/\/www.vulkan-nova.hr\/proizvodi\/konzolne-dizalice\/","og_locale":"hr_HR","og_type":"article","og_title":"[:hr]Stupne konzolne dizalice[:en]Pillar jib cranes[:] - Vulkan-Nova","og_description":"[vc_row][vc_column][vc_custom_heading text=&#8221;Stupne konzolne dizalice&#8221; use_theme_fonts=&#8221;yes&#8221; el_class=&#8221;title&#8221;][vc_column_text]Konzolne dizalice primjenjuju se za poslu\u017eivanje alatnih strojeva u monta\u017enih halama, remontu i odr\u017eavanju postrojenja, skladi\u0161tima te ostalim industrijskim postrojenjima. Stupne konzolne dizalice mo\u017eemo proizvesti do 10 tona nosivosti te 6m dohvatnog kraka. Kut okretanja &hellip;","og_url":"https:\/\/www.vulkan-nova.hr\/proizvodi\/konzolne-dizalice\/","og_site_name":"Vulkan-Nova","article_modified_time":"2018-01-22T12:17:09+00:00","og_image":[{"width":1920,"height":300,"url":"https:\/\/www.vulkan-nova.hr\/wp-content\/uploads\/2016\/01\/sidreno-pritezna-vitla-vulkan-nova-h.jpg","type":"image\/jpeg"}],"twitter_card":"summary_large_image","twitter_misc":{"Procijenjeno vrijeme \u010ditanja":"2 minute"},"schema":{"@context":"https:\/\/schema.org","@graph":[{"@type":"WebPage","@id":"https:\/\/www.vulkan-nova.hr\/proizvodi\/konzolne-dizalice\/","url":"https:\/\/www.vulkan-nova.hr\/proizvodi\/konzolne-dizalice\/","name":"[:hr]Stupne konzolne dizalice[:en]Pillar jib cranes[:] - Vulkan-Nova","isPartOf":{"@id":"https:\/\/www.vulkan-nova.hr\/hr\/#website"},"datePublished":"2016-12-19T09:25:12+00:00","dateModified":"2018-01-22T12:17:09+00:00","breadcrumb":{"@id":"https:\/\/www.vulkan-nova.hr\/proizvodi\/konzolne-dizalice\/#breadcrumb"},"inLanguage":"hr","potentialAction":[{"@type":"ReadAction","target":["https:\/\/www.vulkan-nova.hr\/proizvodi\/konzolne-dizalice\/"]}]},{"@type":"BreadcrumbList","@id":"https:\/\/www.vulkan-nova.hr\/proizvodi\/konzolne-dizalice\/#breadcrumb","itemListElement":[{"@type":"ListItem","position":1,"name":"Po\u010detna stranica","item":"https:\/\/www.vulkan-nova.hr\/"},{"@type":"ListItem","position":2,"name":"Proizvodi","item":"https:\/\/www.vulkan-nova.hr\/proizvodi\/"},{"@type":"ListItem","position":3,"name":"Stupne konzolne dizalice"}]},{"@type":"WebSite","@id":"https:\/\/www.vulkan-nova.hr\/hr\/#website","url":"https:\/\/www.vulkan-nova.hr\/hr\/","name":"Vulkan-Nova","description":"Tvornica dizalica i brodske opreme","potentialAction":[{"@type":"SearchAction","target":{"@type":"EntryPoint","urlTemplate":"https:\/\/www.vulkan-nova.hr\/hr\/?s={search_term_string}"},"query-input":"required name=search_term_string"}],"inLanguage":"hr"}]}},"_links":{"self":[{"href":"https:\/\/www.vulkan-nova.hr\/hr\/wp-json\/wp\/v2\/pages\/2662"}],"collection":[{"href":"https:\/\/www.vulkan-nova.hr\/hr\/wp-json\/wp\/v2\/pages"}],"about":[{"href":"https:\/\/www.vulkan-nova.hr\/hr\/wp-json\/wp\/v2\/types\/page"}],"author":[{"embeddable":true,"href":"https:\/\/www.vulkan-nova.hr\/hr\/wp-json\/wp\/v2\/users\/1"}],"replies":[{"embeddable":true,"href":"https:\/\/www.vulkan-nova.hr\/hr\/wp-json\/wp\/v2\/comments?post=2662"}],"version-history":[{"count":5,"href":"https:\/\/www.vulkan-nova.hr\/hr\/wp-json\/wp\/v2\/pages\/2662\/revisions"}],"predecessor-version":[{"id":3213,"href":"https:\/\/www.vulkan-nova.hr\/hr\/wp-json\/wp\/v2\/pages\/2662\/revisions\/3213"}],"up":[{"embeddable":true,"href":"https:\/\/www.vulkan-nova.hr\/hr\/wp-json\/wp\/v2\/pages\/2477"}],"wp:featuredmedia":[{"embeddable":true,"href":"https:\/\/www.vulkan-nova.hr\/hr\/wp-json\/wp\/v2\/media\/2469"}],"wp:attachment":[{"href":"https:\/\/www.vulkan-nova.hr\/hr\/wp-json\/wp\/v2\/media?parent=2662"}],"curies":[{"name":"wp","href":"https:\/\/api.w.org\/{rel}","templated":true}]}}