{"id":2652,"date":"2016-12-19T09:04:50","date_gmt":"2016-12-19T09:04:50","guid":{"rendered":"http:\/\/www.vulkan-nova.hr\/?page_id=2652"},"modified":"2018-02-10T09:49:26","modified_gmt":"2018-02-10T09:49:26","slug":"jednogredne-mosne-dizalice","status":"publish","type":"page","link":"https:\/\/www.vulkan-nova.hr\/hr\/proizvodi\/jednogredne-mosne-dizalice\/","title":{"rendered":"Jednogredne mosne dizalice"},"content":{"rendered":"<p>[vc_row][vc_column][vc_custom_heading text=&#8221;Jednogredne mosne dizalice&#8221; use_theme_fonts=&#8221;yes&#8221; el_class=&#8221;title&#8221;][vc_column_text]Primjena jednogrednih dizalica naj\u010de\u0161\u0107a je u industrijskim objektima, energetskim postrojenjima, servisnim radionama, skladi\u0161tima te svugdje gdje je potreban moderan transport. Jednogredne mosne dizalice mo\u017eemo proizvesti do raspona od 30m i 10t nosivosti.\u00a0Upravljanje dizalicom mo\u017ee biti daljinsko ili lokalno-upravlja\u010dkim tipkalom. Glavni nosa\u010d jednogredne mosne dizalice u odnosu na bo\u010dne nosa\u010de mo\u017ee biti u niskoj, srednjoj ili visokoj varijanti.<\/p>\n<p>Osim standardnih izvedbi mo\u017eemo proizvesti i dizalice za posebne uvijete kao \u0161to su rafinerije, punionice plina, neklearne centrale te ostale objekte koji zahtijevaju ekskluzivne zahtjeve.[\/vc_column_text][vc_column_text]Pored navedenih standardnih izvedbi mo\u017eemo udovoljiti posebnim zahtjevima kupaca te ponuditi ostale izvedbe prema potrebi. Ve\u0107e nosivosti, ve\u0107i rasponi te posebni zahtjevi koji uklju\u010duju frekventne pretvara\u010de, ali i ostale zahtjeve koji se odnose na pretovar i ukrcaj robe: grabilice, magneti, traverze, te ostale dodatne specijalne naprave za pojedine vrste tereta.[\/vc_column_text][\/vc_column][\/vc_row][vc_row css=&#8221;.vc_custom_1453450201221{margin-bottom: 15px !important;}&#8221;][vc_column]<div class=\"gallery-fs\"><figure><img decoding=\"async\" src=\"https:\/\/www.vulkan-nova.hr\/wp-content\/uploads\/2016\/12\/jednogredne-mosne-dizalice2.jpg\" alt=\"jednogredna-mosna-dizalica\"><figcaption>jednogredna-mosna-dizalica<\/figcaption><\/figure><div class=\"gallery-fs-nav\"><button class=\"gallery-fs-fullscreen\"><i class=\"fa fa-arrows-alt\"><\/i><\/button><\/div><div class=\"gallery-fs-thumbnails gallery-fs-thumbnails-col-5 owl-carousel\"><a href='https:\/\/www.vulkan-nova.hr\/wp-content\/uploads\/2016\/12\/jednogredne-mosne-dizalice2.jpg' data-caption='jednogredna-mosna-dizalica' title='jednogredna-mosna-dizalica' class=\"selected\"><img loading=\"lazy\" decoding=\"async\" width=\"280\" height=\"210\" src=\"https:\/\/www.vulkan-nova.hr\/wp-content\/uploads\/2016\/12\/jednogredne-mosne-dizalice2-280x210.jpg\" class=\"attachment-anps-gallery-thumb size-anps-gallery-thumb\" alt=\"jednogredna-mosna-dizalica\" \/><\/a><a href='https:\/\/www.vulkan-nova.hr\/wp-content\/uploads\/2016\/12\/jednogredne-mosne-dizalice4.jpg' data-caption='jednogredna-mosna-dizalica' title='jednogredna-mosna-dizalica'><img loading=\"lazy\" decoding=\"async\" width=\"280\" height=\"210\" src=\"https:\/\/www.vulkan-nova.hr\/wp-content\/uploads\/2016\/12\/jednogredne-mosne-dizalice4-280x210.jpg\" class=\"attachment-anps-gallery-thumb size-anps-gallery-thumb\" alt=\"jednogredna-mosna-dizalica\" \/><\/a><a href='https:\/\/www.vulkan-nova.hr\/wp-content\/uploads\/2016\/12\/jednogredne-mosne-dizalice1.jpg' data-caption='jednogredna-mosna-dizalica' title='jednogredna-mosna-dizalica'><img loading=\"lazy\" decoding=\"async\" width=\"280\" height=\"210\" src=\"https:\/\/www.vulkan-nova.hr\/wp-content\/uploads\/2016\/12\/jednogredne-mosne-dizalice1-280x210.jpg\" class=\"attachment-anps-gallery-thumb size-anps-gallery-thumb\" alt=\"jednogredna-mosna-dizalica\" \/><\/a><a href='https:\/\/www.vulkan-nova.hr\/wp-content\/uploads\/2016\/12\/jednogredne-mosne-dizalice3.jpg' data-caption='jednogredna-mosna-dizalica' title='jednogredna-mosna-dizalica'><img loading=\"lazy\" decoding=\"async\" width=\"280\" height=\"210\" src=\"https:\/\/www.vulkan-nova.hr\/wp-content\/uploads\/2016\/12\/jednogredne-mosne-dizalice3-280x210.jpg\" class=\"attachment-anps-gallery-thumb size-anps-gallery-thumb\" alt=\"jednogredna-mosna-dizalica\" \/><\/a><a href='https:\/\/www.vulkan-nova.hr\/wp-content\/uploads\/2016\/12\/jednogredne-mosne-dizalice5.jpg' data-caption='jednogredna-mosna-dizalica' title='jednogredna-mosna-dizalica'><img loading=\"lazy\" decoding=\"async\" width=\"280\" height=\"210\" src=\"https:\/\/www.vulkan-nova.hr\/wp-content\/uploads\/2016\/12\/jednogredne-mosne-dizalice5-280x210.jpg\" class=\"attachment-anps-gallery-thumb size-anps-gallery-thumb\" alt=\"jednogredna-mosna-dizalica\" \/><\/a><a href='https:\/\/www.vulkan-nova.hr\/wp-content\/uploads\/2016\/12\/JEMOD-1.jpg' data-caption='JEMOD 1' title='JEMOD 1'><img loading=\"lazy\" decoding=\"async\" width=\"280\" height=\"210\" src=\"https:\/\/www.vulkan-nova.hr\/wp-content\/uploads\/2016\/12\/JEMOD-1-280x210.jpg\" class=\"attachment-anps-gallery-thumb size-anps-gallery-thumb\" alt=\"JEMOD\" \/><\/a><a href='https:\/\/www.vulkan-nova.hr\/wp-content\/uploads\/2016\/12\/JEMOD-2.jpg' data-caption='JEMOD 2' title='JEMOD 2'><img loading=\"lazy\" decoding=\"async\" width=\"280\" height=\"210\" src=\"https:\/\/www.vulkan-nova.hr\/wp-content\/uploads\/2016\/12\/JEMOD-2-280x210.jpg\" class=\"attachment-anps-gallery-thumb size-anps-gallery-thumb\" alt=\"JEMOD\" \/><\/a><a href='https:\/\/www.vulkan-nova.hr\/wp-content\/uploads\/2016\/12\/JEMOD-3.jpg' data-caption='JEMOD 3' title='JEMOD 3'><img loading=\"lazy\" decoding=\"async\" width=\"280\" height=\"210\" src=\"https:\/\/www.vulkan-nova.hr\/wp-content\/uploads\/2016\/12\/JEMOD-3-280x210.jpg\" class=\"attachment-anps-gallery-thumb size-anps-gallery-thumb\" alt=\"JEMOD\" \/><\/a><\/div><\/div>[\/vc_column][\/vc_row][vc_row css=&#8221;.vc_custom_1481722204005{padding-top: 50px !important;}&#8221;][vc_column]<div class='table-responsive'><table class='table table-striped table-bordered'><thead  class='bg-primary'><tr><th>Tehni\u010dke karakteristike:<\/th><th>Jednogredne mosne dizalice<\/th><\/tr><\/thead><tbody><\/tbody><\/table><\/div>[\/vc_column][\/vc_row][vc_row css=&#8221;.vc_custom_1453450201221{margin-bottom: 15px !important;}&#8221;][vc_column]<div class=\"gallery-fs\"><figure><img decoding=\"async\" src=\"https:\/\/www.vulkan-nova.hr\/wp-content\/uploads\/2016\/12\/JEMOD-tehnicke-karakteristike1.png\" alt=\"JEMOD - tehnicke karakteristike\"><figcaption>JEMOD - tehnicke karakteristike<\/figcaption><\/figure><div class=\"gallery-fs-nav\"><button class=\"gallery-fs-fullscreen\"><i class=\"fa fa-arrows-alt\"><\/i><\/button><\/div><div class=\"gallery-fs-thumbnails gallery-fs-thumbnails-col-5 owl-carousel\"><a href='https:\/\/www.vulkan-nova.hr\/wp-content\/uploads\/2016\/12\/JEMOD-tehnicke-karakteristike1.png' data-caption='JEMOD - tehnicke karakteristike' title='JEMOD &#8211; tehnicke karakteristike' class=\"selected\"><img loading=\"lazy\" decoding=\"async\" width=\"280\" height=\"210\" src=\"https:\/\/www.vulkan-nova.hr\/wp-content\/uploads\/2016\/12\/JEMOD-tehnicke-karakteristike1-280x210.png\" class=\"attachment-anps-gallery-thumb size-anps-gallery-thumb\" alt=\"JEMOD - tehnicke karakteristike\" \/><\/a><a href='https:\/\/www.vulkan-nova.hr\/wp-content\/uploads\/2016\/12\/JEMOD-tehnicke-karakteristike2.png' data-caption='JEMOD - tehnicke karakteristike' title='JEMOD &#8211; tehnicke karakteristike'><img loading=\"lazy\" decoding=\"async\" width=\"280\" height=\"210\" src=\"https:\/\/www.vulkan-nova.hr\/wp-content\/uploads\/2016\/12\/JEMOD-tehnicke-karakteristike2-280x210.png\" class=\"attachment-anps-gallery-thumb size-anps-gallery-thumb\" alt=\"JEMOD - tehnicke karakteristike\" \/><\/a><\/div><\/div>[\/vc_column][\/vc_row]<\/p>","protected":false},"excerpt":{"rendered":"<p>[vc_row][vc_column][vc_custom_heading text=&#8221;Jednogredne mosne dizalice&#8221; use_theme_fonts=&#8221;yes&#8221; el_class=&#8221;title&#8221;][vc_column_text]Primjena jednogrednih dizalica naj\u010de\u0161\u0107a je u industrijskim objektima, energetskim postrojenjima, servisnim radionama, skladi\u0161tima te svugdje gdje je potreban moderan transport. Jednogredne mosne dizalice mo\u017eemo proizvesti do raspona od 30m i 10t nosivosti.\u00a0Upravljanje dizalicom mo\u017ee biti &hellip;<\/p>\n","protected":false},"author":1,"featured_media":2469,"parent":2477,"menu_order":0,"comment_status":"closed","ping_status":"closed","template":"","meta":{"footnotes":""},"yoast_head":"<!-- This site is optimized with the Yoast SEO plugin v21.8 - https:\/\/yoast.com\/wordpress\/plugins\/seo\/ -->\n<title>Jednogredne mosne dizalice - Vulkan-Nova<\/title>\n<meta name=\"robots\" content=\"index, follow, max-snippet:-1, max-image-preview:large, max-video-preview:-1\" \/>\n<link rel=\"canonical\" href=\"https:\/\/www.vulkan-nova.hr\/proizvodi\/jednogredne-mosne-dizalice\/\" \/>\n<meta property=\"og:locale\" content=\"hr_HR\" \/>\n<meta property=\"og:type\" content=\"article\" \/>\n<meta property=\"og:title\" content=\"[:hr]Jednogredne mosne dizalice[:en]Single girder bridge cranes[:] - Vulkan-Nova\" \/>\n<meta property=\"og:description\" content=\"[vc_row][vc_column][vc_custom_heading text=&#8221;Jednogredne mosne dizalice&#8221; use_theme_fonts=&#8221;yes&#8221; el_class=&#8221;title&#8221;][vc_column_text]Primjena jednogrednih dizalica naj\u010de\u0161\u0107a je u industrijskim objektima, energetskim postrojenjima, servisnim radionama, skladi\u0161tima te svugdje gdje je potreban moderan transport. Jednogredne mosne dizalice mo\u017eemo proizvesti do raspona od 30m i 10t nosivosti.\u00a0Upravljanje dizalicom mo\u017ee biti &hellip;\" \/>\n<meta property=\"og:url\" content=\"https:\/\/www.vulkan-nova.hr\/proizvodi\/jednogredne-mosne-dizalice\/\" \/>\n<meta property=\"og:site_name\" content=\"Vulkan-Nova\" \/>\n<meta property=\"article:modified_time\" content=\"2018-02-10T09:49:26+00:00\" \/>\n<meta property=\"og:image\" content=\"https:\/\/www.vulkan-nova.hr\/wp-content\/uploads\/2016\/01\/sidreno-pritezna-vitla-vulkan-nova-h.jpg\" \/>\n\t<meta property=\"og:image:width\" content=\"1920\" \/>\n\t<meta property=\"og:image:height\" content=\"300\" \/>\n\t<meta property=\"og:image:type\" content=\"image\/jpeg\" \/>\n<meta name=\"twitter:card\" content=\"summary_large_image\" \/>\n<meta name=\"twitter:label1\" content=\"Procijenjeno vrijeme \u010ditanja\" \/>\n\t<meta name=\"twitter:data1\" content=\"3 minute\" \/>\n<script type=\"application\/ld+json\" class=\"yoast-schema-graph\">{\"@context\":\"https:\/\/schema.org\",\"@graph\":[{\"@type\":\"WebPage\",\"@id\":\"https:\/\/www.vulkan-nova.hr\/proizvodi\/jednogredne-mosne-dizalice\/\",\"url\":\"https:\/\/www.vulkan-nova.hr\/proizvodi\/jednogredne-mosne-dizalice\/\",\"name\":\"[:hr]Jednogredne mosne dizalice[:en]Single girder bridge cranes[:] - Vulkan-Nova\",\"isPartOf\":{\"@id\":\"https:\/\/www.vulkan-nova.hr\/hr\/#website\"},\"datePublished\":\"2016-12-19T09:04:50+00:00\",\"dateModified\":\"2018-02-10T09:49:26+00:00\",\"breadcrumb\":{\"@id\":\"https:\/\/www.vulkan-nova.hr\/proizvodi\/jednogredne-mosne-dizalice\/#breadcrumb\"},\"inLanguage\":\"hr\",\"potentialAction\":[{\"@type\":\"ReadAction\",\"target\":[\"https:\/\/www.vulkan-nova.hr\/proizvodi\/jednogredne-mosne-dizalice\/\"]}]},{\"@type\":\"BreadcrumbList\",\"@id\":\"https:\/\/www.vulkan-nova.hr\/proizvodi\/jednogredne-mosne-dizalice\/#breadcrumb\",\"itemListElement\":[{\"@type\":\"ListItem\",\"position\":1,\"name\":\"Po\u010detna stranica\",\"item\":\"https:\/\/www.vulkan-nova.hr\/\"},{\"@type\":\"ListItem\",\"position\":2,\"name\":\"Proizvodi\",\"item\":\"https:\/\/www.vulkan-nova.hr\/proizvodi\/\"},{\"@type\":\"ListItem\",\"position\":3,\"name\":\"Jednogredne mosne dizalice\"}]},{\"@type\":\"WebSite\",\"@id\":\"https:\/\/www.vulkan-nova.hr\/hr\/#website\",\"url\":\"https:\/\/www.vulkan-nova.hr\/hr\/\",\"name\":\"Vulkan-Nova\",\"description\":\"Tvornica dizalica i brodske opreme\",\"potentialAction\":[{\"@type\":\"SearchAction\",\"target\":{\"@type\":\"EntryPoint\",\"urlTemplate\":\"https:\/\/www.vulkan-nova.hr\/hr\/?s={search_term_string}\"},\"query-input\":\"required name=search_term_string\"}],\"inLanguage\":\"hr\"}]}<\/script>\n<!-- \/ Yoast SEO plugin. -->","yoast_head_json":{"title":"[:hr]Jednogredne mosne dizalice[:en]Single girder bridge cranes[:] - Vulkan-Nova","robots":{"index":"index","follow":"follow","max-snippet":"max-snippet:-1","max-image-preview":"max-image-preview:large","max-video-preview":"max-video-preview:-1"},"canonical":"https:\/\/www.vulkan-nova.hr\/proizvodi\/jednogredne-mosne-dizalice\/","og_locale":"hr_HR","og_type":"article","og_title":"[:hr]Jednogredne mosne dizalice[:en]Single girder bridge cranes[:] - Vulkan-Nova","og_description":"[vc_row][vc_column][vc_custom_heading text=&#8221;Jednogredne mosne dizalice&#8221; use_theme_fonts=&#8221;yes&#8221; el_class=&#8221;title&#8221;][vc_column_text]Primjena jednogrednih dizalica naj\u010de\u0161\u0107a je u industrijskim objektima, energetskim postrojenjima, servisnim radionama, skladi\u0161tima te svugdje gdje je potreban moderan transport. Jednogredne mosne dizalice mo\u017eemo proizvesti do raspona od 30m i 10t nosivosti.\u00a0Upravljanje dizalicom mo\u017ee biti &hellip;","og_url":"https:\/\/www.vulkan-nova.hr\/proizvodi\/jednogredne-mosne-dizalice\/","og_site_name":"Vulkan-Nova","article_modified_time":"2018-02-10T09:49:26+00:00","og_image":[{"width":1920,"height":300,"url":"https:\/\/www.vulkan-nova.hr\/wp-content\/uploads\/2016\/01\/sidreno-pritezna-vitla-vulkan-nova-h.jpg","type":"image\/jpeg"}],"twitter_card":"summary_large_image","twitter_misc":{"Procijenjeno vrijeme \u010ditanja":"3 minute"},"schema":{"@context":"https:\/\/schema.org","@graph":[{"@type":"WebPage","@id":"https:\/\/www.vulkan-nova.hr\/proizvodi\/jednogredne-mosne-dizalice\/","url":"https:\/\/www.vulkan-nova.hr\/proizvodi\/jednogredne-mosne-dizalice\/","name":"[:hr]Jednogredne mosne dizalice[:en]Single girder bridge cranes[:] - Vulkan-Nova","isPartOf":{"@id":"https:\/\/www.vulkan-nova.hr\/hr\/#website"},"datePublished":"2016-12-19T09:04:50+00:00","dateModified":"2018-02-10T09:49:26+00:00","breadcrumb":{"@id":"https:\/\/www.vulkan-nova.hr\/proizvodi\/jednogredne-mosne-dizalice\/#breadcrumb"},"inLanguage":"hr","potentialAction":[{"@type":"ReadAction","target":["https:\/\/www.vulkan-nova.hr\/proizvodi\/jednogredne-mosne-dizalice\/"]}]},{"@type":"BreadcrumbList","@id":"https:\/\/www.vulkan-nova.hr\/proizvodi\/jednogredne-mosne-dizalice\/#breadcrumb","itemListElement":[{"@type":"ListItem","position":1,"name":"Po\u010detna stranica","item":"https:\/\/www.vulkan-nova.hr\/"},{"@type":"ListItem","position":2,"name":"Proizvodi","item":"https:\/\/www.vulkan-nova.hr\/proizvodi\/"},{"@type":"ListItem","position":3,"name":"Jednogredne mosne dizalice"}]},{"@type":"WebSite","@id":"https:\/\/www.vulkan-nova.hr\/hr\/#website","url":"https:\/\/www.vulkan-nova.hr\/hr\/","name":"Vulkan-Nova","description":"Tvornica dizalica i brodske opreme","potentialAction":[{"@type":"SearchAction","target":{"@type":"EntryPoint","urlTemplate":"https:\/\/www.vulkan-nova.hr\/hr\/?s={search_term_string}"},"query-input":"required name=search_term_string"}],"inLanguage":"hr"}]}},"_links":{"self":[{"href":"https:\/\/www.vulkan-nova.hr\/hr\/wp-json\/wp\/v2\/pages\/2652"}],"collection":[{"href":"https:\/\/www.vulkan-nova.hr\/hr\/wp-json\/wp\/v2\/pages"}],"about":[{"href":"https:\/\/www.vulkan-nova.hr\/hr\/wp-json\/wp\/v2\/types\/page"}],"author":[{"embeddable":true,"href":"https:\/\/www.vulkan-nova.hr\/hr\/wp-json\/wp\/v2\/users\/1"}],"replies":[{"embeddable":true,"href":"https:\/\/www.vulkan-nova.hr\/hr\/wp-json\/wp\/v2\/comments?post=2652"}],"version-history":[{"count":5,"href":"https:\/\/www.vulkan-nova.hr\/hr\/wp-json\/wp\/v2\/pages\/2652\/revisions"}],"predecessor-version":[{"id":3326,"href":"https:\/\/www.vulkan-nova.hr\/hr\/wp-json\/wp\/v2\/pages\/2652\/revisions\/3326"}],"up":[{"embeddable":true,"href":"https:\/\/www.vulkan-nova.hr\/hr\/wp-json\/wp\/v2\/pages\/2477"}],"wp:featuredmedia":[{"embeddable":true,"href":"https:\/\/www.vulkan-nova.hr\/hr\/wp-json\/wp\/v2\/media\/2469"}],"wp:attachment":[{"href":"https:\/\/www.vulkan-nova.hr\/hr\/wp-json\/wp\/v2\/media?parent=2652"}],"curies":[{"name":"wp","href":"https:\/\/api.w.org\/{rel}","templated":true}]}}