{"id":2634,"date":"2016-12-16T14:14:06","date_gmt":"2016-12-16T14:14:06","guid":{"rendered":"http:\/\/www.vulkan-nova.hr\/?page_id=2634"},"modified":"2018-03-12T15:44:40","modified_gmt":"2018-03-12T15:44:40","slug":"zjevace","status":"publish","type":"page","link":"https:\/\/www.vulkan-nova.hr\/hr\/proizvodi\/zjevace\/","title":{"rendered":"Zjeva\u010de"},"content":{"rendered":"<p>[vc_row][vc_column][vc_custom_heading text=&#8221;Zjeva\u010de&#8221; use_theme_fonts=&#8221;yes&#8221; el_class=&#8221;title&#8221;][vc_column_text]Na\u0161e zjeva\u010de dizajnirane su i proizvedene da zadovolje sve tehni\u010dke i funkcionalne zahtjeve korisnika i mjerodavnih standarda. Ku\u0107i\u0161ta su izra\u0111ena od konstrukcionog \u010delika, dok su valjci i osovine izra\u0111ene od \u010delika pove\u0107ane \u010dvrsto\u0107e. Dostupne su i izvedbe sa osovinama od nehr\u0111aju\u010deg \u010delika i sa le\u017eajevima od samopodmazivaju\u010deg kompozitnog materijala.[\/vc_column_text][vc_column_text]<span style=\"color: #333333;\">Dostupne su u raznim konfiguracijama, ovisno o potrebi korisnika i tra\u017eenom broju vertikalnih i horizonatalnih valjaka.<\/span><\/p>\n<p><span style=\"color: #333333;\">Nosivost: za prekidnu silu u\u017eeta do 1000 kN (SWL 1000 kN).<\/span>[\/vc_column_text][\/vc_column][\/vc_row][vc_row css=&#8221;.vc_custom_1453450201221{margin-bottom: 15px !important;}&#8221;][vc_column]<div class=\"gallery-fs\"><figure><img decoding=\"async\" src=\"https:\/\/www.vulkan-nova.hr\/wp-content\/uploads\/2016\/12\/zjevaca.jpg\" alt=\"zjevaca\"><figcaption>zjevaca<\/figcaption><\/figure><\/div>[\/vc_column][\/vc_row][vc_row css=&#8221;.vc_custom_1481722204005{padding-top: 50px !important;}&#8221;][vc_column]<div class='table-responsive'><table class='table table-striped table-bordered'><thead  class='bg-primary'><tr><th>Tehni\u010dke karakteristike<\/th><th><\/th><\/tr><\/thead><tbody><tr><td>POGNAZIVNA NOSIVOST:<\/td><td>50 &#8211; 270 kN<\/td><\/tr><tr><td>TIPOVI:<\/td><td>razni \u2013 prema va\u017ee\u0107im standardima brodogradnje<\/td><\/tr><\/tbody><\/table><\/div>[\/vc_column][\/vc_row]<\/p>","protected":false},"excerpt":{"rendered":"<p>[vc_row][vc_column][vc_custom_heading text=&#8221;Zjeva\u010de&#8221; use_theme_fonts=&#8221;yes&#8221; el_class=&#8221;title&#8221;][vc_column_text]Na\u0161e zjeva\u010de dizajnirane su i proizvedene da zadovolje sve tehni\u010dke i funkcionalne zahtjeve korisnika i mjerodavnih standarda. Ku\u0107i\u0161ta su izra\u0111ena od konstrukcionog \u010delika, dok su valjci i osovine izra\u0111ene od \u010delika pove\u0107ane \u010dvrsto\u0107e. Dostupne su i izvedbe &hellip;<\/p>\n","protected":false},"author":1,"featured_media":2469,"parent":2477,"menu_order":0,"comment_status":"closed","ping_status":"closed","template":"","meta":{"footnotes":""},"yoast_head":"<!-- This site is optimized with the Yoast SEO plugin v21.8 - https:\/\/yoast.com\/wordpress\/plugins\/seo\/ -->\n<title>Zjeva\u010de - Vulkan-Nova<\/title>\n<meta name=\"robots\" content=\"index, follow, max-snippet:-1, max-image-preview:large, max-video-preview:-1\" \/>\n<link rel=\"canonical\" href=\"https:\/\/www.vulkan-nova.hr\/proizvodi\/zjevace\/\" \/>\n<meta property=\"og:locale\" content=\"hr_HR\" \/>\n<meta property=\"og:type\" content=\"article\" \/>\n<meta property=\"og:title\" content=\"[:hr]Zjeva\u010de[:en]Fairleads[:] - Vulkan-Nova\" \/>\n<meta property=\"og:description\" content=\"[vc_row][vc_column][vc_custom_heading text=&#8221;Zjeva\u010de&#8221; use_theme_fonts=&#8221;yes&#8221; el_class=&#8221;title&#8221;][vc_column_text]Na\u0161e zjeva\u010de dizajnirane su i proizvedene da zadovolje sve tehni\u010dke i funkcionalne zahtjeve korisnika i mjerodavnih standarda. Ku\u0107i\u0161ta su izra\u0111ena od konstrukcionog \u010delika, dok su valjci i osovine izra\u0111ene od \u010delika pove\u0107ane \u010dvrsto\u0107e. Dostupne su i izvedbe &hellip;\" \/>\n<meta property=\"og:url\" content=\"https:\/\/www.vulkan-nova.hr\/proizvodi\/zjevace\/\" \/>\n<meta property=\"og:site_name\" content=\"Vulkan-Nova\" \/>\n<meta property=\"article:modified_time\" content=\"2018-03-12T15:44:40+00:00\" \/>\n<meta property=\"og:image\" content=\"https:\/\/www.vulkan-nova.hr\/wp-content\/uploads\/2016\/01\/sidreno-pritezna-vitla-vulkan-nova-h.jpg\" \/>\n\t<meta property=\"og:image:width\" content=\"1920\" \/>\n\t<meta property=\"og:image:height\" content=\"300\" \/>\n\t<meta property=\"og:image:type\" content=\"image\/jpeg\" \/>\n<meta name=\"twitter:card\" content=\"summary_large_image\" \/>\n<meta name=\"twitter:label1\" content=\"Procijenjeno vrijeme \u010ditanja\" \/>\n\t<meta name=\"twitter:data1\" content=\"2 minute\" \/>\n<script type=\"application\/ld+json\" class=\"yoast-schema-graph\">{\"@context\":\"https:\/\/schema.org\",\"@graph\":[{\"@type\":\"WebPage\",\"@id\":\"https:\/\/www.vulkan-nova.hr\/proizvodi\/zjevace\/\",\"url\":\"https:\/\/www.vulkan-nova.hr\/proizvodi\/zjevace\/\",\"name\":\"[:hr]Zjeva\u010de[:en]Fairleads[:] - Vulkan-Nova\",\"isPartOf\":{\"@id\":\"https:\/\/www.vulkan-nova.hr\/hr\/#website\"},\"datePublished\":\"2016-12-16T14:14:06+00:00\",\"dateModified\":\"2018-03-12T15:44:40+00:00\",\"breadcrumb\":{\"@id\":\"https:\/\/www.vulkan-nova.hr\/proizvodi\/zjevace\/#breadcrumb\"},\"inLanguage\":\"hr\",\"potentialAction\":[{\"@type\":\"ReadAction\",\"target\":[\"https:\/\/www.vulkan-nova.hr\/proizvodi\/zjevace\/\"]}]},{\"@type\":\"BreadcrumbList\",\"@id\":\"https:\/\/www.vulkan-nova.hr\/proizvodi\/zjevace\/#breadcrumb\",\"itemListElement\":[{\"@type\":\"ListItem\",\"position\":1,\"name\":\"Po\u010detna stranica\",\"item\":\"https:\/\/www.vulkan-nova.hr\/\"},{\"@type\":\"ListItem\",\"position\":2,\"name\":\"Proizvodi\",\"item\":\"https:\/\/www.vulkan-nova.hr\/proizvodi\/\"},{\"@type\":\"ListItem\",\"position\":3,\"name\":\"Zjeva\u010de\"}]},{\"@type\":\"WebSite\",\"@id\":\"https:\/\/www.vulkan-nova.hr\/hr\/#website\",\"url\":\"https:\/\/www.vulkan-nova.hr\/hr\/\",\"name\":\"Vulkan-Nova\",\"description\":\"Tvornica dizalica i brodske opreme\",\"potentialAction\":[{\"@type\":\"SearchAction\",\"target\":{\"@type\":\"EntryPoint\",\"urlTemplate\":\"https:\/\/www.vulkan-nova.hr\/hr\/?s={search_term_string}\"},\"query-input\":\"required name=search_term_string\"}],\"inLanguage\":\"hr\"}]}<\/script>\n<!-- \/ Yoast SEO plugin. -->","yoast_head_json":{"title":"[:hr]Zjeva\u010de[:en]Fairleads[:] - Vulkan-Nova","robots":{"index":"index","follow":"follow","max-snippet":"max-snippet:-1","max-image-preview":"max-image-preview:large","max-video-preview":"max-video-preview:-1"},"canonical":"https:\/\/www.vulkan-nova.hr\/proizvodi\/zjevace\/","og_locale":"hr_HR","og_type":"article","og_title":"[:hr]Zjeva\u010de[:en]Fairleads[:] - Vulkan-Nova","og_description":"[vc_row][vc_column][vc_custom_heading text=&#8221;Zjeva\u010de&#8221; use_theme_fonts=&#8221;yes&#8221; el_class=&#8221;title&#8221;][vc_column_text]Na\u0161e zjeva\u010de dizajnirane su i proizvedene da zadovolje sve tehni\u010dke i funkcionalne zahtjeve korisnika i mjerodavnih standarda. Ku\u0107i\u0161ta su izra\u0111ena od konstrukcionog \u010delika, dok su valjci i osovine izra\u0111ene od \u010delika pove\u0107ane \u010dvrsto\u0107e. Dostupne su i izvedbe &hellip;","og_url":"https:\/\/www.vulkan-nova.hr\/proizvodi\/zjevace\/","og_site_name":"Vulkan-Nova","article_modified_time":"2018-03-12T15:44:40+00:00","og_image":[{"width":1920,"height":300,"url":"https:\/\/www.vulkan-nova.hr\/wp-content\/uploads\/2016\/01\/sidreno-pritezna-vitla-vulkan-nova-h.jpg","type":"image\/jpeg"}],"twitter_card":"summary_large_image","twitter_misc":{"Procijenjeno vrijeme \u010ditanja":"2 minute"},"schema":{"@context":"https:\/\/schema.org","@graph":[{"@type":"WebPage","@id":"https:\/\/www.vulkan-nova.hr\/proizvodi\/zjevace\/","url":"https:\/\/www.vulkan-nova.hr\/proizvodi\/zjevace\/","name":"[:hr]Zjeva\u010de[:en]Fairleads[:] - Vulkan-Nova","isPartOf":{"@id":"https:\/\/www.vulkan-nova.hr\/hr\/#website"},"datePublished":"2016-12-16T14:14:06+00:00","dateModified":"2018-03-12T15:44:40+00:00","breadcrumb":{"@id":"https:\/\/www.vulkan-nova.hr\/proizvodi\/zjevace\/#breadcrumb"},"inLanguage":"hr","potentialAction":[{"@type":"ReadAction","target":["https:\/\/www.vulkan-nova.hr\/proizvodi\/zjevace\/"]}]},{"@type":"BreadcrumbList","@id":"https:\/\/www.vulkan-nova.hr\/proizvodi\/zjevace\/#breadcrumb","itemListElement":[{"@type":"ListItem","position":1,"name":"Po\u010detna stranica","item":"https:\/\/www.vulkan-nova.hr\/"},{"@type":"ListItem","position":2,"name":"Proizvodi","item":"https:\/\/www.vulkan-nova.hr\/proizvodi\/"},{"@type":"ListItem","position":3,"name":"Zjeva\u010de"}]},{"@type":"WebSite","@id":"https:\/\/www.vulkan-nova.hr\/hr\/#website","url":"https:\/\/www.vulkan-nova.hr\/hr\/","name":"Vulkan-Nova","description":"Tvornica dizalica i brodske opreme","potentialAction":[{"@type":"SearchAction","target":{"@type":"EntryPoint","urlTemplate":"https:\/\/www.vulkan-nova.hr\/hr\/?s={search_term_string}"},"query-input":"required name=search_term_string"}],"inLanguage":"hr"}]}},"_links":{"self":[{"href":"https:\/\/www.vulkan-nova.hr\/hr\/wp-json\/wp\/v2\/pages\/2634"}],"collection":[{"href":"https:\/\/www.vulkan-nova.hr\/hr\/wp-json\/wp\/v2\/pages"}],"about":[{"href":"https:\/\/www.vulkan-nova.hr\/hr\/wp-json\/wp\/v2\/types\/page"}],"author":[{"embeddable":true,"href":"https:\/\/www.vulkan-nova.hr\/hr\/wp-json\/wp\/v2\/users\/1"}],"replies":[{"embeddable":true,"href":"https:\/\/www.vulkan-nova.hr\/hr\/wp-json\/wp\/v2\/comments?post=2634"}],"version-history":[{"count":5,"href":"https:\/\/www.vulkan-nova.hr\/hr\/wp-json\/wp\/v2\/pages\/2634\/revisions"}],"predecessor-version":[{"id":3355,"href":"https:\/\/www.vulkan-nova.hr\/hr\/wp-json\/wp\/v2\/pages\/2634\/revisions\/3355"}],"up":[{"embeddable":true,"href":"https:\/\/www.vulkan-nova.hr\/hr\/wp-json\/wp\/v2\/pages\/2477"}],"wp:featuredmedia":[{"embeddable":true,"href":"https:\/\/www.vulkan-nova.hr\/hr\/wp-json\/wp\/v2\/media\/2469"}],"wp:attachment":[{"href":"https:\/\/www.vulkan-nova.hr\/hr\/wp-json\/wp\/v2\/media?parent=2634"}],"curies":[{"name":"wp","href":"https:\/\/api.w.org\/{rel}","templated":true}]}}