{"id":2628,"date":"2016-12-16T14:01:33","date_gmt":"2016-12-16T14:01:33","guid":{"rendered":"http:\/\/www.vulkan-nova.hr\/?page_id=2628"},"modified":"2018-03-12T15:33:00","modified_gmt":"2018-03-12T15:33:00","slug":"bitve","status":"publish","type":"page","link":"https:\/\/www.vulkan-nova.hr\/hr\/proizvodi\/bitve\/","title":{"rendered":"Bitve"},"content":{"rendered":"<p>[vc_row][vc_column][vc_custom_heading text=&#8221;Bitve&#8221; use_theme_fonts=&#8221;yes&#8221; el_class=&#8221;title&#8221;][vc_column_text]Na\u0161e bitve dizajnirane su i proizvedene da zadovolje sve tehni\u010dke, funkcionalne zahtjeve korisnika te mjerodavnih standarda i propisa. Izra\u0111ene su od konstrukcijskog \u010delika i zavarene za palubu.<br \/>\nMogu biti:<br \/>\n\u2022 jednostruke<br \/>\n\u2022 dvostruke<br \/>\n\u2022 kri\u017ene<br \/>\n\u2022 ugradbene[\/vc_column_text][vc_column_text]Izra\u0111uju se prema me\u0111unarodno priznatim standardima, kao \u0161to su ISO 3913, ISO 13795, NS 2584, DIN 82607, SB, te prema specijalnom zahtjevu korisnika.<br \/>\nNosivost: za prekidnu silu u\u017eeta do 1000 kN (SWL 1000 kN)[\/vc_column_text][\/vc_column][\/vc_row][vc_row css=&#8221;.vc_custom_1453450201221{margin-bottom: 15px !important;}&#8221;][vc_column]<div class=\"gallery-fs\"><figure><img decoding=\"async\" src=\"https:\/\/www.vulkan-nova.hr\/wp-content\/uploads\/2016\/12\/bitve-brodska-oprema1.jpg\" alt=\"bitve-brodska-oprema\"><figcaption>bitve-brodska-oprema<\/figcaption><\/figure><div class=\"gallery-fs-nav\"><button class=\"gallery-fs-fullscreen\"><i class=\"fa fa-arrows-alt\"><\/i><\/button><\/div><div class=\"gallery-fs-thumbnails gallery-fs-thumbnails-col-5 owl-carousel\"><a href='https:\/\/www.vulkan-nova.hr\/wp-content\/uploads\/2016\/12\/bitve-brodska-oprema1.jpg' data-caption='bitve-brodska-oprema' title='bitve-brodska-oprema' class=\"selected\"><img loading=\"lazy\" decoding=\"async\" width=\"280\" height=\"210\" src=\"https:\/\/www.vulkan-nova.hr\/wp-content\/uploads\/2016\/12\/bitve-brodska-oprema1-280x210.jpg\" class=\"attachment-anps-gallery-thumb size-anps-gallery-thumb\" alt=\"bitve-brodska-oprema\" \/><\/a><a href='https:\/\/www.vulkan-nova.hr\/wp-content\/uploads\/2016\/12\/bitve-brodska-oprema2.jpg' data-caption='bitve-brodska-oprema' title='bitve-brodska-oprema'><img loading=\"lazy\" decoding=\"async\" width=\"280\" height=\"210\" src=\"https:\/\/www.vulkan-nova.hr\/wp-content\/uploads\/2016\/12\/bitve-brodska-oprema2-280x210.jpg\" class=\"attachment-anps-gallery-thumb size-anps-gallery-thumb\" alt=\"bitve-brodska-oprema\" \/><\/a><a href='https:\/\/www.vulkan-nova.hr\/wp-content\/uploads\/2016\/12\/bitve-brodska-oprema3.jpg' data-caption='bitve-brodska-oprema' title='bitve-brodska-oprema'><img loading=\"lazy\" decoding=\"async\" width=\"280\" height=\"210\" src=\"https:\/\/www.vulkan-nova.hr\/wp-content\/uploads\/2016\/12\/bitve-brodska-oprema3-280x210.jpg\" class=\"attachment-anps-gallery-thumb size-anps-gallery-thumb\" alt=\"bitve-brodska-oprema\" \/><\/a><a href='https:\/\/www.vulkan-nova.hr\/wp-content\/uploads\/2016\/12\/bitve-brodska-oprema4.jpg' data-caption='bitve-brodska-oprema' title='bitve-brodska-oprema'><img loading=\"lazy\" decoding=\"async\" width=\"280\" height=\"210\" src=\"https:\/\/www.vulkan-nova.hr\/wp-content\/uploads\/2016\/12\/bitve-brodska-oprema4-280x210.jpg\" class=\"attachment-anps-gallery-thumb size-anps-gallery-thumb\" alt=\"bitve-brodska-oprema\" \/><\/a><a href='https:\/\/www.vulkan-nova.hr\/wp-content\/uploads\/2016\/12\/bitve-brodska-oprema5.jpg' data-caption='bitve-brodska-oprema5' title='bitve-brodska-oprema5'><img loading=\"lazy\" decoding=\"async\" width=\"280\" height=\"210\" src=\"https:\/\/www.vulkan-nova.hr\/wp-content\/uploads\/2016\/12\/bitve-brodska-oprema5-280x210.jpg\" class=\"attachment-anps-gallery-thumb size-anps-gallery-thumb\" alt=\"\" \/><\/a><\/div><\/div>[\/vc_column][\/vc_row][vc_row css=&#8221;.vc_custom_1481722204005{padding-top: 50px !important;}&#8221;][vc_column]<div class='table-responsive'><table class='table table-striped table-bordered'><thead  class='bg-primary'><tr><th>Tehni\u00c4\u008dke karakteristike<\/th><th><\/th><\/tr><\/thead><tbody><tr><td>NAZIVNA NOSIVOST:<\/td><td>30 \u2013 1000 kN<\/td><\/tr><tr><td>TIPOVI: <\/td><td>razni \u2013 prema va\u017ee\u0107im standardima brodogradnje<\/td><\/tr><\/tbody><\/table><\/div>[\/vc_column][\/vc_row]<\/p>","protected":false},"excerpt":{"rendered":"<p>[vc_row][vc_column][vc_custom_heading text=&#8221;Bitve&#8221; use_theme_fonts=&#8221;yes&#8221; el_class=&#8221;title&#8221;][vc_column_text]Na\u0161e bitve dizajnirane su i proizvedene da zadovolje sve tehni\u010dke, funkcionalne zahtjeve korisnika te mjerodavnih standarda i propisa. Izra\u0111ene su od konstrukcijskog \u010delika i zavarene za palubu. Mogu biti: \u2022 jednostruke \u2022 dvostruke \u2022 kri\u017ene \u2022 ugradbene[\/vc_column_text][vc_column_text]Izra\u0111uju &hellip;<\/p>\n","protected":false},"author":1,"featured_media":2469,"parent":2477,"menu_order":0,"comment_status":"closed","ping_status":"closed","template":"","meta":{"footnotes":""},"yoast_head":"<!-- This site is optimized with the Yoast SEO plugin v21.8 - https:\/\/yoast.com\/wordpress\/plugins\/seo\/ -->\n<title>Bitve - Vulkan-Nova<\/title>\n<meta name=\"description\" content=\"Na\u0161e bitve dizajnirane su i proizvedene da zadovolje sve tehni\u010dke, funkcionalne zahtjeve korisnika te mjerodavnih standarda i propisa.\" \/>\n<meta name=\"robots\" content=\"index, follow, max-snippet:-1, max-image-preview:large, max-video-preview:-1\" \/>\n<link rel=\"canonical\" href=\"https:\/\/www.vulkan-nova.hr\/proizvodi\/bitve\/\" \/>\n<meta property=\"og:locale\" content=\"hr_HR\" \/>\n<meta property=\"og:type\" content=\"article\" \/>\n<meta property=\"og:title\" content=\"Bitve - Vulkan-Nova\" \/>\n<meta property=\"og:description\" content=\"Na\u0161e bitve dizajnirane su i proizvedene da zadovolje sve tehni\u010dke, funkcionalne zahtjeve korisnika te mjerodavnih standarda i propisa.\" \/>\n<meta property=\"og:url\" content=\"https:\/\/www.vulkan-nova.hr\/proizvodi\/bitve\/\" \/>\n<meta property=\"og:site_name\" content=\"Vulkan-Nova\" \/>\n<meta property=\"article:modified_time\" content=\"2018-03-12T15:33:00+00:00\" \/>\n<meta property=\"og:image\" content=\"https:\/\/www.vulkan-nova.hr\/wp-content\/uploads\/2016\/01\/sidreno-pritezna-vitla-vulkan-nova-h.jpg\" \/>\n\t<meta property=\"og:image:width\" content=\"1920\" \/>\n\t<meta property=\"og:image:height\" content=\"300\" \/>\n\t<meta property=\"og:image:type\" content=\"image\/jpeg\" \/>\n<meta name=\"twitter:card\" content=\"summary_large_image\" \/>\n<meta name=\"twitter:label1\" content=\"Procijenjeno vrijeme \u010ditanja\" \/>\n\t<meta name=\"twitter:data1\" content=\"2 minute\" \/>\n<script type=\"application\/ld+json\" class=\"yoast-schema-graph\">{\"@context\":\"https:\/\/schema.org\",\"@graph\":[{\"@type\":\"WebPage\",\"@id\":\"https:\/\/www.vulkan-nova.hr\/proizvodi\/bitve\/\",\"url\":\"https:\/\/www.vulkan-nova.hr\/proizvodi\/bitve\/\",\"name\":\"Bitve - Vulkan-Nova\",\"isPartOf\":{\"@id\":\"https:\/\/www.vulkan-nova.hr\/hr\/#website\"},\"datePublished\":\"2016-12-16T14:01:33+00:00\",\"dateModified\":\"2018-03-12T15:33:00+00:00\",\"description\":\"Na\u0161e bitve dizajnirane su i proizvedene da zadovolje sve tehni\u010dke, funkcionalne zahtjeve korisnika te mjerodavnih standarda i propisa.\",\"breadcrumb\":{\"@id\":\"https:\/\/www.vulkan-nova.hr\/proizvodi\/bitve\/#breadcrumb\"},\"inLanguage\":\"hr\",\"potentialAction\":[{\"@type\":\"ReadAction\",\"target\":[\"https:\/\/www.vulkan-nova.hr\/proizvodi\/bitve\/\"]}]},{\"@type\":\"BreadcrumbList\",\"@id\":\"https:\/\/www.vulkan-nova.hr\/proizvodi\/bitve\/#breadcrumb\",\"itemListElement\":[{\"@type\":\"ListItem\",\"position\":1,\"name\":\"Po\u010detna stranica\",\"item\":\"https:\/\/www.vulkan-nova.hr\/\"},{\"@type\":\"ListItem\",\"position\":2,\"name\":\"Proizvodi\",\"item\":\"https:\/\/www.vulkan-nova.hr\/proizvodi\/\"},{\"@type\":\"ListItem\",\"position\":3,\"name\":\"Bitve\"}]},{\"@type\":\"WebSite\",\"@id\":\"https:\/\/www.vulkan-nova.hr\/hr\/#website\",\"url\":\"https:\/\/www.vulkan-nova.hr\/hr\/\",\"name\":\"Vulkan-Nova\",\"description\":\"Tvornica dizalica i brodske opreme\",\"potentialAction\":[{\"@type\":\"SearchAction\",\"target\":{\"@type\":\"EntryPoint\",\"urlTemplate\":\"https:\/\/www.vulkan-nova.hr\/hr\/?s={search_term_string}\"},\"query-input\":\"required name=search_term_string\"}],\"inLanguage\":\"hr\"}]}<\/script>\n<!-- \/ Yoast SEO plugin. -->","yoast_head_json":{"title":"Bitve - Vulkan-Nova","description":"Na\u0161e bitve dizajnirane su i proizvedene da zadovolje sve tehni\u010dke, funkcionalne zahtjeve korisnika te mjerodavnih standarda i propisa.","robots":{"index":"index","follow":"follow","max-snippet":"max-snippet:-1","max-image-preview":"max-image-preview:large","max-video-preview":"max-video-preview:-1"},"canonical":"https:\/\/www.vulkan-nova.hr\/proizvodi\/bitve\/","og_locale":"hr_HR","og_type":"article","og_title":"Bitve - Vulkan-Nova","og_description":"Na\u0161e bitve dizajnirane su i proizvedene da zadovolje sve tehni\u010dke, funkcionalne zahtjeve korisnika te mjerodavnih standarda i propisa.","og_url":"https:\/\/www.vulkan-nova.hr\/proizvodi\/bitve\/","og_site_name":"Vulkan-Nova","article_modified_time":"2018-03-12T15:33:00+00:00","og_image":[{"width":1920,"height":300,"url":"https:\/\/www.vulkan-nova.hr\/wp-content\/uploads\/2016\/01\/sidreno-pritezna-vitla-vulkan-nova-h.jpg","type":"image\/jpeg"}],"twitter_card":"summary_large_image","twitter_misc":{"Procijenjeno vrijeme \u010ditanja":"2 minute"},"schema":{"@context":"https:\/\/schema.org","@graph":[{"@type":"WebPage","@id":"https:\/\/www.vulkan-nova.hr\/proizvodi\/bitve\/","url":"https:\/\/www.vulkan-nova.hr\/proizvodi\/bitve\/","name":"Bitve - Vulkan-Nova","isPartOf":{"@id":"https:\/\/www.vulkan-nova.hr\/hr\/#website"},"datePublished":"2016-12-16T14:01:33+00:00","dateModified":"2018-03-12T15:33:00+00:00","description":"Na\u0161e bitve dizajnirane su i proizvedene da zadovolje sve tehni\u010dke, funkcionalne zahtjeve korisnika te mjerodavnih standarda i propisa.","breadcrumb":{"@id":"https:\/\/www.vulkan-nova.hr\/proizvodi\/bitve\/#breadcrumb"},"inLanguage":"hr","potentialAction":[{"@type":"ReadAction","target":["https:\/\/www.vulkan-nova.hr\/proizvodi\/bitve\/"]}]},{"@type":"BreadcrumbList","@id":"https:\/\/www.vulkan-nova.hr\/proizvodi\/bitve\/#breadcrumb","itemListElement":[{"@type":"ListItem","position":1,"name":"Po\u010detna stranica","item":"https:\/\/www.vulkan-nova.hr\/"},{"@type":"ListItem","position":2,"name":"Proizvodi","item":"https:\/\/www.vulkan-nova.hr\/proizvodi\/"},{"@type":"ListItem","position":3,"name":"Bitve"}]},{"@type":"WebSite","@id":"https:\/\/www.vulkan-nova.hr\/hr\/#website","url":"https:\/\/www.vulkan-nova.hr\/hr\/","name":"Vulkan-Nova","description":"Tvornica dizalica i brodske opreme","potentialAction":[{"@type":"SearchAction","target":{"@type":"EntryPoint","urlTemplate":"https:\/\/www.vulkan-nova.hr\/hr\/?s={search_term_string}"},"query-input":"required name=search_term_string"}],"inLanguage":"hr"}]}},"_links":{"self":[{"href":"https:\/\/www.vulkan-nova.hr\/hr\/wp-json\/wp\/v2\/pages\/2628"}],"collection":[{"href":"https:\/\/www.vulkan-nova.hr\/hr\/wp-json\/wp\/v2\/pages"}],"about":[{"href":"https:\/\/www.vulkan-nova.hr\/hr\/wp-json\/wp\/v2\/types\/page"}],"author":[{"embeddable":true,"href":"https:\/\/www.vulkan-nova.hr\/hr\/wp-json\/wp\/v2\/users\/1"}],"replies":[{"embeddable":true,"href":"https:\/\/www.vulkan-nova.hr\/hr\/wp-json\/wp\/v2\/comments?post=2628"}],"version-history":[{"count":5,"href":"https:\/\/www.vulkan-nova.hr\/hr\/wp-json\/wp\/v2\/pages\/2628\/revisions"}],"predecessor-version":[{"id":3352,"href":"https:\/\/www.vulkan-nova.hr\/hr\/wp-json\/wp\/v2\/pages\/2628\/revisions\/3352"}],"up":[{"embeddable":true,"href":"https:\/\/www.vulkan-nova.hr\/hr\/wp-json\/wp\/v2\/pages\/2477"}],"wp:featuredmedia":[{"embeddable":true,"href":"https:\/\/www.vulkan-nova.hr\/hr\/wp-json\/wp\/v2\/media\/2469"}],"wp:attachment":[{"href":"https:\/\/www.vulkan-nova.hr\/hr\/wp-json\/wp\/v2\/media?parent=2628"}],"curies":[{"name":"wp","href":"https:\/\/api.w.org\/{rel}","templated":true}]}}