{"id":2591,"date":"2016-12-16T08:46:28","date_gmt":"2016-12-16T08:46:28","guid":{"rendered":"http:\/\/www.vulkan-nova.hr\/?page_id=2591"},"modified":"2018-01-22T09:31:15","modified_gmt":"2018-01-22T09:31:15","slug":"brodske-dizalice","status":"publish","type":"page","link":"https:\/\/www.vulkan-nova.hr\/hr\/proizvodi\/brodske-dizalice\/","title":{"rendered":"Brodske dizalice"},"content":{"rendered":"<p>[vc_row][vc_column][vc_custom_heading text=&#8221;Dizalice strojarnice&#8221; use_theme_fonts=&#8221;yes&#8221; el_class=&#8221;title&#8221;][vc_column_text]Dizalice strojarnice primjenjuju se za podizanje tereta u brodskoj strojarnici. Mogu biti izvedene u jednogrednoj, dvogrednoj i okretnoj varijanti. Nosivosti ovih dizalica mo\u017eemo izvesti od 0,5 do 30t. Upravljati ovim dizalicama mo\u017ee se preko vise\u0107eg upravlja\u010dkog tipkala ili be\u017ei\u010dno.[\/vc_column_text][\/vc_column][\/vc_row][vc_row css=&#8221;.vc_custom_1453450201221{margin-bottom: 15px !important;}&#8221;][vc_column]<div class=\"gallery-fs\"><figure><img decoding=\"async\" src=\"https:\/\/www.vulkan-nova.hr\/wp-content\/uploads\/2016\/12\/dizalica-strojarnice.jpg\" alt=\"dizalica-strojarnice\"><figcaption>dizalica-strojarnice<\/figcaption><\/figure><div class=\"gallery-fs-nav\"><button class=\"gallery-fs-fullscreen\"><i class=\"fa fa-arrows-alt\"><\/i><\/button><\/div><div class=\"gallery-fs-thumbnails gallery-fs-thumbnails-col-5 owl-carousel\"><a href='https:\/\/www.vulkan-nova.hr\/wp-content\/uploads\/2016\/12\/dizalica-strojarnice.jpg' data-caption='dizalica-strojarnice' title='dizalica-strojarnice' class=\"selected\"><img loading=\"lazy\" decoding=\"async\" width=\"280\" height=\"210\" src=\"https:\/\/www.vulkan-nova.hr\/wp-content\/uploads\/2016\/12\/dizalica-strojarnice-280x210.jpg\" class=\"attachment-anps-gallery-thumb size-anps-gallery-thumb\" alt=\"dizalica-strojarnice\" \/><\/a><a href='https:\/\/www.vulkan-nova.hr\/wp-content\/uploads\/2016\/12\/dizalica-brodske-strojarnice.jpg' data-caption='dizalica-brodske-strojarnice' title='dizalica-brodske-strojarnice'><img loading=\"lazy\" decoding=\"async\" width=\"280\" height=\"210\" src=\"https:\/\/www.vulkan-nova.hr\/wp-content\/uploads\/2016\/12\/dizalica-brodske-strojarnice-280x210.jpg\" class=\"attachment-anps-gallery-thumb size-anps-gallery-thumb\" alt=\"\" \/><\/a><\/div><\/div>[\/vc_column][\/vc_row][vc_row css=&#8221;.vc_custom_1481722204005{padding-top: 50px !important;}&#8221;][vc_column]<div class='table-responsive'><table class='table table-striped table-bordered'><thead  class='bg-primary'><tr><th>Tehni\u010dke karakteristike<\/th><th><\/th><\/tr><\/thead><tbody><tr><td>NAZIV:<\/td><td>OKRETNA<\/td><\/tr><tr><td>NOSIVOST:<\/td><td>0,5 \u2013 10 t<\/td><\/tr><tr><td>VISINA DIZANJA:<\/td><td>do 20 m\/min<\/td><\/tr><tr><td>BRZINA DIZANJA:<\/td><td>do 7,4 m\/min<\/td><\/tr><tr><td>BRZINA VO\u017dNJE:<\/td><td>do 5 m\/min<\/td><\/tr><tr><td>BRZINA ROTACIJE:<\/td><td>do 0,6 okretaja\/min<\/td><\/tr><\/tbody><\/table><\/div>[\/vc_column][\/vc_row][vc_row css=&#8221;.vc_custom_1453450201221{margin-bottom: 15px !important;}&#8221;][vc_column]<div class=\"gallery-fs\"><figure><img decoding=\"async\" src=\"https:\/\/www.vulkan-nova.hr\/wp-content\/uploads\/2016\/12\/Dizalice-strojarnice-mosna.jpg\" alt=\"Dizalice-strojarnice-mosna\"><figcaption>Dizalice-strojarnice-mosna<\/figcaption><\/figure><\/div>[\/vc_column][\/vc_row][vc_row css=&#8221;.vc_custom_1481722204005{padding-top: 50px !important;}&#8221;][vc_column]<div class='table-responsive'><table class='table table-striped table-bordered'><thead  class='bg-primary'><tr><th>Tehni\u010dke karakteristike<\/th><th><\/th><\/tr><\/thead><tbody><tr><td>NAZIV:<\/td><td>MOSNA<\/td><\/tr><tr><td>NOSIVOST:<\/td><td>0,5 \u2013 10 t<\/td><\/tr><tr><td>VISINA DIZANJA:<\/td><td>do 20 m\/min<\/td><\/tr><tr><td>BRZINA DIZANJA:<\/td><td>do 7,4 m\/min<\/td><\/tr><tr><td>BRZINA VO\u017dNJE MOSTA:<\/td><td>do 5 m\/min<\/td><\/tr><tr><td>BRZINA VO\u017dNJE VITLA:<\/td><td>do 5 m\/min<\/td><\/tr><\/tbody><\/table><\/div>[\/vc_column][\/vc_row][vc_row css=&#8221;.vc_custom_1453450201221{margin-bottom: 15px !important;}&#8221;][vc_column]<div class=\"gallery-fs\"><figure><img decoding=\"async\" src=\"https:\/\/www.vulkan-nova.hr\/wp-content\/uploads\/2016\/12\/Pomocna-dizalica.jpg\" alt=\"Pomocna-dizalica\"><figcaption>Pomocna-dizalica<\/figcaption><\/figure><div class=\"gallery-fs-nav\"><button class=\"gallery-fs-fullscreen\"><i class=\"fa fa-arrows-alt\"><\/i><\/button><\/div><div class=\"gallery-fs-thumbnails gallery-fs-thumbnails-col-5 owl-carousel\"><a href='https:\/\/www.vulkan-nova.hr\/wp-content\/uploads\/2016\/12\/Pomocna-dizalica.jpg' data-caption='Pomocna-dizalica' title='Pomocna-dizalica' class=\"selected\"><img loading=\"lazy\" decoding=\"async\" width=\"280\" height=\"210\" src=\"https:\/\/www.vulkan-nova.hr\/wp-content\/uploads\/2016\/12\/Pomocna-dizalica-280x210.jpg\" class=\"attachment-anps-gallery-thumb size-anps-gallery-thumb\" alt=\"Pomocna-dizalica\" \/><\/a><a href='https:\/\/www.vulkan-nova.hr\/wp-content\/uploads\/2016\/12\/Pomocna-dizalica-1.jpg' data-caption='Pomocna-dizalica' title='Pomocna-dizalica'><img loading=\"lazy\" decoding=\"async\" width=\"280\" height=\"210\" src=\"https:\/\/www.vulkan-nova.hr\/wp-content\/uploads\/2016\/12\/Pomocna-dizalica-1-280x210.jpg\" class=\"attachment-anps-gallery-thumb size-anps-gallery-thumb\" alt=\"Pomocna-dizalica\" \/><\/a><\/div><\/div>[\/vc_column][\/vc_row][vc_row css=&#8221;.vc_custom_1481722204005{padding-top: 50px !important;}&#8221;][vc_column]<div class='table-responsive'><table class='table table-striped table-bordered'><thead  class='bg-primary'><tr><th>Tehni\u010dke karakteristike<\/th><th><\/th><\/tr><\/thead><tbody><tr><td>NAZIV:<\/td><td>POMO\u0106NE DIZALICE<\/td><\/tr><tr><td>NOSIVOST:<\/td><td>0,5 \u2013 10 t<\/td><\/tr><tr><td>VISINA DIZANJA:<\/td><td>do 20 m\/min<\/td><\/tr><tr><td>BRZINA DIZANJA:<\/td><td>do 7,4 m\/min<\/td><\/tr><tr><td>BRZINA VO\u017dNJE MOSTA:<\/td><td>do 5 m\/min<\/td><\/tr><tr><td>BRZINA ROTACIJE:<\/td><td>do 0,6 okretaja\/min<\/td><\/tr><\/tbody><\/table><\/div>[\/vc_column][\/vc_row]<\/p>","protected":false},"excerpt":{"rendered":"<p>[vc_row][vc_column][vc_custom_heading text=&#8221;Dizalice strojarnice&#8221; use_theme_fonts=&#8221;yes&#8221; el_class=&#8221;title&#8221;][vc_column_text]Dizalice strojarnice primjenjuju se za podizanje tereta u brodskoj strojarnici. Mogu biti izvedene u jednogrednoj, dvogrednoj i okretnoj varijanti. Nosivosti ovih dizalica mo\u017eemo izvesti od 0,5 do 30t. Upravljati ovim dizalicama mo\u017ee se preko vise\u0107eg upravlja\u010dkog &hellip;<\/p>\n","protected":false},"author":1,"featured_media":2469,"parent":2477,"menu_order":0,"comment_status":"closed","ping_status":"closed","template":"","meta":{"footnotes":""},"yoast_head":"<!-- This site is optimized with the Yoast SEO plugin v21.8 - https:\/\/yoast.com\/wordpress\/plugins\/seo\/ -->\n<title>Brodske dizalice - Vulkan-Nova<\/title>\n<meta name=\"description\" content=\"Dizalice strojarnice, dizalice provijanta i palubne dizalice. Saznajte o njihovoj nosivosti, primjeni i sve ostale karakteristike na\u0161ih brodskih dizalica.\" \/>\n<meta name=\"robots\" content=\"index, follow, max-snippet:-1, max-image-preview:large, max-video-preview:-1\" \/>\n<link rel=\"canonical\" href=\"https:\/\/www.vulkan-nova.hr\/proizvodi\/brodske-dizalice\/\" \/>\n<meta property=\"og:locale\" content=\"hr_HR\" \/>\n<meta property=\"og:type\" content=\"article\" \/>\n<meta property=\"og:title\" content=\"Brodske dizalice - Vulkan-Nova\" \/>\n<meta property=\"og:description\" content=\"Dizalice strojarnice, dizalice provijanta i palubne dizalice. Saznajte o njihovoj nosivosti, primjeni i sve ostale karakteristike na\u0161ih brodskih dizalica.\" \/>\n<meta property=\"og:url\" content=\"https:\/\/www.vulkan-nova.hr\/proizvodi\/brodske-dizalice\/\" \/>\n<meta property=\"og:site_name\" content=\"Vulkan-Nova\" \/>\n<meta property=\"article:modified_time\" content=\"2018-01-22T09:31:15+00:00\" \/>\n<meta property=\"og:image\" content=\"https:\/\/www.vulkan-nova.hr\/wp-content\/uploads\/2016\/01\/sidreno-pritezna-vitla-vulkan-nova-h.jpg\" \/>\n\t<meta property=\"og:image:width\" content=\"1920\" \/>\n\t<meta property=\"og:image:height\" content=\"300\" \/>\n\t<meta property=\"og:image:type\" content=\"image\/jpeg\" \/>\n<meta name=\"twitter:card\" content=\"summary_large_image\" \/>\n<meta name=\"twitter:label1\" content=\"Procijenjeno vrijeme \u010ditanja\" \/>\n\t<meta name=\"twitter:data1\" content=\"6 minuta\" \/>\n<script type=\"application\/ld+json\" class=\"yoast-schema-graph\">{\"@context\":\"https:\/\/schema.org\",\"@graph\":[{\"@type\":\"WebPage\",\"@id\":\"https:\/\/www.vulkan-nova.hr\/proizvodi\/brodske-dizalice\/\",\"url\":\"https:\/\/www.vulkan-nova.hr\/proizvodi\/brodske-dizalice\/\",\"name\":\"Brodske dizalice - Vulkan-Nova\",\"isPartOf\":{\"@id\":\"https:\/\/www.vulkan-nova.hr\/hr\/#website\"},\"datePublished\":\"2016-12-16T08:46:28+00:00\",\"dateModified\":\"2018-01-22T09:31:15+00:00\",\"description\":\"Dizalice strojarnice, dizalice provijanta i palubne dizalice. Saznajte o njihovoj nosivosti, primjeni i sve ostale karakteristike na\u0161ih brodskih dizalica.\",\"breadcrumb\":{\"@id\":\"https:\/\/www.vulkan-nova.hr\/proizvodi\/brodske-dizalice\/#breadcrumb\"},\"inLanguage\":\"hr\",\"potentialAction\":[{\"@type\":\"ReadAction\",\"target\":[\"https:\/\/www.vulkan-nova.hr\/proizvodi\/brodske-dizalice\/\"]}]},{\"@type\":\"BreadcrumbList\",\"@id\":\"https:\/\/www.vulkan-nova.hr\/proizvodi\/brodske-dizalice\/#breadcrumb\",\"itemListElement\":[{\"@type\":\"ListItem\",\"position\":1,\"name\":\"Po\u010detna stranica\",\"item\":\"https:\/\/www.vulkan-nova.hr\/\"},{\"@type\":\"ListItem\",\"position\":2,\"name\":\"Proizvodi\",\"item\":\"https:\/\/www.vulkan-nova.hr\/proizvodi\/\"},{\"@type\":\"ListItem\",\"position\":3,\"name\":\"Brodske dizalice\"}]},{\"@type\":\"WebSite\",\"@id\":\"https:\/\/www.vulkan-nova.hr\/hr\/#website\",\"url\":\"https:\/\/www.vulkan-nova.hr\/hr\/\",\"name\":\"Vulkan-Nova\",\"description\":\"Tvornica dizalica i brodske opreme\",\"potentialAction\":[{\"@type\":\"SearchAction\",\"target\":{\"@type\":\"EntryPoint\",\"urlTemplate\":\"https:\/\/www.vulkan-nova.hr\/hr\/?s={search_term_string}\"},\"query-input\":\"required name=search_term_string\"}],\"inLanguage\":\"hr\"}]}<\/script>\n<!-- \/ Yoast SEO plugin. -->","yoast_head_json":{"title":"Brodske dizalice - Vulkan-Nova","description":"Dizalice strojarnice, dizalice provijanta i palubne dizalice. Saznajte o njihovoj nosivosti, primjeni i sve ostale karakteristike na\u0161ih brodskih dizalica.","robots":{"index":"index","follow":"follow","max-snippet":"max-snippet:-1","max-image-preview":"max-image-preview:large","max-video-preview":"max-video-preview:-1"},"canonical":"https:\/\/www.vulkan-nova.hr\/proizvodi\/brodske-dizalice\/","og_locale":"hr_HR","og_type":"article","og_title":"Brodske dizalice - Vulkan-Nova","og_description":"Dizalice strojarnice, dizalice provijanta i palubne dizalice. Saznajte o njihovoj nosivosti, primjeni i sve ostale karakteristike na\u0161ih brodskih dizalica.","og_url":"https:\/\/www.vulkan-nova.hr\/proizvodi\/brodske-dizalice\/","og_site_name":"Vulkan-Nova","article_modified_time":"2018-01-22T09:31:15+00:00","og_image":[{"width":1920,"height":300,"url":"https:\/\/www.vulkan-nova.hr\/wp-content\/uploads\/2016\/01\/sidreno-pritezna-vitla-vulkan-nova-h.jpg","type":"image\/jpeg"}],"twitter_card":"summary_large_image","twitter_misc":{"Procijenjeno vrijeme \u010ditanja":"6 minuta"},"schema":{"@context":"https:\/\/schema.org","@graph":[{"@type":"WebPage","@id":"https:\/\/www.vulkan-nova.hr\/proizvodi\/brodske-dizalice\/","url":"https:\/\/www.vulkan-nova.hr\/proizvodi\/brodske-dizalice\/","name":"Brodske dizalice - Vulkan-Nova","isPartOf":{"@id":"https:\/\/www.vulkan-nova.hr\/hr\/#website"},"datePublished":"2016-12-16T08:46:28+00:00","dateModified":"2018-01-22T09:31:15+00:00","description":"Dizalice strojarnice, dizalice provijanta i palubne dizalice. Saznajte o njihovoj nosivosti, primjeni i sve ostale karakteristike na\u0161ih brodskih dizalica.","breadcrumb":{"@id":"https:\/\/www.vulkan-nova.hr\/proizvodi\/brodske-dizalice\/#breadcrumb"},"inLanguage":"hr","potentialAction":[{"@type":"ReadAction","target":["https:\/\/www.vulkan-nova.hr\/proizvodi\/brodske-dizalice\/"]}]},{"@type":"BreadcrumbList","@id":"https:\/\/www.vulkan-nova.hr\/proizvodi\/brodske-dizalice\/#breadcrumb","itemListElement":[{"@type":"ListItem","position":1,"name":"Po\u010detna stranica","item":"https:\/\/www.vulkan-nova.hr\/"},{"@type":"ListItem","position":2,"name":"Proizvodi","item":"https:\/\/www.vulkan-nova.hr\/proizvodi\/"},{"@type":"ListItem","position":3,"name":"Brodske dizalice"}]},{"@type":"WebSite","@id":"https:\/\/www.vulkan-nova.hr\/hr\/#website","url":"https:\/\/www.vulkan-nova.hr\/hr\/","name":"Vulkan-Nova","description":"Tvornica dizalica i brodske opreme","potentialAction":[{"@type":"SearchAction","target":{"@type":"EntryPoint","urlTemplate":"https:\/\/www.vulkan-nova.hr\/hr\/?s={search_term_string}"},"query-input":"required name=search_term_string"}],"inLanguage":"hr"}]}},"_links":{"self":[{"href":"https:\/\/www.vulkan-nova.hr\/hr\/wp-json\/wp\/v2\/pages\/2591"}],"collection":[{"href":"https:\/\/www.vulkan-nova.hr\/hr\/wp-json\/wp\/v2\/pages"}],"about":[{"href":"https:\/\/www.vulkan-nova.hr\/hr\/wp-json\/wp\/v2\/types\/page"}],"author":[{"embeddable":true,"href":"https:\/\/www.vulkan-nova.hr\/hr\/wp-json\/wp\/v2\/users\/1"}],"replies":[{"embeddable":true,"href":"https:\/\/www.vulkan-nova.hr\/hr\/wp-json\/wp\/v2\/comments?post=2591"}],"version-history":[{"count":5,"href":"https:\/\/www.vulkan-nova.hr\/hr\/wp-json\/wp\/v2\/pages\/2591\/revisions"}],"predecessor-version":[{"id":3184,"href":"https:\/\/www.vulkan-nova.hr\/hr\/wp-json\/wp\/v2\/pages\/2591\/revisions\/3184"}],"up":[{"embeddable":true,"href":"https:\/\/www.vulkan-nova.hr\/hr\/wp-json\/wp\/v2\/pages\/2477"}],"wp:featuredmedia":[{"embeddable":true,"href":"https:\/\/www.vulkan-nova.hr\/hr\/wp-json\/wp\/v2\/media\/2469"}],"wp:attachment":[{"href":"https:\/\/www.vulkan-nova.hr\/hr\/wp-json\/wp\/v2\/media?parent=2591"}],"curies":[{"name":"wp","href":"https:\/\/api.w.org\/{rel}","templated":true}]}}