{"id":2515,"date":"2016-12-14T13:48:22","date_gmt":"2016-12-14T13:48:22","guid":{"rendered":"http:\/\/www.vulkan-nova.hr\/?page_id=2515"},"modified":"2018-03-12T15:57:16","modified_gmt":"2018-03-12T15:57:16","slug":"stoperi-za-tegalj","status":"publish","type":"page","link":"https:\/\/www.vulkan-nova.hr\/hr\/proizvodi\/stoperi-za-tegalj\/","title":{"rendered":"\u0160toperi za tegalj"},"content":{"rendered":"<p>[vc_row][vc_column][vc_custom_heading text=&#8221;\u0160toperi za tegalj&#8221; use_theme_fonts=&#8221;yes&#8221; el_class=&#8221;title&#8221;][vc_column_text]<span style=\"color: #333333;\">Na\u0161 proizvodni program uklju\u010duje i SPM \u0161topere prema preporuci OCIMF-a iz 2007 godine. <\/span><\/p>\n<p><span style=\"color: #333333;\">Odlikuje ih pouzdan i siguran rad, te jednostavna uporaba.<\/span><\/p>\n<p><span style=\"color: #333333;\">Dostupan je u veli\u010dinama SWL 200t, SWL 250t, SWL 350T.<\/span>[\/vc_column_text][\/vc_column][\/vc_row][vc_row css=&#8221;.vc_custom_1453450201221{margin-bottom: 15px !important;}&#8221;][vc_column]<div class=\"gallery-fs\"><figure><img decoding=\"async\" src=\"\" alt=\"\"><figcaption>\u0160toperi za tegalj<\/figcaption><\/figure><\/div>[\/vc_column][\/vc_row][vc_row css=&#8221;.vc_custom_1481722204005{padding-top: 50px !important;}&#8221;][vc_column]<div class='table-responsive'><table class='table table-striped table-bordered'><thead  class='bg-primary'><tr><th>Tehni\u010dke karakteristike<\/th><th><\/th><\/tr><\/thead><tbody><tr><td>KALIBAR LANCA: <\/td><td>76 mm<\/td><\/tr><tr><td>NOMINALNA SILA:<\/td><td>200 t<\/td><\/tr><tr><td>UPRAVLJANJE:<\/td><td>lokalno<\/td><\/tr><\/tbody><\/table><\/div>[\/vc_column][\/vc_row]\u0160toperi za tegalj<\/figcaption><\/figure><\/div>[\/vc_column][\/vc_row][vc_row css=&#8221;.vc_custom_1481722204005{padding-top: 50px !important;}&#8221;][vc_column]<div class='table-responsive'><table class='table table-striped table-bordered'><thead  class='bg-primary'><tr><th>Technical characteristics<\/th><th><\/th><\/tr><\/thead><tbody><tr><td>CHAIN CALIBRE:<\/td><td>76 mm<\/td><\/tr><tr><td>NOMINAL FORCE:<\/td><td>200 t<\/td><\/tr><tr><td>CONTROL:<\/td><td>lokalno<\/td><\/tr><\/tbody><\/table><\/div>[\/vc_column][\/vc_row]<\/p>","protected":false},"excerpt":{"rendered":"<p>[vc_row][vc_column][vc_custom_heading text=&#8221;\u0160toperi za tegalj&#8221; use_theme_fonts=&#8221;yes&#8221; el_class=&#8221;title&#8221;][vc_column_text]Na\u0161 proizvodni program uklju\u010duje i SPM \u0161topere prema preporuci OCIMF-a iz 2007 godine. Odlikuje ih pouzdan i siguran rad, te jednostavna uporaba. Dostupan je u veli\u010dinama SWL 200t, SWL 250t, SWL 350T.[\/vc_column_text][\/vc_column][\/vc_row][vc_row css=&#8221;.vc_custom_1453450201221{margin-bottom: 15px !important;}&#8221;][vc_column][\/vc_column][\/vc_row][vc_row &hellip;<\/p>\n","protected":false},"author":1,"featured_media":2469,"parent":2477,"menu_order":0,"comment_status":"closed","ping_status":"closed","template":"","meta":{"footnotes":""},"yoast_head":"<!-- This site is optimized with the Yoast SEO plugin v21.8 - https:\/\/yoast.com\/wordpress\/plugins\/seo\/ -->\n<title>\u0160toperi za tegalj - Vulkan-Nova<\/title>\n<meta name=\"robots\" content=\"index, follow, max-snippet:-1, max-image-preview:large, max-video-preview:-1\" \/>\n<link rel=\"canonical\" href=\"https:\/\/www.vulkan-nova.hr\/proizvodi\/stoperi-za-tegalj\/\" \/>\n<meta property=\"og:locale\" content=\"hr_HR\" \/>\n<meta property=\"og:type\" content=\"article\" \/>\n<meta property=\"og:title\" content=\"[:hr]\u0160toperi za tegalj[:en]SPM stoppers[:] - Vulkan-Nova\" \/>\n<meta property=\"og:description\" content=\"[vc_row][vc_column][vc_custom_heading text=&#8221;\u0160toperi za tegalj&#8221; use_theme_fonts=&#8221;yes&#8221; el_class=&#8221;title&#8221;][vc_column_text]Na\u0161 proizvodni program uklju\u010duje i SPM \u0161topere prema preporuci OCIMF-a iz 2007 godine. Odlikuje ih pouzdan i siguran rad, te jednostavna uporaba. Dostupan je u veli\u010dinama SWL 200t, SWL 250t, SWL 350T.[\/vc_column_text][\/vc_column][\/vc_row][vc_row css=&#8221;.vc_custom_1453450201221{margin-bottom: 15px !important;}&#8221;][vc_column][\/vc_column][\/vc_row][vc_row &hellip;\" \/>\n<meta property=\"og:url\" content=\"https:\/\/www.vulkan-nova.hr\/proizvodi\/stoperi-za-tegalj\/\" \/>\n<meta property=\"og:site_name\" content=\"Vulkan-Nova\" \/>\n<meta property=\"article:modified_time\" content=\"2018-03-12T15:57:16+00:00\" \/>\n<meta property=\"og:image\" content=\"https:\/\/www.vulkan-nova.hr\/wp-content\/uploads\/2016\/01\/sidreno-pritezna-vitla-vulkan-nova-h.jpg\" \/>\n\t<meta property=\"og:image:width\" content=\"1920\" \/>\n\t<meta property=\"og:image:height\" content=\"300\" \/>\n\t<meta property=\"og:image:type\" content=\"image\/jpeg\" \/>\n<meta name=\"twitter:card\" content=\"summary_large_image\" \/>\n<meta name=\"twitter:label1\" content=\"Procijenjeno vrijeme \u010ditanja\" \/>\n\t<meta name=\"twitter:data1\" content=\"2 minute\" \/>\n<script type=\"application\/ld+json\" class=\"yoast-schema-graph\">{\"@context\":\"https:\/\/schema.org\",\"@graph\":[{\"@type\":\"WebPage\",\"@id\":\"https:\/\/www.vulkan-nova.hr\/proizvodi\/stoperi-za-tegalj\/\",\"url\":\"https:\/\/www.vulkan-nova.hr\/proizvodi\/stoperi-za-tegalj\/\",\"name\":\"[:hr]\u0160toperi za tegalj[:en]SPM stoppers[:] - Vulkan-Nova\",\"isPartOf\":{\"@id\":\"https:\/\/www.vulkan-nova.hr\/hr\/#website\"},\"datePublished\":\"2016-12-14T13:48:22+00:00\",\"dateModified\":\"2018-03-12T15:57:16+00:00\",\"breadcrumb\":{\"@id\":\"https:\/\/www.vulkan-nova.hr\/proizvodi\/stoperi-za-tegalj\/#breadcrumb\"},\"inLanguage\":\"hr\",\"potentialAction\":[{\"@type\":\"ReadAction\",\"target\":[\"https:\/\/www.vulkan-nova.hr\/proizvodi\/stoperi-za-tegalj\/\"]}]},{\"@type\":\"BreadcrumbList\",\"@id\":\"https:\/\/www.vulkan-nova.hr\/proizvodi\/stoperi-za-tegalj\/#breadcrumb\",\"itemListElement\":[{\"@type\":\"ListItem\",\"position\":1,\"name\":\"Po\u010detna stranica\",\"item\":\"https:\/\/www.vulkan-nova.hr\/\"},{\"@type\":\"ListItem\",\"position\":2,\"name\":\"Proizvodi\",\"item\":\"https:\/\/www.vulkan-nova.hr\/proizvodi\/\"},{\"@type\":\"ListItem\",\"position\":3,\"name\":\"\u0160toperi za tegalj\"}]},{\"@type\":\"WebSite\",\"@id\":\"https:\/\/www.vulkan-nova.hr\/hr\/#website\",\"url\":\"https:\/\/www.vulkan-nova.hr\/hr\/\",\"name\":\"Vulkan-Nova\",\"description\":\"Tvornica dizalica i brodske opreme\",\"potentialAction\":[{\"@type\":\"SearchAction\",\"target\":{\"@type\":\"EntryPoint\",\"urlTemplate\":\"https:\/\/www.vulkan-nova.hr\/hr\/?s={search_term_string}\"},\"query-input\":\"required name=search_term_string\"}],\"inLanguage\":\"hr\"}]}<\/script>\n<!-- \/ Yoast SEO plugin. -->","yoast_head_json":{"title":"[:hr]\u0160toperi za tegalj[:en]SPM stoppers[:] - Vulkan-Nova","robots":{"index":"index","follow":"follow","max-snippet":"max-snippet:-1","max-image-preview":"max-image-preview:large","max-video-preview":"max-video-preview:-1"},"canonical":"https:\/\/www.vulkan-nova.hr\/proizvodi\/stoperi-za-tegalj\/","og_locale":"hr_HR","og_type":"article","og_title":"[:hr]\u0160toperi za tegalj[:en]SPM stoppers[:] - Vulkan-Nova","og_description":"[vc_row][vc_column][vc_custom_heading text=&#8221;\u0160toperi za tegalj&#8221; use_theme_fonts=&#8221;yes&#8221; el_class=&#8221;title&#8221;][vc_column_text]Na\u0161 proizvodni program uklju\u010duje i SPM \u0161topere prema preporuci OCIMF-a iz 2007 godine. Odlikuje ih pouzdan i siguran rad, te jednostavna uporaba. Dostupan je u veli\u010dinama SWL 200t, SWL 250t, SWL 350T.[\/vc_column_text][\/vc_column][\/vc_row][vc_row css=&#8221;.vc_custom_1453450201221{margin-bottom: 15px !important;}&#8221;][vc_column][\/vc_column][\/vc_row][vc_row &hellip;","og_url":"https:\/\/www.vulkan-nova.hr\/proizvodi\/stoperi-za-tegalj\/","og_site_name":"Vulkan-Nova","article_modified_time":"2018-03-12T15:57:16+00:00","og_image":[{"width":1920,"height":300,"url":"https:\/\/www.vulkan-nova.hr\/wp-content\/uploads\/2016\/01\/sidreno-pritezna-vitla-vulkan-nova-h.jpg","type":"image\/jpeg"}],"twitter_card":"summary_large_image","twitter_misc":{"Procijenjeno vrijeme \u010ditanja":"2 minute"},"schema":{"@context":"https:\/\/schema.org","@graph":[{"@type":"WebPage","@id":"https:\/\/www.vulkan-nova.hr\/proizvodi\/stoperi-za-tegalj\/","url":"https:\/\/www.vulkan-nova.hr\/proizvodi\/stoperi-za-tegalj\/","name":"[:hr]\u0160toperi za tegalj[:en]SPM stoppers[:] - Vulkan-Nova","isPartOf":{"@id":"https:\/\/www.vulkan-nova.hr\/hr\/#website"},"datePublished":"2016-12-14T13:48:22+00:00","dateModified":"2018-03-12T15:57:16+00:00","breadcrumb":{"@id":"https:\/\/www.vulkan-nova.hr\/proizvodi\/stoperi-za-tegalj\/#breadcrumb"},"inLanguage":"hr","potentialAction":[{"@type":"ReadAction","target":["https:\/\/www.vulkan-nova.hr\/proizvodi\/stoperi-za-tegalj\/"]}]},{"@type":"BreadcrumbList","@id":"https:\/\/www.vulkan-nova.hr\/proizvodi\/stoperi-za-tegalj\/#breadcrumb","itemListElement":[{"@type":"ListItem","position":1,"name":"Po\u010detna stranica","item":"https:\/\/www.vulkan-nova.hr\/"},{"@type":"ListItem","position":2,"name":"Proizvodi","item":"https:\/\/www.vulkan-nova.hr\/proizvodi\/"},{"@type":"ListItem","position":3,"name":"\u0160toperi za tegalj"}]},{"@type":"WebSite","@id":"https:\/\/www.vulkan-nova.hr\/hr\/#website","url":"https:\/\/www.vulkan-nova.hr\/hr\/","name":"Vulkan-Nova","description":"Tvornica dizalica i brodske opreme","potentialAction":[{"@type":"SearchAction","target":{"@type":"EntryPoint","urlTemplate":"https:\/\/www.vulkan-nova.hr\/hr\/?s={search_term_string}"},"query-input":"required name=search_term_string"}],"inLanguage":"hr"}]}},"_links":{"self":[{"href":"https:\/\/www.vulkan-nova.hr\/hr\/wp-json\/wp\/v2\/pages\/2515"}],"collection":[{"href":"https:\/\/www.vulkan-nova.hr\/hr\/wp-json\/wp\/v2\/pages"}],"about":[{"href":"https:\/\/www.vulkan-nova.hr\/hr\/wp-json\/wp\/v2\/types\/page"}],"author":[{"embeddable":true,"href":"https:\/\/www.vulkan-nova.hr\/hr\/wp-json\/wp\/v2\/users\/1"}],"replies":[{"embeddable":true,"href":"https:\/\/www.vulkan-nova.hr\/hr\/wp-json\/wp\/v2\/comments?post=2515"}],"version-history":[{"count":5,"href":"https:\/\/www.vulkan-nova.hr\/hr\/wp-json\/wp\/v2\/pages\/2515\/revisions"}],"predecessor-version":[{"id":3358,"href":"https:\/\/www.vulkan-nova.hr\/hr\/wp-json\/wp\/v2\/pages\/2515\/revisions\/3358"}],"up":[{"embeddable":true,"href":"https:\/\/www.vulkan-nova.hr\/hr\/wp-json\/wp\/v2\/pages\/2477"}],"wp:featuredmedia":[{"embeddable":true,"href":"https:\/\/www.vulkan-nova.hr\/hr\/wp-json\/wp\/v2\/media\/2469"}],"wp:attachment":[{"href":"https:\/\/www.vulkan-nova.hr\/hr\/wp-json\/wp\/v2\/media?parent=2515"}],"curies":[{"name":"wp","href":"https:\/\/api.w.org\/{rel}","templated":true}]}}