{"id":2511,"date":"2016-12-14T13:47:02","date_gmt":"2016-12-14T13:47:02","guid":{"rendered":"http:\/\/www.vulkan-nova.hr\/?page_id=2511"},"modified":"2018-03-12T15:51:39","modified_gmt":"2018-03-12T15:51:39","slug":"vitla-za-jakovljice","status":"publish","type":"page","link":"https:\/\/www.vulkan-nova.hr\/hr\/proizvodi\/vitla-za-jakovljice\/","title":{"rendered":"Vitla za jakovljice"},"content":{"rendered":"<p>[vc_row][vc_column][vc_custom_heading text=&#8221;Vitla za jakovljice&#8221; use_theme_fonts=&#8221;yes&#8221; el_class=&#8221;title&#8221;][vc_column_text]<span style=\"color: #333333;\">Vitla za jakovljice omogu\u0107avaju jednostavno, pouzdano i sigurno manipuliranje jakovljicama pri operacijama ukrcaja\/iskrcaja posade s drugog plovila.<br \/>\nMogu biti elektri\u010dno, hidrauli\u010dki, pneumatski ili ru\u010dno pogonjena. Standardna konfiguracija obuhva\u0107a jedan bubanj, te pogonsku grupu.<br \/>\nUpravljanje: lokalno.<br \/>\n<\/span>[\/vc_column_text][\/vc_column][\/vc_row][vc_row css=&#8221;.vc_custom_1453450201221{margin-bottom: 15px !important;}&#8221;][vc_column]<div class=\"gallery-fs\"><figure><img decoding=\"async\" src=\"\" alt=\"\"><figcaption>Vitla za jakovljice<\/figcaption><\/figure><\/div>[\/vc_column][\/vc_row][vc_row css=&#8221;.vc_custom_1481722204005{padding-top: 50px !important;}&#8221;][vc_column]<div class='table-responsive'><table class='table table-striped table-bordered'><thead  class='bg-primary'><tr><th>Tehni\u010dke karakteristike<\/th><th><\/th><\/tr><\/thead><tbody><tr><td>POGON:<\/td><td>elektri\u010dni\/pneumatski<\/td><\/tr><tr><td>BRZINA NAMATANJA:<\/td><td>do 9m\/min<\/td><\/tr><tr><td>SILA NAMATANJA:<\/td><td>1000 N<\/td><\/tr><tr><td>SILA STATI\u010cKA\/DR\u017dANJA:<\/td><td>3000 N<\/td><\/tr><tr><td>KAPACITET BUBNJA:<\/td><td>(9+5,5) m<\/td><\/tr><\/tbody><\/table><\/div>[\/vc_column][\/vc_row]Vitla za jakovljice<\/figcaption><\/figure><\/div>[\/vc_column][\/vc_row][vc_row css=&#8221;.vc_custom_1481722204005{padding-top: 50px !important;}&#8221;][vc_column]<div class='table-responsive'><table class='table table-striped table-bordered'><thead  class='bg-primary'><tr><th>TECHNICAL CHARACTERISTICS<\/th><th><\/th><\/tr><\/thead><tbody><tr><td>DRIVE:<\/td><td>electrical\/pneumatic<\/td><\/tr><tr><td>WINDING SPEED:<\/td><td>up to 9m\/min<\/td><\/tr><tr><td>NOMINAL LOAD:<\/td><td>1000 N<\/td><\/tr><tr><td>STATIC LOAD\/HOLDING LOAD:<\/td><td>3000 N<\/td><\/tr><tr><td>DRUM CAPACITY:<\/td><td>(9+5,5) m<\/td><\/tr><\/tbody><\/table><\/div>[\/vc_column][\/vc_row]<\/p>","protected":false},"excerpt":{"rendered":"<p>[vc_row][vc_column][vc_custom_heading text=&#8221;Vitla za jakovljice&#8221; use_theme_fonts=&#8221;yes&#8221; el_class=&#8221;title&#8221;][vc_column_text]Vitla za jakovljice omogu\u0107avaju jednostavno, pouzdano i sigurno manipuliranje jakovljicama pri operacijama ukrcaja\/iskrcaja posade s drugog plovila. Mogu biti elektri\u010dno, hidrauli\u010dki, pneumatski ili ru\u010dno pogonjena. Standardna konfiguracija obuhva\u0107a jedan bubanj, te pogonsku grupu. Upravljanje: lokalno. &hellip;<\/p>\n","protected":false},"author":1,"featured_media":2469,"parent":2477,"menu_order":0,"comment_status":"closed","ping_status":"closed","template":"","meta":{"footnotes":""},"yoast_head":"<!-- This site is optimized with the Yoast SEO plugin v21.8 - https:\/\/yoast.com\/wordpress\/plugins\/seo\/ -->\n<title>Vitla za jakovljice - Vulkan-Nova<\/title>\n<meta name=\"robots\" content=\"index, follow, max-snippet:-1, max-image-preview:large, max-video-preview:-1\" \/>\n<link rel=\"canonical\" href=\"https:\/\/www.vulkan-nova.hr\/proizvodi\/vitla-za-jakovljice\/\" \/>\n<meta property=\"og:locale\" content=\"hr_HR\" \/>\n<meta property=\"og:type\" content=\"article\" \/>\n<meta property=\"og:title\" content=\"[:hr]Vitla za jakovljice[:en]Winches for pilot ladders[:] - Vulkan-Nova\" \/>\n<meta property=\"og:description\" content=\"[vc_row][vc_column][vc_custom_heading text=&#8221;Vitla za jakovljice&#8221; use_theme_fonts=&#8221;yes&#8221; el_class=&#8221;title&#8221;][vc_column_text]Vitla za jakovljice omogu\u0107avaju jednostavno, pouzdano i sigurno manipuliranje jakovljicama pri operacijama ukrcaja\/iskrcaja posade s drugog plovila. Mogu biti elektri\u010dno, hidrauli\u010dki, pneumatski ili ru\u010dno pogonjena. Standardna konfiguracija obuhva\u0107a jedan bubanj, te pogonsku grupu. Upravljanje: lokalno. &hellip;\" \/>\n<meta property=\"og:url\" content=\"https:\/\/www.vulkan-nova.hr\/proizvodi\/vitla-za-jakovljice\/\" \/>\n<meta property=\"og:site_name\" content=\"Vulkan-Nova\" \/>\n<meta property=\"article:modified_time\" content=\"2018-03-12T15:51:39+00:00\" \/>\n<meta property=\"og:image\" content=\"https:\/\/www.vulkan-nova.hr\/wp-content\/uploads\/2016\/01\/sidreno-pritezna-vitla-vulkan-nova-h.jpg\" \/>\n\t<meta property=\"og:image:width\" content=\"1920\" \/>\n\t<meta property=\"og:image:height\" content=\"300\" \/>\n\t<meta property=\"og:image:type\" content=\"image\/jpeg\" \/>\n<meta name=\"twitter:card\" content=\"summary_large_image\" \/>\n<meta name=\"twitter:label1\" content=\"Procijenjeno vrijeme \u010ditanja\" \/>\n\t<meta name=\"twitter:data1\" content=\"2 minute\" \/>\n<script type=\"application\/ld+json\" class=\"yoast-schema-graph\">{\"@context\":\"https:\/\/schema.org\",\"@graph\":[{\"@type\":\"WebPage\",\"@id\":\"https:\/\/www.vulkan-nova.hr\/proizvodi\/vitla-za-jakovljice\/\",\"url\":\"https:\/\/www.vulkan-nova.hr\/proizvodi\/vitla-za-jakovljice\/\",\"name\":\"[:hr]Vitla za jakovljice[:en]Winches for pilot ladders[:] - Vulkan-Nova\",\"isPartOf\":{\"@id\":\"https:\/\/www.vulkan-nova.hr\/hr\/#website\"},\"datePublished\":\"2016-12-14T13:47:02+00:00\",\"dateModified\":\"2018-03-12T15:51:39+00:00\",\"breadcrumb\":{\"@id\":\"https:\/\/www.vulkan-nova.hr\/proizvodi\/vitla-za-jakovljice\/#breadcrumb\"},\"inLanguage\":\"hr\",\"potentialAction\":[{\"@type\":\"ReadAction\",\"target\":[\"https:\/\/www.vulkan-nova.hr\/proizvodi\/vitla-za-jakovljice\/\"]}]},{\"@type\":\"BreadcrumbList\",\"@id\":\"https:\/\/www.vulkan-nova.hr\/proizvodi\/vitla-za-jakovljice\/#breadcrumb\",\"itemListElement\":[{\"@type\":\"ListItem\",\"position\":1,\"name\":\"Po\u010detna stranica\",\"item\":\"https:\/\/www.vulkan-nova.hr\/\"},{\"@type\":\"ListItem\",\"position\":2,\"name\":\"Proizvodi\",\"item\":\"https:\/\/www.vulkan-nova.hr\/proizvodi\/\"},{\"@type\":\"ListItem\",\"position\":3,\"name\":\"Vitla za jakovljice\"}]},{\"@type\":\"WebSite\",\"@id\":\"https:\/\/www.vulkan-nova.hr\/hr\/#website\",\"url\":\"https:\/\/www.vulkan-nova.hr\/hr\/\",\"name\":\"Vulkan-Nova\",\"description\":\"Tvornica dizalica i brodske opreme\",\"potentialAction\":[{\"@type\":\"SearchAction\",\"target\":{\"@type\":\"EntryPoint\",\"urlTemplate\":\"https:\/\/www.vulkan-nova.hr\/hr\/?s={search_term_string}\"},\"query-input\":\"required name=search_term_string\"}],\"inLanguage\":\"hr\"}]}<\/script>\n<!-- \/ Yoast SEO plugin. -->","yoast_head_json":{"title":"[:hr]Vitla za jakovljice[:en]Winches for pilot ladders[:] - Vulkan-Nova","robots":{"index":"index","follow":"follow","max-snippet":"max-snippet:-1","max-image-preview":"max-image-preview:large","max-video-preview":"max-video-preview:-1"},"canonical":"https:\/\/www.vulkan-nova.hr\/proizvodi\/vitla-za-jakovljice\/","og_locale":"hr_HR","og_type":"article","og_title":"[:hr]Vitla za jakovljice[:en]Winches for pilot ladders[:] - Vulkan-Nova","og_description":"[vc_row][vc_column][vc_custom_heading text=&#8221;Vitla za jakovljice&#8221; use_theme_fonts=&#8221;yes&#8221; el_class=&#8221;title&#8221;][vc_column_text]Vitla za jakovljice omogu\u0107avaju jednostavno, pouzdano i sigurno manipuliranje jakovljicama pri operacijama ukrcaja\/iskrcaja posade s drugog plovila. Mogu biti elektri\u010dno, hidrauli\u010dki, pneumatski ili ru\u010dno pogonjena. Standardna konfiguracija obuhva\u0107a jedan bubanj, te pogonsku grupu. Upravljanje: lokalno. &hellip;","og_url":"https:\/\/www.vulkan-nova.hr\/proizvodi\/vitla-za-jakovljice\/","og_site_name":"Vulkan-Nova","article_modified_time":"2018-03-12T15:51:39+00:00","og_image":[{"width":1920,"height":300,"url":"https:\/\/www.vulkan-nova.hr\/wp-content\/uploads\/2016\/01\/sidreno-pritezna-vitla-vulkan-nova-h.jpg","type":"image\/jpeg"}],"twitter_card":"summary_large_image","twitter_misc":{"Procijenjeno vrijeme \u010ditanja":"2 minute"},"schema":{"@context":"https:\/\/schema.org","@graph":[{"@type":"WebPage","@id":"https:\/\/www.vulkan-nova.hr\/proizvodi\/vitla-za-jakovljice\/","url":"https:\/\/www.vulkan-nova.hr\/proizvodi\/vitla-za-jakovljice\/","name":"[:hr]Vitla za jakovljice[:en]Winches for pilot ladders[:] - Vulkan-Nova","isPartOf":{"@id":"https:\/\/www.vulkan-nova.hr\/hr\/#website"},"datePublished":"2016-12-14T13:47:02+00:00","dateModified":"2018-03-12T15:51:39+00:00","breadcrumb":{"@id":"https:\/\/www.vulkan-nova.hr\/proizvodi\/vitla-za-jakovljice\/#breadcrumb"},"inLanguage":"hr","potentialAction":[{"@type":"ReadAction","target":["https:\/\/www.vulkan-nova.hr\/proizvodi\/vitla-za-jakovljice\/"]}]},{"@type":"BreadcrumbList","@id":"https:\/\/www.vulkan-nova.hr\/proizvodi\/vitla-za-jakovljice\/#breadcrumb","itemListElement":[{"@type":"ListItem","position":1,"name":"Po\u010detna stranica","item":"https:\/\/www.vulkan-nova.hr\/"},{"@type":"ListItem","position":2,"name":"Proizvodi","item":"https:\/\/www.vulkan-nova.hr\/proizvodi\/"},{"@type":"ListItem","position":3,"name":"Vitla za jakovljice"}]},{"@type":"WebSite","@id":"https:\/\/www.vulkan-nova.hr\/hr\/#website","url":"https:\/\/www.vulkan-nova.hr\/hr\/","name":"Vulkan-Nova","description":"Tvornica dizalica i brodske opreme","potentialAction":[{"@type":"SearchAction","target":{"@type":"EntryPoint","urlTemplate":"https:\/\/www.vulkan-nova.hr\/hr\/?s={search_term_string}"},"query-input":"required name=search_term_string"}],"inLanguage":"hr"}]}},"_links":{"self":[{"href":"https:\/\/www.vulkan-nova.hr\/hr\/wp-json\/wp\/v2\/pages\/2511"}],"collection":[{"href":"https:\/\/www.vulkan-nova.hr\/hr\/wp-json\/wp\/v2\/pages"}],"about":[{"href":"https:\/\/www.vulkan-nova.hr\/hr\/wp-json\/wp\/v2\/types\/page"}],"author":[{"embeddable":true,"href":"https:\/\/www.vulkan-nova.hr\/hr\/wp-json\/wp\/v2\/users\/1"}],"replies":[{"embeddable":true,"href":"https:\/\/www.vulkan-nova.hr\/hr\/wp-json\/wp\/v2\/comments?post=2511"}],"version-history":[{"count":5,"href":"https:\/\/www.vulkan-nova.hr\/hr\/wp-json\/wp\/v2\/pages\/2511\/revisions"}],"predecessor-version":[{"id":3357,"href":"https:\/\/www.vulkan-nova.hr\/hr\/wp-json\/wp\/v2\/pages\/2511\/revisions\/3357"}],"up":[{"embeddable":true,"href":"https:\/\/www.vulkan-nova.hr\/hr\/wp-json\/wp\/v2\/pages\/2477"}],"wp:featuredmedia":[{"embeddable":true,"href":"https:\/\/www.vulkan-nova.hr\/hr\/wp-json\/wp\/v2\/media\/2469"}],"wp:attachment":[{"href":"https:\/\/www.vulkan-nova.hr\/hr\/wp-json\/wp\/v2\/media?parent=2511"}],"curies":[{"name":"wp","href":"https:\/\/api.w.org\/{rel}","templated":true}]}}