{"id":2504,"date":"2016-12-14T13:44:32","date_gmt":"2016-12-14T13:44:32","guid":{"rendered":"http:\/\/www.vulkan-nova.hr\/?page_id=2504"},"modified":"2018-02-05T14:40:07","modified_gmt":"2018-02-05T14:40:07","slug":"vertikalna-sidreno-pritezna","status":"publish","type":"page","link":"https:\/\/www.vulkan-nova.hr\/hr\/proizvodi\/vertikalna-sidreno-pritezna\/","title":{"rendered":"Vertikalna sidreno pritezna vitla"},"content":{"rendered":"<p>[vc_row][vc_column][vc_custom_heading text=&#8221;Vertikalno sidreno pritezna vitla&#8221; use_theme_fonts=&#8221;yes&#8221; el_class=&#8221;title&#8221;][vc_column_text]Na\u0161a vertikalna sidreno-pritezna vitla omogu\u0107avaju jednostavno i pouzdano manipuliranje sidrom, te sigurno provo\u0111enje operacja pritezanja.\u00a0Naro\u010dito su pogodna u situacijama kada na palubi nema dovoljno mjesta za ugradnju horizontalnih vitala\u00a0Mogu biti elektri\u010dno ili hidrauli\u010dki pogonjena. Standardna konfiguracija obuhva\u0107a lan\u010danik i pritezno zvono smje\u0161teni na palubi, te motor i reduktor smje\u0161teni ispod palube.[\/vc_column_text][vc_column_text]<span style=\"color: #333333;\">Lan\u010danik mo\u017ee biti opremljeni ru\u010dno upravljivom pojasnim ko\u010dnicama ili s ko\u010dnicom sa hidrauli\u010dkim otpu\u0161tanjem. Sidreni dio mo\u017ee biti opremljen sa sustavom za daljinsko obaranje sidra, kao i s instrumentima za pra\u0107enje brzine i du\u017eine ispu\u0161tenog lanca. Upravljanje: lokalno ili daljinsko.<br \/>\n<\/span>[\/vc_column_text][\/vc_column][\/vc_row][vc_row css=&#8221;.vc_custom_1453450201221{margin-bottom: 15px !important;}&#8221;][vc_column]<div class=\"gallery-fs\"><figure><img decoding=\"async\" src=\"https:\/\/www.vulkan-nova.hr\/wp-content\/uploads\/2016\/12\/vertikalno-sidreno-pritezno-vitlo.jpg\" alt=\"vertikalno-sidreno-pritezno-vitlo\"><figcaption>vertikalno-sidreno-pritezno-vitlo<\/figcaption><\/figure><div class=\"gallery-fs-nav\"><button class=\"gallery-fs-fullscreen\"><i class=\"fa fa-arrows-alt\"><\/i><\/button><\/div><div class=\"gallery-fs-thumbnails gallery-fs-thumbnails-col-5 owl-carousel\"><a href='https:\/\/www.vulkan-nova.hr\/wp-content\/uploads\/2016\/12\/vertikalno-sidreno-pritezno-vitlo.jpg' data-caption='vertikalno-sidreno-pritezno-vitlo' title='vertikalno-sidreno-pritezno-vitlo' class=\"selected\"><img loading=\"lazy\" decoding=\"async\" width=\"280\" height=\"210\" src=\"https:\/\/www.vulkan-nova.hr\/wp-content\/uploads\/2016\/12\/vertikalno-sidreno-pritezno-vitlo-280x210.jpg\" class=\"attachment-anps-gallery-thumb size-anps-gallery-thumb\" alt=\"vertikalno-sidreno-pritezno-vitlo\" \/><\/a><a href='https:\/\/www.vulkan-nova.hr\/wp-content\/uploads\/2016\/12\/vertikalno-sidreno-pritezna-vitla.jpg' data-caption='vertikalno-sidreno-pritezna-vitla' title='vertikalno-sidreno-pritezna-vitla'><img loading=\"lazy\" decoding=\"async\" width=\"280\" height=\"210\" src=\"https:\/\/www.vulkan-nova.hr\/wp-content\/uploads\/2016\/12\/vertikalno-sidreno-pritezna-vitla-280x210.jpg\" class=\"attachment-anps-gallery-thumb size-anps-gallery-thumb\" alt=\"vertikalno-sidreno-pritezna-vitla\" \/><\/a><\/div><\/div>[\/vc_column][\/vc_row][vc_row css=&#8221;.vc_custom_1481722204005{padding-top: 50px !important;}&#8221;][vc_column]<div class='table-responsive'><table class='table table-striped table-bordered'><thead  class='bg-primary'><tr><th>Tehni\u010dke karakteristike<\/th><th><\/th><\/tr><\/thead><tbody><tr><td>POGON:<\/td><td>elektri\u010dni\/hidrauli\u010dki<\/td><\/tr><tr><td>KALIBAR LANCA:<\/td><td>14 \u2013 68 mm<\/td><\/tr><tr><td>BRZINA DIZANJA SIDRA:<\/td><td>do 12 m\/min<\/td><\/tr><tr><td>PRITEZNA SILA:<\/td><td>2 \u2013 20 t<\/td><\/tr><tr><td>BRZINA PRITEZANJA:<\/td><td>do 20 m\/min<\/td><\/tr><tr><td>KONFIGURACIJA:<\/td><td>lan\u010danik i pritezno zvono \u2013 vertikalna ugradnja<\/td><\/tr><tr><td>KO\u010cNICA:<\/td><td>ru\u010dno upravljana<\/td><\/tr><tr><td>SPOJKA:<\/td><td>ru\u010dno upravljana<\/td><\/tr><tr><td>UPRAVLJANJE:<\/td><td>lokalno i\/ili daljinsko<\/td><\/tr><\/tbody><\/table><\/div>[\/vc_column][\/vc_row]<\/p>","protected":false},"excerpt":{"rendered":"<p>[vc_row][vc_column][vc_custom_heading text=&#8221;Vertikalno sidreno pritezna vitla&#8221; use_theme_fonts=&#8221;yes&#8221; el_class=&#8221;title&#8221;][vc_column_text]Na\u0161a vertikalna sidreno-pritezna vitla omogu\u0107avaju jednostavno i pouzdano manipuliranje sidrom, te sigurno provo\u0111enje operacja pritezanja.\u00a0Naro\u010dito su pogodna u situacijama kada na palubi nema dovoljno mjesta za ugradnju horizontalnih vitala\u00a0Mogu biti elektri\u010dno ili hidrauli\u010dki pogonjena. &hellip;<\/p>\n","protected":false},"author":1,"featured_media":2469,"parent":2477,"menu_order":0,"comment_status":"closed","ping_status":"closed","template":"","meta":{"footnotes":""},"yoast_head":"<!-- This site is optimized with the Yoast SEO plugin v21.8 - https:\/\/yoast.com\/wordpress\/plugins\/seo\/ -->\n<title>Vertikalna sidreno pritezna vitla - Vulkan-Nova<\/title>\n<meta name=\"robots\" content=\"index, follow, max-snippet:-1, max-image-preview:large, max-video-preview:-1\" \/>\n<link rel=\"canonical\" href=\"https:\/\/www.vulkan-nova.hr\/proizvodi\/vertikalna-sidreno-pritezna\/\" \/>\n<meta property=\"og:locale\" content=\"hr_HR\" \/>\n<meta property=\"og:type\" content=\"article\" \/>\n<meta property=\"og:title\" content=\"[:hr]Vertikalna sidreno pritezna vitla[:en]Vertical windlass mooring winches[:] - Vulkan-Nova\" \/>\n<meta property=\"og:description\" content=\"[vc_row][vc_column][vc_custom_heading text=&#8221;Vertikalno sidreno pritezna vitla&#8221; use_theme_fonts=&#8221;yes&#8221; el_class=&#8221;title&#8221;][vc_column_text]Na\u0161a vertikalna sidreno-pritezna vitla omogu\u0107avaju jednostavno i pouzdano manipuliranje sidrom, te sigurno provo\u0111enje operacja pritezanja.\u00a0Naro\u010dito su pogodna u situacijama kada na palubi nema dovoljno mjesta za ugradnju horizontalnih vitala\u00a0Mogu biti elektri\u010dno ili hidrauli\u010dki pogonjena. &hellip;\" \/>\n<meta property=\"og:url\" content=\"https:\/\/www.vulkan-nova.hr\/proizvodi\/vertikalna-sidreno-pritezna\/\" \/>\n<meta property=\"og:site_name\" content=\"Vulkan-Nova\" \/>\n<meta property=\"article:modified_time\" content=\"2018-02-05T14:40:07+00:00\" \/>\n<meta property=\"og:image\" content=\"https:\/\/www.vulkan-nova.hr\/wp-content\/uploads\/2016\/01\/sidreno-pritezna-vitla-vulkan-nova-h.jpg\" \/>\n\t<meta property=\"og:image:width\" content=\"1920\" \/>\n\t<meta property=\"og:image:height\" content=\"300\" \/>\n\t<meta property=\"og:image:type\" content=\"image\/jpeg\" \/>\n<meta name=\"twitter:card\" content=\"summary_large_image\" \/>\n<meta name=\"twitter:label1\" content=\"Procijenjeno vrijeme \u010ditanja\" \/>\n\t<meta name=\"twitter:data1\" content=\"4 minute\" \/>\n<script type=\"application\/ld+json\" class=\"yoast-schema-graph\">{\"@context\":\"https:\/\/schema.org\",\"@graph\":[{\"@type\":\"WebPage\",\"@id\":\"https:\/\/www.vulkan-nova.hr\/proizvodi\/vertikalna-sidreno-pritezna\/\",\"url\":\"https:\/\/www.vulkan-nova.hr\/proizvodi\/vertikalna-sidreno-pritezna\/\",\"name\":\"[:hr]Vertikalna sidreno pritezna vitla[:en]Vertical windlass mooring winches[:] - Vulkan-Nova\",\"isPartOf\":{\"@id\":\"https:\/\/www.vulkan-nova.hr\/hr\/#website\"},\"datePublished\":\"2016-12-14T13:44:32+00:00\",\"dateModified\":\"2018-02-05T14:40:07+00:00\",\"breadcrumb\":{\"@id\":\"https:\/\/www.vulkan-nova.hr\/proizvodi\/vertikalna-sidreno-pritezna\/#breadcrumb\"},\"inLanguage\":\"hr\",\"potentialAction\":[{\"@type\":\"ReadAction\",\"target\":[\"https:\/\/www.vulkan-nova.hr\/proizvodi\/vertikalna-sidreno-pritezna\/\"]}]},{\"@type\":\"BreadcrumbList\",\"@id\":\"https:\/\/www.vulkan-nova.hr\/proizvodi\/vertikalna-sidreno-pritezna\/#breadcrumb\",\"itemListElement\":[{\"@type\":\"ListItem\",\"position\":1,\"name\":\"Po\u010detna stranica\",\"item\":\"https:\/\/www.vulkan-nova.hr\/\"},{\"@type\":\"ListItem\",\"position\":2,\"name\":\"Proizvodi\",\"item\":\"https:\/\/www.vulkan-nova.hr\/proizvodi\/\"},{\"@type\":\"ListItem\",\"position\":3,\"name\":\"Vertikalna sidreno pritezna vitla\"}]},{\"@type\":\"WebSite\",\"@id\":\"https:\/\/www.vulkan-nova.hr\/hr\/#website\",\"url\":\"https:\/\/www.vulkan-nova.hr\/hr\/\",\"name\":\"Vulkan-Nova\",\"description\":\"Tvornica dizalica i brodske opreme\",\"potentialAction\":[{\"@type\":\"SearchAction\",\"target\":{\"@type\":\"EntryPoint\",\"urlTemplate\":\"https:\/\/www.vulkan-nova.hr\/hr\/?s={search_term_string}\"},\"query-input\":\"required name=search_term_string\"}],\"inLanguage\":\"hr\"}]}<\/script>\n<!-- \/ Yoast SEO plugin. -->","yoast_head_json":{"title":"[:hr]Vertikalna sidreno pritezna vitla[:en]Vertical windlass mooring winches[:] - Vulkan-Nova","robots":{"index":"index","follow":"follow","max-snippet":"max-snippet:-1","max-image-preview":"max-image-preview:large","max-video-preview":"max-video-preview:-1"},"canonical":"https:\/\/www.vulkan-nova.hr\/proizvodi\/vertikalna-sidreno-pritezna\/","og_locale":"hr_HR","og_type":"article","og_title":"[:hr]Vertikalna sidreno pritezna vitla[:en]Vertical windlass mooring winches[:] - Vulkan-Nova","og_description":"[vc_row][vc_column][vc_custom_heading text=&#8221;Vertikalno sidreno pritezna vitla&#8221; use_theme_fonts=&#8221;yes&#8221; el_class=&#8221;title&#8221;][vc_column_text]Na\u0161a vertikalna sidreno-pritezna vitla omogu\u0107avaju jednostavno i pouzdano manipuliranje sidrom, te sigurno provo\u0111enje operacja pritezanja.\u00a0Naro\u010dito su pogodna u situacijama kada na palubi nema dovoljno mjesta za ugradnju horizontalnih vitala\u00a0Mogu biti elektri\u010dno ili hidrauli\u010dki pogonjena. &hellip;","og_url":"https:\/\/www.vulkan-nova.hr\/proizvodi\/vertikalna-sidreno-pritezna\/","og_site_name":"Vulkan-Nova","article_modified_time":"2018-02-05T14:40:07+00:00","og_image":[{"width":1920,"height":300,"url":"https:\/\/www.vulkan-nova.hr\/wp-content\/uploads\/2016\/01\/sidreno-pritezna-vitla-vulkan-nova-h.jpg","type":"image\/jpeg"}],"twitter_card":"summary_large_image","twitter_misc":{"Procijenjeno vrijeme \u010ditanja":"4 minute"},"schema":{"@context":"https:\/\/schema.org","@graph":[{"@type":"WebPage","@id":"https:\/\/www.vulkan-nova.hr\/proizvodi\/vertikalna-sidreno-pritezna\/","url":"https:\/\/www.vulkan-nova.hr\/proizvodi\/vertikalna-sidreno-pritezna\/","name":"[:hr]Vertikalna sidreno pritezna vitla[:en]Vertical windlass mooring winches[:] - Vulkan-Nova","isPartOf":{"@id":"https:\/\/www.vulkan-nova.hr\/hr\/#website"},"datePublished":"2016-12-14T13:44:32+00:00","dateModified":"2018-02-05T14:40:07+00:00","breadcrumb":{"@id":"https:\/\/www.vulkan-nova.hr\/proizvodi\/vertikalna-sidreno-pritezna\/#breadcrumb"},"inLanguage":"hr","potentialAction":[{"@type":"ReadAction","target":["https:\/\/www.vulkan-nova.hr\/proizvodi\/vertikalna-sidreno-pritezna\/"]}]},{"@type":"BreadcrumbList","@id":"https:\/\/www.vulkan-nova.hr\/proizvodi\/vertikalna-sidreno-pritezna\/#breadcrumb","itemListElement":[{"@type":"ListItem","position":1,"name":"Po\u010detna stranica","item":"https:\/\/www.vulkan-nova.hr\/"},{"@type":"ListItem","position":2,"name":"Proizvodi","item":"https:\/\/www.vulkan-nova.hr\/proizvodi\/"},{"@type":"ListItem","position":3,"name":"Vertikalna sidreno pritezna vitla"}]},{"@type":"WebSite","@id":"https:\/\/www.vulkan-nova.hr\/hr\/#website","url":"https:\/\/www.vulkan-nova.hr\/hr\/","name":"Vulkan-Nova","description":"Tvornica dizalica i brodske opreme","potentialAction":[{"@type":"SearchAction","target":{"@type":"EntryPoint","urlTemplate":"https:\/\/www.vulkan-nova.hr\/hr\/?s={search_term_string}"},"query-input":"required name=search_term_string"}],"inLanguage":"hr"}]}},"_links":{"self":[{"href":"https:\/\/www.vulkan-nova.hr\/hr\/wp-json\/wp\/v2\/pages\/2504"}],"collection":[{"href":"https:\/\/www.vulkan-nova.hr\/hr\/wp-json\/wp\/v2\/pages"}],"about":[{"href":"https:\/\/www.vulkan-nova.hr\/hr\/wp-json\/wp\/v2\/types\/page"}],"author":[{"embeddable":true,"href":"https:\/\/www.vulkan-nova.hr\/hr\/wp-json\/wp\/v2\/users\/1"}],"replies":[{"embeddable":true,"href":"https:\/\/www.vulkan-nova.hr\/hr\/wp-json\/wp\/v2\/comments?post=2504"}],"version-history":[{"count":5,"href":"https:\/\/www.vulkan-nova.hr\/hr\/wp-json\/wp\/v2\/pages\/2504\/revisions"}],"predecessor-version":[{"id":3282,"href":"https:\/\/www.vulkan-nova.hr\/hr\/wp-json\/wp\/v2\/pages\/2504\/revisions\/3282"}],"up":[{"embeddable":true,"href":"https:\/\/www.vulkan-nova.hr\/hr\/wp-json\/wp\/v2\/pages\/2477"}],"wp:featuredmedia":[{"embeddable":true,"href":"https:\/\/www.vulkan-nova.hr\/hr\/wp-json\/wp\/v2\/media\/2469"}],"wp:attachment":[{"href":"https:\/\/www.vulkan-nova.hr\/hr\/wp-json\/wp\/v2\/media?parent=2504"}],"curies":[{"name":"wp","href":"https:\/\/api.w.org\/{rel}","templated":true}]}}