{"id":2500,"date":"2016-12-14T13:42:20","date_gmt":"2016-12-14T13:42:20","guid":{"rendered":"http:\/\/www.vulkan-nova.hr\/?page_id=2500"},"modified":"2018-02-05T14:19:58","modified_gmt":"2018-02-05T14:19:58","slug":"pritezna-vitla","status":"publish","type":"page","link":"https:\/\/www.vulkan-nova.hr\/hr\/proizvodi\/pritezna-vitla\/","title":{"rendered":"Pritezna vitla"},"content":{"rendered":"<p>[vc_row][vc_column][vc_custom_heading text=&#8221;Pritezna vitla&#8221; use_theme_fonts=&#8221;yes&#8221; el_class=&#8221;title&#8221;][vc_column_text]Pritezna vitla omogu\u0107avaju jednostavno, pouzdano i sigurno provo\u0111enje operacija pritezanja. Pritezna vitla mogu biti elektri\u010dno ili hidrauli\u010dki pogonjena. Standardna konfiguracija obuhva\u0107a jedan ili vi\u0161e priteznih bubnjeva, te pritezno zvono. Bubnjevi mogu biti standardne izvedbe (vi\u0161eslojno namatanje) ili podijeljeni na radni i skladi\u0161ni dio.[\/vc_column_text][vc_column_text]<span style=\"color: #333333;\">Pritezni bubnjevi mogu biti opremljeni ru\u010dno upravljivim pojasnim ko\u010dnicama ili s ko\u010dnicama sa hidrauli\u010dkim otpu\u0161tanjem.\u00a0Pritezni vitlo mo\u017ee biti opremljeno funkcijom automatskog pritezanja.\u00a0Upravljanje: lokalno ili daljinsko<br \/>\n<\/span>[\/vc_column_text][\/vc_column][\/vc_row][vc_row css=&#8221;.vc_custom_1453450201221{margin-bottom: 15px !important;}&#8221;][vc_column]<div class=\"gallery-fs\"><figure><img decoding=\"async\" src=\"https:\/\/www.vulkan-nova.hr\/wp-content\/uploads\/2016\/12\/pritezna-vitla-brodska-oprema.jpg\" alt=\"pritezna-vitla-brodska-oprema\"><figcaption>pritezna-vitla-brodska-oprema<\/figcaption><\/figure><div class=\"gallery-fs-nav\"><button class=\"gallery-fs-fullscreen\"><i class=\"fa fa-arrows-alt\"><\/i><\/button><\/div><div class=\"gallery-fs-thumbnails gallery-fs-thumbnails-col-5 owl-carousel\"><a href='https:\/\/www.vulkan-nova.hr\/wp-content\/uploads\/2016\/12\/pritezna-vitla-brodska-oprema.jpg' data-caption='pritezna-vitla-brodska-oprema' title='pritezna-vitla-brodska-oprema' class=\"selected\"><img loading=\"lazy\" decoding=\"async\" width=\"280\" height=\"210\" src=\"https:\/\/www.vulkan-nova.hr\/wp-content\/uploads\/2016\/12\/pritezna-vitla-brodska-oprema-280x210.jpg\" class=\"attachment-anps-gallery-thumb size-anps-gallery-thumb\" alt=\"pritezna-vitla-brodska-oprema\" \/><\/a><a href='https:\/\/www.vulkan-nova.hr\/wp-content\/uploads\/2016\/12\/pritezna-vitla-brodska-oprema1.jpg' data-caption='pritezna-vitla-brodska-oprema1' title='pritezna-vitla-brodska-oprema1'><img loading=\"lazy\" decoding=\"async\" width=\"280\" height=\"210\" src=\"https:\/\/www.vulkan-nova.hr\/wp-content\/uploads\/2016\/12\/pritezna-vitla-brodska-oprema1-280x210.jpg\" class=\"attachment-anps-gallery-thumb size-anps-gallery-thumb\" alt=\"pritezna-vitla-brodska-oprema\" \/><\/a><a href='https:\/\/www.vulkan-nova.hr\/wp-content\/uploads\/2016\/12\/pritezno-vitlo1.jpg' data-caption='pritezno-vitlo' title='pritezno-vitlo'><img loading=\"lazy\" decoding=\"async\" width=\"280\" height=\"210\" src=\"https:\/\/www.vulkan-nova.hr\/wp-content\/uploads\/2016\/12\/pritezno-vitlo1-280x210.jpg\" class=\"attachment-anps-gallery-thumb size-anps-gallery-thumb\" alt=\"pritezno-vitlo\" \/><\/a><a href='https:\/\/www.vulkan-nova.hr\/wp-content\/uploads\/2016\/12\/pritezno-vitlo2.jpg' data-caption='pritezno-vitlo' title='pritezno-vitlo'><img loading=\"lazy\" decoding=\"async\" width=\"280\" height=\"210\" src=\"https:\/\/www.vulkan-nova.hr\/wp-content\/uploads\/2016\/12\/pritezno-vitlo2-280x210.jpg\" class=\"attachment-anps-gallery-thumb size-anps-gallery-thumb\" alt=\"pritezno-vitlo\" \/><\/a><a href='https:\/\/www.vulkan-nova.hr\/wp-content\/uploads\/2016\/12\/pritezno-vitlo3.jpg' data-caption='pritezno-vitlo' title='pritezno-vitlo'><img loading=\"lazy\" decoding=\"async\" width=\"280\" height=\"210\" src=\"https:\/\/www.vulkan-nova.hr\/wp-content\/uploads\/2016\/12\/pritezno-vitlo3-280x210.jpg\" class=\"attachment-anps-gallery-thumb size-anps-gallery-thumb\" alt=\"pritezno-vitlo\" \/><\/a><a href='https:\/\/www.vulkan-nova.hr\/wp-content\/uploads\/2016\/12\/pritezna-vitla-brodska-oprema5.jpg' data-caption='pritezna-vitla-brodska-oprema5' title='pritezna-vitla-brodska-oprema5'><img loading=\"lazy\" decoding=\"async\" width=\"280\" height=\"210\" src=\"https:\/\/www.vulkan-nova.hr\/wp-content\/uploads\/2016\/12\/pritezna-vitla-brodska-oprema5-280x210.jpg\" class=\"attachment-anps-gallery-thumb size-anps-gallery-thumb\" alt=\"pritezna-vitla-brodska-oprema\" \/><\/a><a href='https:\/\/www.vulkan-nova.hr\/wp-content\/uploads\/2016\/12\/pritezna-vitla-brodska-oprema4.jpg' data-caption='pritezna-vitla-brodska-oprema4' title='pritezna-vitla-brodska-oprema4'><img loading=\"lazy\" decoding=\"async\" width=\"280\" height=\"210\" src=\"https:\/\/www.vulkan-nova.hr\/wp-content\/uploads\/2016\/12\/pritezna-vitla-brodska-oprema4-280x210.jpg\" class=\"attachment-anps-gallery-thumb size-anps-gallery-thumb\" alt=\"pritezna-vitla-brodska-oprema\" \/><\/a><a href='https:\/\/www.vulkan-nova.hr\/wp-content\/uploads\/2016\/12\/pritezna-vitla-brodska-oprema2.jpg' data-caption='pritezna-vitla-brodska-oprema2' title='pritezna-vitla-brodska-oprema2'><img loading=\"lazy\" decoding=\"async\" width=\"280\" height=\"210\" src=\"https:\/\/www.vulkan-nova.hr\/wp-content\/uploads\/2016\/12\/pritezna-vitla-brodska-oprema2-280x210.jpg\" class=\"attachment-anps-gallery-thumb size-anps-gallery-thumb\" alt=\"pritezna-vitla-brodska-oprema\" \/><\/a><a href='https:\/\/www.vulkan-nova.hr\/wp-content\/uploads\/2016\/12\/pritezna-vitla-brodska-oprema3.jpg' data-caption='pritezna-vitla-brodska-oprema3' title='pritezna-vitla-brodska-oprema3'><img loading=\"lazy\" decoding=\"async\" width=\"280\" height=\"210\" src=\"https:\/\/www.vulkan-nova.hr\/wp-content\/uploads\/2016\/12\/pritezna-vitla-brodska-oprema3-280x210.jpg\" class=\"attachment-anps-gallery-thumb size-anps-gallery-thumb\" alt=\"\" \/><\/a><\/div><\/div>[\/vc_column][\/vc_row][vc_row css=&#8221;.vc_custom_1481722204005{padding-top: 50px !important;}&#8221;][vc_column]<div class='table-responsive'><table class='table table-striped table-bordered'><thead  class='bg-primary'><tr><th>Tehni\u010dke karakteristike<\/th><th><\/th><\/tr><\/thead><tbody><tr><td>POGON:<\/td><td>elektri\u010dni\/visokotla\u010dni ili niskotla\u010dni hidrauli\u010dki<\/td><\/tr><tr><td>PRITEZNA SILA (U PRVOM SLOJU)<\/td><td>8 &#8211; 40 t<\/td><\/tr><tr><td>KONFIGURACIJA:<\/td><td>jedan ili vi\u0161e bubnjeva sa\/bez priteznog zvona<\/td><\/tr><tr><td>KO\u010cNICA:<\/td><td>ru\u010dno ili hidrauli\u010dki upravljana <\/td><\/tr><tr><td>SPOJKA:<\/td><td>ru\u010dno upravljana<\/td><\/tr><tr><td>UPRAVLJANJE:<\/td><td>automatski rad<\/td><\/tr><\/tbody><\/table><\/div>[\/vc_column][\/vc_row]<\/p>","protected":false},"excerpt":{"rendered":"<p>[vc_row][vc_column][vc_custom_heading text=&#8221;Pritezna vitla&#8221; use_theme_fonts=&#8221;yes&#8221; el_class=&#8221;title&#8221;][vc_column_text]Pritezna vitla omogu\u0107avaju jednostavno, pouzdano i sigurno provo\u0111enje operacija pritezanja. Pritezna vitla mogu biti elektri\u010dno ili hidrauli\u010dki pogonjena. Standardna konfiguracija obuhva\u0107a jedan ili vi\u0161e priteznih bubnjeva, te pritezno zvono. Bubnjevi mogu biti standardne izvedbe (vi\u0161eslojno namatanje) &hellip;<\/p>\n","protected":false},"author":1,"featured_media":2469,"parent":2477,"menu_order":0,"comment_status":"closed","ping_status":"closed","template":"","meta":{"footnotes":""},"yoast_head":"<!-- This site is optimized with the Yoast SEO plugin v21.8 - https:\/\/yoast.com\/wordpress\/plugins\/seo\/ -->\n<title>Pritezna vitla - Vulkan-Nova<\/title>\n<meta name=\"robots\" content=\"index, follow, max-snippet:-1, max-image-preview:large, max-video-preview:-1\" \/>\n<link rel=\"canonical\" href=\"https:\/\/www.vulkan-nova.hr\/proizvodi\/pritezna-vitla\/\" \/>\n<meta property=\"og:locale\" content=\"hr_HR\" \/>\n<meta property=\"og:type\" content=\"article\" \/>\n<meta property=\"og:title\" content=\"[:hr]Pritezna vitla[:en]Mooring winches[:] - Vulkan-Nova\" \/>\n<meta property=\"og:description\" content=\"[vc_row][vc_column][vc_custom_heading text=&#8221;Pritezna vitla&#8221; use_theme_fonts=&#8221;yes&#8221; el_class=&#8221;title&#8221;][vc_column_text]Pritezna vitla omogu\u0107avaju jednostavno, pouzdano i sigurno provo\u0111enje operacija pritezanja. Pritezna vitla mogu biti elektri\u010dno ili hidrauli\u010dki pogonjena. Standardna konfiguracija obuhva\u0107a jedan ili vi\u0161e priteznih bubnjeva, te pritezno zvono. Bubnjevi mogu biti standardne izvedbe (vi\u0161eslojno namatanje) &hellip;\" \/>\n<meta property=\"og:url\" content=\"https:\/\/www.vulkan-nova.hr\/proizvodi\/pritezna-vitla\/\" \/>\n<meta property=\"og:site_name\" content=\"Vulkan-Nova\" \/>\n<meta property=\"article:modified_time\" content=\"2018-02-05T14:19:58+00:00\" \/>\n<meta property=\"og:image\" content=\"https:\/\/www.vulkan-nova.hr\/wp-content\/uploads\/2016\/01\/sidreno-pritezna-vitla-vulkan-nova-h.jpg\" \/>\n\t<meta property=\"og:image:width\" content=\"1920\" \/>\n\t<meta property=\"og:image:height\" content=\"300\" \/>\n\t<meta property=\"og:image:type\" content=\"image\/jpeg\" \/>\n<meta name=\"twitter:card\" content=\"summary_large_image\" \/>\n<meta name=\"twitter:label1\" content=\"Procijenjeno vrijeme \u010ditanja\" \/>\n\t<meta name=\"twitter:data1\" content=\"3 minute\" \/>\n<script type=\"application\/ld+json\" class=\"yoast-schema-graph\">{\"@context\":\"https:\/\/schema.org\",\"@graph\":[{\"@type\":\"WebPage\",\"@id\":\"https:\/\/www.vulkan-nova.hr\/proizvodi\/pritezna-vitla\/\",\"url\":\"https:\/\/www.vulkan-nova.hr\/proizvodi\/pritezna-vitla\/\",\"name\":\"[:hr]Pritezna vitla[:en]Mooring winches[:] - Vulkan-Nova\",\"isPartOf\":{\"@id\":\"https:\/\/www.vulkan-nova.hr\/hr\/#website\"},\"datePublished\":\"2016-12-14T13:42:20+00:00\",\"dateModified\":\"2018-02-05T14:19:58+00:00\",\"breadcrumb\":{\"@id\":\"https:\/\/www.vulkan-nova.hr\/proizvodi\/pritezna-vitla\/#breadcrumb\"},\"inLanguage\":\"hr\",\"potentialAction\":[{\"@type\":\"ReadAction\",\"target\":[\"https:\/\/www.vulkan-nova.hr\/proizvodi\/pritezna-vitla\/\"]}]},{\"@type\":\"BreadcrumbList\",\"@id\":\"https:\/\/www.vulkan-nova.hr\/proizvodi\/pritezna-vitla\/#breadcrumb\",\"itemListElement\":[{\"@type\":\"ListItem\",\"position\":1,\"name\":\"Po\u010detna stranica\",\"item\":\"https:\/\/www.vulkan-nova.hr\/\"},{\"@type\":\"ListItem\",\"position\":2,\"name\":\"Proizvodi\",\"item\":\"https:\/\/www.vulkan-nova.hr\/proizvodi\/\"},{\"@type\":\"ListItem\",\"position\":3,\"name\":\"Pritezna vitla\"}]},{\"@type\":\"WebSite\",\"@id\":\"https:\/\/www.vulkan-nova.hr\/hr\/#website\",\"url\":\"https:\/\/www.vulkan-nova.hr\/hr\/\",\"name\":\"Vulkan-Nova\",\"description\":\"Tvornica dizalica i brodske opreme\",\"potentialAction\":[{\"@type\":\"SearchAction\",\"target\":{\"@type\":\"EntryPoint\",\"urlTemplate\":\"https:\/\/www.vulkan-nova.hr\/hr\/?s={search_term_string}\"},\"query-input\":\"required name=search_term_string\"}],\"inLanguage\":\"hr\"}]}<\/script>\n<!-- \/ Yoast SEO plugin. -->","yoast_head_json":{"title":"[:hr]Pritezna vitla[:en]Mooring winches[:] - Vulkan-Nova","robots":{"index":"index","follow":"follow","max-snippet":"max-snippet:-1","max-image-preview":"max-image-preview:large","max-video-preview":"max-video-preview:-1"},"canonical":"https:\/\/www.vulkan-nova.hr\/proizvodi\/pritezna-vitla\/","og_locale":"hr_HR","og_type":"article","og_title":"[:hr]Pritezna vitla[:en]Mooring winches[:] - Vulkan-Nova","og_description":"[vc_row][vc_column][vc_custom_heading text=&#8221;Pritezna vitla&#8221; use_theme_fonts=&#8221;yes&#8221; el_class=&#8221;title&#8221;][vc_column_text]Pritezna vitla omogu\u0107avaju jednostavno, pouzdano i sigurno provo\u0111enje operacija pritezanja. Pritezna vitla mogu biti elektri\u010dno ili hidrauli\u010dki pogonjena. Standardna konfiguracija obuhva\u0107a jedan ili vi\u0161e priteznih bubnjeva, te pritezno zvono. Bubnjevi mogu biti standardne izvedbe (vi\u0161eslojno namatanje) &hellip;","og_url":"https:\/\/www.vulkan-nova.hr\/proizvodi\/pritezna-vitla\/","og_site_name":"Vulkan-Nova","article_modified_time":"2018-02-05T14:19:58+00:00","og_image":[{"width":1920,"height":300,"url":"https:\/\/www.vulkan-nova.hr\/wp-content\/uploads\/2016\/01\/sidreno-pritezna-vitla-vulkan-nova-h.jpg","type":"image\/jpeg"}],"twitter_card":"summary_large_image","twitter_misc":{"Procijenjeno vrijeme \u010ditanja":"3 minute"},"schema":{"@context":"https:\/\/schema.org","@graph":[{"@type":"WebPage","@id":"https:\/\/www.vulkan-nova.hr\/proizvodi\/pritezna-vitla\/","url":"https:\/\/www.vulkan-nova.hr\/proizvodi\/pritezna-vitla\/","name":"[:hr]Pritezna vitla[:en]Mooring winches[:] - Vulkan-Nova","isPartOf":{"@id":"https:\/\/www.vulkan-nova.hr\/hr\/#website"},"datePublished":"2016-12-14T13:42:20+00:00","dateModified":"2018-02-05T14:19:58+00:00","breadcrumb":{"@id":"https:\/\/www.vulkan-nova.hr\/proizvodi\/pritezna-vitla\/#breadcrumb"},"inLanguage":"hr","potentialAction":[{"@type":"ReadAction","target":["https:\/\/www.vulkan-nova.hr\/proizvodi\/pritezna-vitla\/"]}]},{"@type":"BreadcrumbList","@id":"https:\/\/www.vulkan-nova.hr\/proizvodi\/pritezna-vitla\/#breadcrumb","itemListElement":[{"@type":"ListItem","position":1,"name":"Po\u010detna stranica","item":"https:\/\/www.vulkan-nova.hr\/"},{"@type":"ListItem","position":2,"name":"Proizvodi","item":"https:\/\/www.vulkan-nova.hr\/proizvodi\/"},{"@type":"ListItem","position":3,"name":"Pritezna vitla"}]},{"@type":"WebSite","@id":"https:\/\/www.vulkan-nova.hr\/hr\/#website","url":"https:\/\/www.vulkan-nova.hr\/hr\/","name":"Vulkan-Nova","description":"Tvornica dizalica i brodske opreme","potentialAction":[{"@type":"SearchAction","target":{"@type":"EntryPoint","urlTemplate":"https:\/\/www.vulkan-nova.hr\/hr\/?s={search_term_string}"},"query-input":"required name=search_term_string"}],"inLanguage":"hr"}]}},"_links":{"self":[{"href":"https:\/\/www.vulkan-nova.hr\/hr\/wp-json\/wp\/v2\/pages\/2500"}],"collection":[{"href":"https:\/\/www.vulkan-nova.hr\/hr\/wp-json\/wp\/v2\/pages"}],"about":[{"href":"https:\/\/www.vulkan-nova.hr\/hr\/wp-json\/wp\/v2\/types\/page"}],"author":[{"embeddable":true,"href":"https:\/\/www.vulkan-nova.hr\/hr\/wp-json\/wp\/v2\/users\/1"}],"replies":[{"embeddable":true,"href":"https:\/\/www.vulkan-nova.hr\/hr\/wp-json\/wp\/v2\/comments?post=2500"}],"version-history":[{"count":5,"href":"https:\/\/www.vulkan-nova.hr\/hr\/wp-json\/wp\/v2\/pages\/2500\/revisions"}],"predecessor-version":[{"id":3276,"href":"https:\/\/www.vulkan-nova.hr\/hr\/wp-json\/wp\/v2\/pages\/2500\/revisions\/3276"}],"up":[{"embeddable":true,"href":"https:\/\/www.vulkan-nova.hr\/hr\/wp-json\/wp\/v2\/pages\/2477"}],"wp:featuredmedia":[{"embeddable":true,"href":"https:\/\/www.vulkan-nova.hr\/hr\/wp-json\/wp\/v2\/media\/2469"}],"wp:attachment":[{"href":"https:\/\/www.vulkan-nova.hr\/hr\/wp-json\/wp\/v2\/media?parent=2500"}],"curies":[{"name":"wp","href":"https:\/\/api.w.org\/{rel}","templated":true}]}}