{"id":2480,"date":"2016-12-14T12:36:04","date_gmt":"2016-12-14T12:36:04","guid":{"rendered":"http:\/\/www.vulkan-nova.hr\/?page_id=2480"},"modified":"2018-02-05T14:26:26","modified_gmt":"2018-02-05T14:26:26","slug":"sidrena-vitla","status":"publish","type":"page","link":"https:\/\/www.vulkan-nova.hr\/hr\/proizvodi\/sidrena-vitla\/","title":{"rendered":"Sidrena vitla"},"content":{"rendered":"<p>[vc_row][vc_column][vc_custom_heading text=&#8221;Sidrena vitla&#8221; use_theme_fonts=&#8221;yes&#8221; el_class=&#8221;title&#8221;][vc_column_text]Na\u0161a sidrena vitla omogu\u0107avaju jednostavno i pouzdano i sigurmo manipuliranje sidrom pri operacijama dizanja, spu\u0161tanja ili obaranja sidra.\u00a0Sidrena vitla mogu biti elektri\u010dno ili hidrauli\u010dki pogonjena. Standardna konfiguracija obuhva\u0107a jedan ili vi\u0161e lan\u010danika, odnosno bubnjeva ako je sidro povezano \u010deli\u010dnim u\u017eetom.[\/vc_column_text][vc_column_text]<span style=\"color: #333333;\">Sidrena vitla mogu biti opremljeni ru\u010dno upravljivim pojasnim ko\u010dnicama ili s ko\u010dnicama sa hidrauli\u010dkim otpu\u0161tanjem.<br \/>\nNa zahtjev se mo\u017ee isporu\u010diti sustav za daljinsko obaranje sidra, kao i instrumenti za pra\u0107enje brzine i du\u017eine ispu\u0161tenog lanca. Upravljanje: lokalno ili daljinsko.<br \/>\n<\/span>[\/vc_column_text][\/vc_column][\/vc_row][vc_row css=&#8221;.vc_custom_1453450201221{margin-bottom: 15px !important;}&#8221;][vc_column]<div class=\"gallery-fs\"><figure><img decoding=\"async\" src=\"https:\/\/www.vulkan-nova.hr\/wp-content\/uploads\/2016\/12\/sidrena-vitla-vulkan2.jpg\" alt=\"sidrena-vitla\"><figcaption>sidrena-vitla<\/figcaption><\/figure><div class=\"gallery-fs-nav\"><button class=\"gallery-fs-fullscreen\"><i class=\"fa fa-arrows-alt\"><\/i><\/button><\/div><div class=\"gallery-fs-thumbnails gallery-fs-thumbnails-col-5 owl-carousel\"><a href='https:\/\/www.vulkan-nova.hr\/wp-content\/uploads\/2016\/12\/sidrena-vitla-vulkan2.jpg' data-caption='sidrena-vitla' title='sidrena-vitla' class=\"selected\"><img loading=\"lazy\" decoding=\"async\" width=\"280\" height=\"210\" src=\"https:\/\/www.vulkan-nova.hr\/wp-content\/uploads\/2016\/12\/sidrena-vitla-vulkan2-280x210.jpg\" class=\"attachment-anps-gallery-thumb size-anps-gallery-thumb\" alt=\"sidrena-vitla\" \/><\/a><a href='https:\/\/www.vulkan-nova.hr\/wp-content\/uploads\/2016\/12\/sidrena-vitla-vulkan1.jpg' data-caption='sidrena-vitla' title='sidrena-vitla'><img loading=\"lazy\" decoding=\"async\" width=\"280\" height=\"210\" src=\"https:\/\/www.vulkan-nova.hr\/wp-content\/uploads\/2016\/12\/sidrena-vitla-vulkan1-280x210.jpg\" class=\"attachment-anps-gallery-thumb size-anps-gallery-thumb\" alt=\"sidrena-vitla\" \/><\/a><a href='https:\/\/www.vulkan-nova.hr\/wp-content\/uploads\/2016\/12\/sidrena-vitla-vulkan3.jpg' data-caption='sidrena-vitla' title='sidrena-vitla'><img loading=\"lazy\" decoding=\"async\" width=\"280\" height=\"210\" src=\"https:\/\/www.vulkan-nova.hr\/wp-content\/uploads\/2016\/12\/sidrena-vitla-vulkan3-280x210.jpg\" class=\"attachment-anps-gallery-thumb size-anps-gallery-thumb\" alt=\"sidrena-vitla\" \/><\/a><a href='https:\/\/www.vulkan-nova.hr\/wp-content\/uploads\/2016\/12\/sidrena-vitla-vulkan4.jpg' data-caption='sidrena-vitla' title='sidrena-vitla'><img loading=\"lazy\" decoding=\"async\" width=\"280\" height=\"210\" src=\"https:\/\/www.vulkan-nova.hr\/wp-content\/uploads\/2016\/12\/sidrena-vitla-vulkan4-280x210.jpg\" class=\"attachment-anps-gallery-thumb size-anps-gallery-thumb\" alt=\"sidrena-vitla\" \/><\/a><a href='https:\/\/www.vulkan-nova.hr\/wp-content\/uploads\/2016\/12\/sidrena-vitla-vulkan5.jpg' data-caption='sidrena-vitla' title='sidrena-vitla'><img loading=\"lazy\" decoding=\"async\" width=\"280\" height=\"210\" src=\"https:\/\/www.vulkan-nova.hr\/wp-content\/uploads\/2016\/12\/sidrena-vitla-vulkan5-280x210.jpg\" class=\"attachment-anps-gallery-thumb size-anps-gallery-thumb\" alt=\"sidrena-vitla\" \/><\/a><\/div><\/div>[\/vc_column][\/vc_row][vc_row css=&#8221;.vc_custom_1481722204005{padding-top: 50px !important;}&#8221;][vc_column]<div class='table-responsive'><table class='table table-striped table-bordered'><thead  class='bg-primary'><tr><th>Tehni\u010dke karakteristike<\/th><th><\/th><\/tr><\/thead><tbody><tr><td>POGON:<\/td><td>elektri\u010dni\/hidrauli\u010dki<\/td><\/tr><tr><td>KALIBAR LANCA:<\/td><td>14 \u2013 68 mm<\/td><\/tr><tr><td>BRZINA DIZANJA SIDRA:<\/td><td>do 12 m\/min<\/td><\/tr><tr><td>PRITEZNA SILA:<\/td><td>2 \u2013 20 t<\/td><\/tr><tr><td>BRZINA PRITEZANJA:<\/td><td>do 20 m\/min<\/td><\/tr><tr><td>KONFIGURACIJA:<\/td><td>lan\u010danik i pritezno zvono \u2013 vertikalna ugradnja<\/td><\/tr><tr><td>KO\u010cNICA:<\/td><td>ru\u010dno upravljana<\/td><\/tr><tr><td>SPOJKA:<\/td><td>ru\u010dno upravljana<\/td><\/tr><tr><td>UPRAVLJANJE:<\/td><td>lokalno i\/ili daljinsko<\/td><\/tr><\/tbody><\/table><\/div>[\/vc_column][\/vc_row]<\/p>","protected":false},"excerpt":{"rendered":"<p>[vc_row][vc_column][vc_custom_heading text=&#8221;Sidrena vitla&#8221; use_theme_fonts=&#8221;yes&#8221; el_class=&#8221;title&#8221;][vc_column_text]Na\u0161a sidrena vitla omogu\u0107avaju jednostavno i pouzdano i sigurmo manipuliranje sidrom pri operacijama dizanja, spu\u0161tanja ili obaranja sidra.\u00a0Sidrena vitla mogu biti elektri\u010dno ili hidrauli\u010dki pogonjena. Standardna konfiguracija obuhva\u0107a jedan ili vi\u0161e lan\u010danika, odnosno bubnjeva ako je &hellip;<\/p>\n","protected":false},"author":1,"featured_media":2469,"parent":2477,"menu_order":0,"comment_status":"closed","ping_status":"closed","template":"","meta":{"footnotes":""},"yoast_head":"<!-- This site is optimized with the Yoast SEO plugin v21.8 - https:\/\/yoast.com\/wordpress\/plugins\/seo\/ -->\n<title>Sidrena vitla - Vulkan-Nova<\/title>\n<meta name=\"robots\" content=\"index, follow, max-snippet:-1, max-image-preview:large, max-video-preview:-1\" \/>\n<link rel=\"canonical\" href=\"https:\/\/www.vulkan-nova.hr\/proizvodi\/sidrena-vitla\/\" \/>\n<meta property=\"og:locale\" content=\"hr_HR\" \/>\n<meta property=\"og:type\" content=\"article\" \/>\n<meta property=\"og:title\" content=\"[:hr]Sidrena vitla[:en]Windlasses[:] - Vulkan-Nova\" \/>\n<meta property=\"og:description\" content=\"[vc_row][vc_column][vc_custom_heading text=&#8221;Sidrena vitla&#8221; use_theme_fonts=&#8221;yes&#8221; el_class=&#8221;title&#8221;][vc_column_text]Na\u0161a sidrena vitla omogu\u0107avaju jednostavno i pouzdano i sigurmo manipuliranje sidrom pri operacijama dizanja, spu\u0161tanja ili obaranja sidra.\u00a0Sidrena vitla mogu biti elektri\u010dno ili hidrauli\u010dki pogonjena. Standardna konfiguracija obuhva\u0107a jedan ili vi\u0161e lan\u010danika, odnosno bubnjeva ako je &hellip;\" \/>\n<meta property=\"og:url\" content=\"https:\/\/www.vulkan-nova.hr\/proizvodi\/sidrena-vitla\/\" \/>\n<meta property=\"og:site_name\" content=\"Vulkan-Nova\" \/>\n<meta property=\"article:modified_time\" content=\"2018-02-05T14:26:26+00:00\" \/>\n<meta property=\"og:image\" content=\"https:\/\/www.vulkan-nova.hr\/wp-content\/uploads\/2016\/01\/sidreno-pritezna-vitla-vulkan-nova-h.jpg\" \/>\n\t<meta property=\"og:image:width\" content=\"1920\" \/>\n\t<meta property=\"og:image:height\" content=\"300\" \/>\n\t<meta property=\"og:image:type\" content=\"image\/jpeg\" \/>\n<meta name=\"twitter:card\" content=\"summary_large_image\" \/>\n<meta name=\"twitter:label1\" content=\"Procijenjeno vrijeme \u010ditanja\" \/>\n\t<meta name=\"twitter:data1\" content=\"3 minute\" \/>\n<script type=\"application\/ld+json\" class=\"yoast-schema-graph\">{\"@context\":\"https:\/\/schema.org\",\"@graph\":[{\"@type\":\"WebPage\",\"@id\":\"https:\/\/www.vulkan-nova.hr\/proizvodi\/sidrena-vitla\/\",\"url\":\"https:\/\/www.vulkan-nova.hr\/proizvodi\/sidrena-vitla\/\",\"name\":\"[:hr]Sidrena vitla[:en]Windlasses[:] - Vulkan-Nova\",\"isPartOf\":{\"@id\":\"https:\/\/www.vulkan-nova.hr\/hr\/#website\"},\"datePublished\":\"2016-12-14T12:36:04+00:00\",\"dateModified\":\"2018-02-05T14:26:26+00:00\",\"breadcrumb\":{\"@id\":\"https:\/\/www.vulkan-nova.hr\/proizvodi\/sidrena-vitla\/#breadcrumb\"},\"inLanguage\":\"hr\",\"potentialAction\":[{\"@type\":\"ReadAction\",\"target\":[\"https:\/\/www.vulkan-nova.hr\/proizvodi\/sidrena-vitla\/\"]}]},{\"@type\":\"BreadcrumbList\",\"@id\":\"https:\/\/www.vulkan-nova.hr\/proizvodi\/sidrena-vitla\/#breadcrumb\",\"itemListElement\":[{\"@type\":\"ListItem\",\"position\":1,\"name\":\"Po\u010detna stranica\",\"item\":\"https:\/\/www.vulkan-nova.hr\/\"},{\"@type\":\"ListItem\",\"position\":2,\"name\":\"Proizvodi\",\"item\":\"https:\/\/www.vulkan-nova.hr\/proizvodi\/\"},{\"@type\":\"ListItem\",\"position\":3,\"name\":\"Sidrena vitla\"}]},{\"@type\":\"WebSite\",\"@id\":\"https:\/\/www.vulkan-nova.hr\/hr\/#website\",\"url\":\"https:\/\/www.vulkan-nova.hr\/hr\/\",\"name\":\"Vulkan-Nova\",\"description\":\"Tvornica dizalica i brodske opreme\",\"potentialAction\":[{\"@type\":\"SearchAction\",\"target\":{\"@type\":\"EntryPoint\",\"urlTemplate\":\"https:\/\/www.vulkan-nova.hr\/hr\/?s={search_term_string}\"},\"query-input\":\"required name=search_term_string\"}],\"inLanguage\":\"hr\"}]}<\/script>\n<!-- \/ Yoast SEO plugin. -->","yoast_head_json":{"title":"[:hr]Sidrena vitla[:en]Windlasses[:] - Vulkan-Nova","robots":{"index":"index","follow":"follow","max-snippet":"max-snippet:-1","max-image-preview":"max-image-preview:large","max-video-preview":"max-video-preview:-1"},"canonical":"https:\/\/www.vulkan-nova.hr\/proizvodi\/sidrena-vitla\/","og_locale":"hr_HR","og_type":"article","og_title":"[:hr]Sidrena vitla[:en]Windlasses[:] - Vulkan-Nova","og_description":"[vc_row][vc_column][vc_custom_heading text=&#8221;Sidrena vitla&#8221; use_theme_fonts=&#8221;yes&#8221; el_class=&#8221;title&#8221;][vc_column_text]Na\u0161a sidrena vitla omogu\u0107avaju jednostavno i pouzdano i sigurmo manipuliranje sidrom pri operacijama dizanja, spu\u0161tanja ili obaranja sidra.\u00a0Sidrena vitla mogu biti elektri\u010dno ili hidrauli\u010dki pogonjena. Standardna konfiguracija obuhva\u0107a jedan ili vi\u0161e lan\u010danika, odnosno bubnjeva ako je &hellip;","og_url":"https:\/\/www.vulkan-nova.hr\/proizvodi\/sidrena-vitla\/","og_site_name":"Vulkan-Nova","article_modified_time":"2018-02-05T14:26:26+00:00","og_image":[{"width":1920,"height":300,"url":"https:\/\/www.vulkan-nova.hr\/wp-content\/uploads\/2016\/01\/sidreno-pritezna-vitla-vulkan-nova-h.jpg","type":"image\/jpeg"}],"twitter_card":"summary_large_image","twitter_misc":{"Procijenjeno vrijeme \u010ditanja":"3 minute"},"schema":{"@context":"https:\/\/schema.org","@graph":[{"@type":"WebPage","@id":"https:\/\/www.vulkan-nova.hr\/proizvodi\/sidrena-vitla\/","url":"https:\/\/www.vulkan-nova.hr\/proizvodi\/sidrena-vitla\/","name":"[:hr]Sidrena vitla[:en]Windlasses[:] - Vulkan-Nova","isPartOf":{"@id":"https:\/\/www.vulkan-nova.hr\/hr\/#website"},"datePublished":"2016-12-14T12:36:04+00:00","dateModified":"2018-02-05T14:26:26+00:00","breadcrumb":{"@id":"https:\/\/www.vulkan-nova.hr\/proizvodi\/sidrena-vitla\/#breadcrumb"},"inLanguage":"hr","potentialAction":[{"@type":"ReadAction","target":["https:\/\/www.vulkan-nova.hr\/proizvodi\/sidrena-vitla\/"]}]},{"@type":"BreadcrumbList","@id":"https:\/\/www.vulkan-nova.hr\/proizvodi\/sidrena-vitla\/#breadcrumb","itemListElement":[{"@type":"ListItem","position":1,"name":"Po\u010detna stranica","item":"https:\/\/www.vulkan-nova.hr\/"},{"@type":"ListItem","position":2,"name":"Proizvodi","item":"https:\/\/www.vulkan-nova.hr\/proizvodi\/"},{"@type":"ListItem","position":3,"name":"Sidrena vitla"}]},{"@type":"WebSite","@id":"https:\/\/www.vulkan-nova.hr\/hr\/#website","url":"https:\/\/www.vulkan-nova.hr\/hr\/","name":"Vulkan-Nova","description":"Tvornica dizalica i brodske opreme","potentialAction":[{"@type":"SearchAction","target":{"@type":"EntryPoint","urlTemplate":"https:\/\/www.vulkan-nova.hr\/hr\/?s={search_term_string}"},"query-input":"required name=search_term_string"}],"inLanguage":"hr"}]}},"_links":{"self":[{"href":"https:\/\/www.vulkan-nova.hr\/hr\/wp-json\/wp\/v2\/pages\/2480"}],"collection":[{"href":"https:\/\/www.vulkan-nova.hr\/hr\/wp-json\/wp\/v2\/pages"}],"about":[{"href":"https:\/\/www.vulkan-nova.hr\/hr\/wp-json\/wp\/v2\/types\/page"}],"author":[{"embeddable":true,"href":"https:\/\/www.vulkan-nova.hr\/hr\/wp-json\/wp\/v2\/users\/1"}],"replies":[{"embeddable":true,"href":"https:\/\/www.vulkan-nova.hr\/hr\/wp-json\/wp\/v2\/comments?post=2480"}],"version-history":[{"count":5,"href":"https:\/\/www.vulkan-nova.hr\/hr\/wp-json\/wp\/v2\/pages\/2480\/revisions"}],"predecessor-version":[{"id":3277,"href":"https:\/\/www.vulkan-nova.hr\/hr\/wp-json\/wp\/v2\/pages\/2480\/revisions\/3277"}],"up":[{"embeddable":true,"href":"https:\/\/www.vulkan-nova.hr\/hr\/wp-json\/wp\/v2\/pages\/2477"}],"wp:featuredmedia":[{"embeddable":true,"href":"https:\/\/www.vulkan-nova.hr\/hr\/wp-json\/wp\/v2\/media\/2469"}],"wp:attachment":[{"href":"https:\/\/www.vulkan-nova.hr\/hr\/wp-json\/wp\/v2\/media?parent=2480"}],"curies":[{"name":"wp","href":"https:\/\/api.w.org\/{rel}","templated":true}]}}