{"id":2477,"date":"2016-12-14T12:22:28","date_gmt":"2016-12-14T12:22:28","guid":{"rendered":"http:\/\/www.vulkan-nova.hr\/?page_id=2477"},"modified":"2018-01-22T11:35:06","modified_gmt":"2018-01-22T11:35:06","slug":"proizvodi","status":"publish","type":"page","link":"https:\/\/www.vulkan-nova.hr\/hr\/proizvodi\/","title":{"rendered":"Proizvodi"},"content":{"rendered":"<p>[vc_row css=&#8221;.vc_custom_1481725718456{padding-bottom: 20px !important;}&#8221;][vc_column width=&#8221;1\/6&#8243;][\/vc_column][vc_column width=&#8221;2\/3&#8243;][vc_column_text el_class=&#8221;naslov_italic&#8221;]<\/p>\n<p style=\"text-align: center; font-size: 18px;\">Svi na\u0161i proizvodi\u00a0odlikuju se sigurnim pogonom, jednostavnim i jeftinim odr\u017eavanjem. Sa na\u0161im projektnim uredom mo\u017eemo udovoljiti svim zahtjevima kupaca. Proizvodi imaju osiguran servis i rezervne dijelove, a proizvode se u skladu sa svim me\u0111unarodnim standardima (HRN, DIN, FEM) te propisima klasifikacijskih dru\u0161tava poput DNV-a, Loyd\u00b4s Registra, Bureau Veritasa, Hrvatskog Registra Brodove te ostalih prema zahtjevu kupca<\/p>\n<p>[\/vc_column_text][\/vc_column][vc_column width=&#8221;1\/6&#8243;][\/vc_column][\/vc_row][vc_row css=&#8221;.vc_custom_1453287409122{margin-bottom: 40px !important;}&#8221;][vc_column width=&#8221;1\/2&#8243;]<div class='featured featured-has-link featured-has-icon featured-has-content'><div class='featured-header'><a target='_self' href='http:\/\/www.vulkan-nova.hr\/sidreno-pritezna-vitla\/'><img alt='Vitla' src='https:\/\/www.vulkan-nova.hr\/wp-content\/uploads\/2016\/12\/sidreno-pritezna-vitla-vulkan-nova-1.jpg'\/><\/a><\/div><div class='featured-content'><h3 class='featured-title text-uppercase'><a target='_self' href='http:\/\/www.vulkan-nova.hr\/sidreno-pritezna-vitla\/'><i class='fa fa-industry'><\/i>Vitla<\/a><\/h3><p class='featured-desc'>Sidreno pritezna, sidrena, pritezna, vertikal, vertikalno sidreno pritezna, vitla za tegalj, vitla za sakupljanje u\u017eeta, vitla za jakovljice, toperi sidrenog lanca, toperi za tegalj, sve na jednom mjestu<\/p><a class='btn btn-md btn-minimal' target='_self' href='http:\/\/www.vulkan-nova.hr\/sidreno-pritezna-vitla\/'>saznajte vi\u0161e<\/a><\/div><\/div>[\/vc_column][vc_column width=&#8221;1\/2&#8243;]<div class='featured featured-has-link featured-has-icon featured-has-content'><div class='featured-header'><a target='_self' href=' http:\/\/www.vulkan-nova.hr\/proizvodi\/jednogredne-mosne-dizalice\/'><img alt='Dizalice' src='https:\/\/www.vulkan-nova.hr\/wp-content\/uploads\/2016\/12\/brodska-oprema-dizalice-1.jpg'\/><\/a><\/div><div class='featured-content'><h3 class='featured-title text-uppercase'><a target='_self' href=' http:\/\/www.vulkan-nova.hr\/proizvodi\/jednogredne-mosne-dizalice\/'><i class='fa fa-cog'><\/i>Dizalice<\/a><\/h3><p class='featured-desc'>Upoznajte se sa 6\u00a0razli\u010ditih vrsta dizalica koje imamo u ponudi, a koja se koriste\u00a0na otvorenim i zatvorenim industrijskim pogonima, brodogradili\u0161tima, klesarijama, skladi\u0161tima, pilanama, prekrcajnim lukama, itd.<\/p><a class='btn btn-md btn-minimal' target='_self' href=' http:\/\/www.vulkan-nova.hr\/proizvodi\/jednogredne-mosne-dizalice\/'>saznajte vi\u0161e<\/a><\/div><\/div>[\/vc_column][\/vc_row][vc_row full_width=&#8221;stretch_row&#8221; css=&#8221;.vc_custom_1460118064162{padding-bottom: 140px !important;background-position: 0 0 !important;background-repeat: no-repeat !important;}&#8221; el_class=&#8221;bg-image-bottom&#8221;][vc_column width=&#8221;1\/2&#8243;]<div class='featured featured-has-link featured-has-icon featured-has-content'><div class='featured-header'><a target='_self' href='http:\/\/www.vulkan-nova.hr\/proizvodi\/brodske-dizalice\/'><img alt='Brodske dizalice' src='https:\/\/www.vulkan-nova.hr\/wp-content\/uploads\/2016\/12\/brodske-dizalice-vulkan-nova.jpg'\/><\/a><\/div><div class='featured-content'><h3 class='featured-title text-uppercase'><a target='_self' href='http:\/\/www.vulkan-nova.hr\/proizvodi\/brodske-dizalice\/'><i class='fa fa-flask'><\/i>Brodske dizalice<\/a><\/h3><p class='featured-desc'>Dizalice strojarnice, dizalice provijanta i palubne dizalice. Saznajte o njihovoj nosivosti, primjeni i sve ostale karakteristike na\u0161ih brodskih dizalica.<\/p><a class='btn btn-md btn-minimal' target='_self' href='http:\/\/www.vulkan-nova.hr\/proizvodi\/brodske-dizalice\/'>saznajte vi\u0161e<\/a><\/div><\/div>[\/vc_column][vc_column width=&#8221;1\/2&#8243;]<div class='featured featured-has-link featured-has-icon featured-has-content'><div class='featured-header'><a target='_self' href='http:\/\/www.vulkan-nova.hr\/proizvodi\/bitve\/'><img alt='Oprema za privez' src='https:\/\/www.vulkan-nova.hr\/wp-content\/uploads\/2016\/12\/oprema-za-privez.jpg'\/><\/a><\/div><div class='featured-content'><h3 class='featured-title text-uppercase'><a target='_self' href='http:\/\/www.vulkan-nova.hr\/proizvodi\/bitve\/'><i class='fa fa-plug'><\/i>Oprema za privez<\/a><\/h3><p class='featured-desc'>Bitve, zjeva\u010de, skretni valjci, panama oka, okretna vodilica, itd.<\/p><a class='btn btn-md btn-minimal' target='_self' href='http:\/\/www.vulkan-nova.hr\/proizvodi\/bitve\/'>saznajte vi\u0161e<\/a><\/div><\/div>[\/vc_column][\/vc_row]<\/p>","protected":false},"excerpt":{"rendered":"<p>[vc_row css=&#8221;.vc_custom_1481725718456{padding-bottom: 20px !important;}&#8221;][vc_column width=&#8221;1\/6&#8243;][\/vc_column][vc_column width=&#8221;2\/3&#8243;][vc_column_text el_class=&#8221;naslov_italic&#8221;] Svi na\u0161i proizvodi\u00a0odlikuju se sigurnim pogonom, jednostavnim i jeftinim odr\u017eavanjem. Sa na\u0161im projektnim uredom mo\u017eemo udovoljiti svim zahtjevima kupaca. Proizvodi imaju osiguran servis i rezervne dijelove, a proizvode se u skladu sa svim &hellip;<\/p>\n","protected":false},"author":1,"featured_media":0,"parent":0,"menu_order":0,"comment_status":"closed","ping_status":"closed","template":"","meta":{"footnotes":""},"yoast_head":"<!-- This site is optimized with the Yoast SEO plugin v21.8 - https:\/\/yoast.com\/wordpress\/plugins\/seo\/ -->\n<title>Proizvodi - Vulkan-Nova<\/title>\n<meta name=\"description\" content=\"Na\u0161i proizvodi odlikuju sigurnim pogonom i jednostavnim odr\u017eavanjem, imaju osiguran servis te se proizvode u skladu sa svim me\u0111unarodnim standardima.\" \/>\n<meta name=\"robots\" content=\"index, follow, max-snippet:-1, max-image-preview:large, max-video-preview:-1\" \/>\n<link rel=\"canonical\" href=\"https:\/\/www.vulkan-nova.hr\/proizvodi\/\" \/>\n<meta property=\"og:locale\" content=\"hr_HR\" \/>\n<meta property=\"og:type\" content=\"article\" \/>\n<meta property=\"og:title\" content=\"Proizvodi - Vulkan-Nova\" \/>\n<meta property=\"og:description\" content=\"Na\u0161i proizvodi odlikuju sigurnim pogonom i jednostavnim odr\u017eavanjem, imaju osiguran servis te se proizvode u skladu sa svim me\u0111unarodnim standardima.\" \/>\n<meta property=\"og:url\" content=\"https:\/\/www.vulkan-nova.hr\/proizvodi\/\" \/>\n<meta property=\"og:site_name\" content=\"Vulkan-Nova\" \/>\n<meta property=\"article:modified_time\" content=\"2018-01-22T11:35:06+00:00\" \/>\n<meta name=\"twitter:card\" content=\"summary_large_image\" \/>\n<meta name=\"twitter:label1\" content=\"Procijenjeno vrijeme \u010ditanja\" \/>\n\t<meta name=\"twitter:data1\" content=\"3 minute\" \/>\n<script type=\"application\/ld+json\" class=\"yoast-schema-graph\">{\"@context\":\"https:\/\/schema.org\",\"@graph\":[{\"@type\":\"WebPage\",\"@id\":\"https:\/\/www.vulkan-nova.hr\/proizvodi\/\",\"url\":\"https:\/\/www.vulkan-nova.hr\/proizvodi\/\",\"name\":\"Proizvodi - Vulkan-Nova\",\"isPartOf\":{\"@id\":\"https:\/\/www.vulkan-nova.hr\/hr\/#website\"},\"datePublished\":\"2016-12-14T12:22:28+00:00\",\"dateModified\":\"2018-01-22T11:35:06+00:00\",\"description\":\"Na\u0161i proizvodi odlikuju sigurnim pogonom i jednostavnim odr\u017eavanjem, imaju osiguran servis te se proizvode u skladu sa svim me\u0111unarodnim standardima.\",\"breadcrumb\":{\"@id\":\"https:\/\/www.vulkan-nova.hr\/proizvodi\/#breadcrumb\"},\"inLanguage\":\"hr\",\"potentialAction\":[{\"@type\":\"ReadAction\",\"target\":[\"https:\/\/www.vulkan-nova.hr\/proizvodi\/\"]}]},{\"@type\":\"BreadcrumbList\",\"@id\":\"https:\/\/www.vulkan-nova.hr\/proizvodi\/#breadcrumb\",\"itemListElement\":[{\"@type\":\"ListItem\",\"position\":1,\"name\":\"Po\u010detna stranica\",\"item\":\"https:\/\/www.vulkan-nova.hr\/\"},{\"@type\":\"ListItem\",\"position\":2,\"name\":\"Proizvodi\"}]},{\"@type\":\"WebSite\",\"@id\":\"https:\/\/www.vulkan-nova.hr\/hr\/#website\",\"url\":\"https:\/\/www.vulkan-nova.hr\/hr\/\",\"name\":\"Vulkan-Nova\",\"description\":\"Tvornica dizalica i brodske opreme\",\"potentialAction\":[{\"@type\":\"SearchAction\",\"target\":{\"@type\":\"EntryPoint\",\"urlTemplate\":\"https:\/\/www.vulkan-nova.hr\/hr\/?s={search_term_string}\"},\"query-input\":\"required name=search_term_string\"}],\"inLanguage\":\"hr\"}]}<\/script>\n<!-- \/ Yoast SEO plugin. -->","yoast_head_json":{"title":"Proizvodi - Vulkan-Nova","description":"Na\u0161i proizvodi odlikuju sigurnim pogonom i jednostavnim odr\u017eavanjem, imaju osiguran servis te se proizvode u skladu sa svim me\u0111unarodnim standardima.","robots":{"index":"index","follow":"follow","max-snippet":"max-snippet:-1","max-image-preview":"max-image-preview:large","max-video-preview":"max-video-preview:-1"},"canonical":"https:\/\/www.vulkan-nova.hr\/proizvodi\/","og_locale":"hr_HR","og_type":"article","og_title":"Proizvodi - Vulkan-Nova","og_description":"Na\u0161i proizvodi odlikuju sigurnim pogonom i jednostavnim odr\u017eavanjem, imaju osiguran servis te se proizvode u skladu sa svim me\u0111unarodnim standardima.","og_url":"https:\/\/www.vulkan-nova.hr\/proizvodi\/","og_site_name":"Vulkan-Nova","article_modified_time":"2018-01-22T11:35:06+00:00","twitter_card":"summary_large_image","twitter_misc":{"Procijenjeno vrijeme \u010ditanja":"3 minute"},"schema":{"@context":"https:\/\/schema.org","@graph":[{"@type":"WebPage","@id":"https:\/\/www.vulkan-nova.hr\/proizvodi\/","url":"https:\/\/www.vulkan-nova.hr\/proizvodi\/","name":"Proizvodi - Vulkan-Nova","isPartOf":{"@id":"https:\/\/www.vulkan-nova.hr\/hr\/#website"},"datePublished":"2016-12-14T12:22:28+00:00","dateModified":"2018-01-22T11:35:06+00:00","description":"Na\u0161i proizvodi odlikuju sigurnim pogonom i jednostavnim odr\u017eavanjem, imaju osiguran servis te se proizvode u skladu sa svim me\u0111unarodnim standardima.","breadcrumb":{"@id":"https:\/\/www.vulkan-nova.hr\/proizvodi\/#breadcrumb"},"inLanguage":"hr","potentialAction":[{"@type":"ReadAction","target":["https:\/\/www.vulkan-nova.hr\/proizvodi\/"]}]},{"@type":"BreadcrumbList","@id":"https:\/\/www.vulkan-nova.hr\/proizvodi\/#breadcrumb","itemListElement":[{"@type":"ListItem","position":1,"name":"Po\u010detna stranica","item":"https:\/\/www.vulkan-nova.hr\/"},{"@type":"ListItem","position":2,"name":"Proizvodi"}]},{"@type":"WebSite","@id":"https:\/\/www.vulkan-nova.hr\/hr\/#website","url":"https:\/\/www.vulkan-nova.hr\/hr\/","name":"Vulkan-Nova","description":"Tvornica dizalica i brodske opreme","potentialAction":[{"@type":"SearchAction","target":{"@type":"EntryPoint","urlTemplate":"https:\/\/www.vulkan-nova.hr\/hr\/?s={search_term_string}"},"query-input":"required name=search_term_string"}],"inLanguage":"hr"}]}},"_links":{"self":[{"href":"https:\/\/www.vulkan-nova.hr\/hr\/wp-json\/wp\/v2\/pages\/2477"}],"collection":[{"href":"https:\/\/www.vulkan-nova.hr\/hr\/wp-json\/wp\/v2\/pages"}],"about":[{"href":"https:\/\/www.vulkan-nova.hr\/hr\/wp-json\/wp\/v2\/types\/page"}],"author":[{"embeddable":true,"href":"https:\/\/www.vulkan-nova.hr\/hr\/wp-json\/wp\/v2\/users\/1"}],"replies":[{"embeddable":true,"href":"https:\/\/www.vulkan-nova.hr\/hr\/wp-json\/wp\/v2\/comments?post=2477"}],"version-history":[{"count":5,"href":"https:\/\/www.vulkan-nova.hr\/hr\/wp-json\/wp\/v2\/pages\/2477\/revisions"}],"predecessor-version":[{"id":3200,"href":"https:\/\/www.vulkan-nova.hr\/hr\/wp-json\/wp\/v2\/pages\/2477\/revisions\/3200"}],"wp:attachment":[{"href":"https:\/\/www.vulkan-nova.hr\/hr\/wp-json\/wp\/v2\/media?parent=2477"}],"curies":[{"name":"wp","href":"https:\/\/api.w.org\/{rel}","templated":true}]}}