{"id":1461,"date":"2016-01-19T15:44:38","date_gmt":"2016-01-19T15:44:38","guid":{"rendered":"http:\/\/anpsthemes.com\/construction\/?page_id=1461"},"modified":"2025-01-17T15:00:24","modified_gmt":"2025-01-17T15:00:24","slug":"reference","status":"publish","type":"page","link":"https:\/\/www.vulkan-nova.hr\/hr\/reference\/","title":{"rendered":"Reference"},"content":{"rendered":"<p>[vc_row][vc_column][vc_custom_heading text=&#8221;NA\u0160I PROJEKTI&#8221; use_theme_fonts=&#8221;yes&#8221; el_class=&#8221;title&#8221;][vc_empty_space height=&#8221;15&#8243;][vc_column_text]Vulkan-Nova je \u00a0vo\u0111e\u0107i regionalni proizvo\u0111a\u010d brodske opreme s dugogodi\u0161njom tradicijom. Pored proizvodnje za doma\u0107a brodogradili\u0161ta, dugogodi\u0161nji smo partner kompanije Norwegian Deck Machinery, Os koja je od o\u017eujka 2016. poslala dio Palfinger Group. Brodsku opremu isporu\u010dujemo na rusko tr\u017ei\u0161te &#8211;\u00a0JSC Shipbuilding Plant Lotos, Vyborg Shipyard JSC; za ameri\u010dko tr\u017ei\u0161te &#8211; VT Halter Marine Inc.; za talijansko tr\u017ei\u0161te &#8211; Fincantieri Shipyard, itd.<\/p>\n<p>Pored brodskog programa, proizvo\u0111a\u010di smo dizalica i dizali\u010dne opreme za industrijske hale sa 88 godi\u0161njim iskustvom.[\/vc_column_text][\/vc_column][\/vc_row][vc_row css=&#8221;.vc_custom_1490966520167{background-color: #3498db !important;}&#8221;][vc_column css=&#8221;.vc_custom_1490966345550{padding-top: 0px !important;}&#8221;]<div class=\"download\"><div class='download-content text-uppercase' style='color: #fff'><i class='fa fa fa-file-pdf-o'><\/i> BRODSKI PROGRAM ZA DOMA\u0106A BRODOGRADILI\u0160TA<\/div><a target='_blank' href='https:\/\/www.vulkan-nova.hr\/wp-content\/uploads\/2025\/01\/REFERENCE-LIST-FOR-DOMESTIC-SHIPYARDS.pdf' class='btn btn-md btn-dark btn-shadow'>PREUZMITE<\/a><\/div>[\/vc_column][\/vc_row][vc_row][vc_column css=&#8221;.vc_custom_1490966345550{padding-top: 0px !important;}&#8221;][vc_empty_space][\/vc_column][\/vc_row][vc_row css=&#8221;.vc_custom_1490966520167{background-color: #3498db !important;}&#8221;][vc_column css=&#8221;.vc_custom_1490966345550{padding-top: 0px !important;}&#8221;]<div class=\"download\"><div class='download-content text-uppercase' style='color: #fff'><i class='fa fa fa-file-pdf-o'><\/i> BRODSKI PROGRAM ZA STRANA BRODOGRADILI\u0160TA<\/div><a target='_blank' href='https:\/\/www.vulkan-nova.hr\/wp-content\/uploads\/2025\/01\/REFERENCE-LIST-FOR-FOREIGN-PARTNERS.pdf' class='btn btn-md btn-dark btn-shadow'>PREUZMITE<\/a><\/div>[\/vc_column][\/vc_row][vc_row][vc_column css=&#8221;.vc_custom_1490966345550{padding-top: 0px !important;}&#8221;][vc_empty_space][\/vc_column][\/vc_row][vc_row css=&#8221;.vc_custom_1490966520167{background-color: #3498db !important;}&#8221;][vc_column css=&#8221;.vc_custom_1490966345550{padding-top: 0px !important;}&#8221;]<div class=\"download\"><div class='download-content text-uppercase' style='color: #fff'><i class='fa fa fa-file-pdf-o'><\/i> LISTA PROIZVEDENIH DIZALICA<\/div><a target='_blank' href='https:\/\/www.vulkan-nova.hr\/wp-content\/uploads\/2025\/01\/REFERENCE-LIST_DIZALICE-CRANES.pdf' class='btn btn-md btn-dark btn-shadow'>PREUZMITE<\/a><\/div>[\/vc_column][\/vc_row][vc_row css=&#8221;.vc_custom_1490966520167{background-color: #3498db !important;}&#8221;][vc_column css=&#8221;.vc_custom_1520868164427{padding-top: 0px !important;}&#8221; offset=&#8221;vc_hidden-lg vc_hidden-md vc_hidden-sm vc_hidden-xs&#8221;]<div class=\"download\"><div class='download-content text-uppercase' style='color: #fff'><i class='fa fa fa-file-pdf-o'><\/i> LISTA REFERENCI<\/div><a target='_self' href='https:\/\/www.vulkan-nova.hr\/wp-content\/uploads\/2025\/01\/REFERENCE-LIST-FOR-FOREIGN-PARTNERS.pdf' class='btn btn-md btn-dark btn-shadow'>PREUZMITE<\/a><\/div>[\/vc_column][\/vc_row][vc_row css=&#8221;.vc_custom_1453297416098{margin-bottom: 60px !important;}&#8221;][vc_column offset=&#8221;vc_hidden-lg vc_hidden-md vc_hidden-sm vc_hidden-xs&#8221;]<div class=\"projects\"><ul class='filter'><li><button data-filter=\"*\" class=\"selected\">All projects<\/button><\/li><li><button data-filter=\"dizali\u010dni-program\">Dizali\u010dni program<\/button><\/li><\/ul><div class='row projects-content'><div class='projects-item  col-md-4 col-xs-6'><div class='projects-item-wrap'><img decoding=\"async\" src=\"https:\/\/www.vulkan-nova.hr\/wp-content\/uploads\/2016\/01\/referenca1-359x283.jpg\" alt=\"\" \/><div class=\"project-hover-bg\"><\/div><div class=\"project-hover\"><h3 class='project-title text-uppercase'>Referenca 1<\/h3><p class='project-desc'>Lorem ipsum dolor sit amet, consectetur adipiscing elit. Sed convallis lacinia enim vel blandit. In placerat, ex nec sodales elementum.<\/p><a class='btn btn-md' href='https:\/\/www.vulkan-nova.hr\/hr\/portfolio\/referenca-1\/'>Read more<\/a><\/div><\/div><\/div><div class='projects-item dizali\u010dni-program col-md-4 col-xs-6'><div class='projects-item-wrap'><img decoding=\"async\" src=\"https:\/\/www.vulkan-nova.hr\/wp-content\/uploads\/2016\/01\/referenca2-359x283.jpg\" alt=\"\" \/><div class=\"project-hover-bg\"><\/div><div class=\"project-hover\"><h3 class='project-title text-uppercase'>Referenca 2<\/h3><p class='project-desc'>Lorem ipsum dolor sit amet, consectetur adipiscing elit. Sed convallis lacinia enim vel blandit. In placerat, ex nec sodales elementum.<\/p><a class='btn btn-md' href='https:\/\/www.vulkan-nova.hr\/hr\/portfolio\/referenca-2\/'>Read more<\/a><\/div><\/div><\/div><div class='projects-item  col-md-4 col-xs-6'><div class='projects-item-wrap'><img decoding=\"async\" src=\"https:\/\/www.vulkan-nova.hr\/wp-content\/uploads\/2016\/01\/referenca3-359x283.jpg\" alt=\"\" \/><div class=\"project-hover-bg\"><\/div><div class=\"project-hover\"><h3 class='project-title text-uppercase'>Referenca 3<\/h3><p class='project-desc'>Lorem ipsum dolor sit amet, consectetur adipiscing elit. Sed convallis lacinia enim vel blandit. In placerat, ex nec sodales elementum.<\/p><a class='btn btn-md' href='https:\/\/www.vulkan-nova.hr\/hr\/portfolio\/referenca-3\/'>Read more<\/a><\/div><\/div><\/div><\/div><\/div>[\/vc_column][\/vc_row][vc_row][vc_column][vc_column_text]<\/p>\n<p>[\/vc_column_text][\/vc_column][\/vc_row]<\/p>","protected":false},"excerpt":{"rendered":"<p>[vc_row][vc_column][vc_custom_heading text=&#8221;NA\u0160I PROJEKTI&#8221; use_theme_fonts=&#8221;yes&#8221; el_class=&#8221;title&#8221;][vc_empty_space height=&#8221;15&#8243;][vc_column_text]Vulkan-Nova je \u00a0vo\u0111e\u0107i regionalni proizvo\u0111a\u010d brodske opreme s dugogodi\u0161njom tradicijom. Pored proizvodnje za doma\u0107a brodogradili\u0161ta, dugogodi\u0161nji smo partner kompanije Norwegian Deck Machinery, Os koja je od o\u017eujka 2016. poslala dio Palfinger Group. Brodsku opremu isporu\u010dujemo &hellip;<\/p>\n","protected":false},"author":2,"featured_media":0,"parent":0,"menu_order":0,"comment_status":"closed","ping_status":"closed","template":"","meta":{"footnotes":""},"yoast_head":"<!-- This site is optimized with the Yoast SEO plugin v21.8 - https:\/\/yoast.com\/wordpress\/plugins\/seo\/ -->\n<title>Reference - Vulkan-Nova<\/title>\n<meta name=\"description\" content=\"Vode\u0107i smo regionalni proizvo\u0111a\u010d brodske opreme te dizalica i dizali\u010dne opreme za industrijske hale s 88 godi\u0161njim iskustvom.\" \/>\n<meta name=\"robots\" content=\"index, follow, max-snippet:-1, max-image-preview:large, max-video-preview:-1\" \/>\n<link rel=\"canonical\" href=\"https:\/\/www.vulkan-nova.hr\/reference\/\" \/>\n<meta property=\"og:locale\" content=\"hr_HR\" \/>\n<meta property=\"og:type\" content=\"article\" \/>\n<meta property=\"og:title\" content=\"Reference - Vulkan-Nova\" \/>\n<meta property=\"og:description\" content=\"Vode\u0107i smo regionalni proizvo\u0111a\u010d brodske opreme te dizalica i dizali\u010dne opreme za industrijske hale s 88 godi\u0161njim iskustvom.\" \/>\n<meta property=\"og:url\" content=\"https:\/\/www.vulkan-nova.hr\/reference\/\" \/>\n<meta property=\"og:site_name\" content=\"Vulkan-Nova\" \/>\n<meta property=\"article:modified_time\" content=\"2025-01-17T15:00:24+00:00\" \/>\n<meta name=\"twitter:card\" content=\"summary_large_image\" \/>\n<meta name=\"twitter:label1\" content=\"Procijenjeno vrijeme \u010ditanja\" \/>\n\t<meta name=\"twitter:data1\" content=\"1 minuta\" \/>\n<script type=\"application\/ld+json\" class=\"yoast-schema-graph\">{\"@context\":\"https:\/\/schema.org\",\"@graph\":[{\"@type\":\"WebPage\",\"@id\":\"https:\/\/www.vulkan-nova.hr\/reference\/\",\"url\":\"https:\/\/www.vulkan-nova.hr\/reference\/\",\"name\":\"Reference - Vulkan-Nova\",\"isPartOf\":{\"@id\":\"https:\/\/www.vulkan-nova.hr\/hr\/#website\"},\"datePublished\":\"2016-01-19T15:44:38+00:00\",\"dateModified\":\"2025-01-17T15:00:24+00:00\",\"description\":\"Vode\u0107i smo regionalni proizvo\u0111a\u010d brodske opreme te dizalica i dizali\u010dne opreme za industrijske hale s 88 godi\u0161njim iskustvom.\",\"breadcrumb\":{\"@id\":\"https:\/\/www.vulkan-nova.hr\/reference\/#breadcrumb\"},\"inLanguage\":\"hr\",\"potentialAction\":[{\"@type\":\"ReadAction\",\"target\":[\"https:\/\/www.vulkan-nova.hr\/reference\/\"]}]},{\"@type\":\"BreadcrumbList\",\"@id\":\"https:\/\/www.vulkan-nova.hr\/reference\/#breadcrumb\",\"itemListElement\":[{\"@type\":\"ListItem\",\"position\":1,\"name\":\"Po\u010detna stranica\",\"item\":\"https:\/\/www.vulkan-nova.hr\/\"},{\"@type\":\"ListItem\",\"position\":2,\"name\":\"Reference\"}]},{\"@type\":\"WebSite\",\"@id\":\"https:\/\/www.vulkan-nova.hr\/hr\/#website\",\"url\":\"https:\/\/www.vulkan-nova.hr\/hr\/\",\"name\":\"Vulkan-Nova\",\"description\":\"Tvornica dizalica i brodske opreme\",\"potentialAction\":[{\"@type\":\"SearchAction\",\"target\":{\"@type\":\"EntryPoint\",\"urlTemplate\":\"https:\/\/www.vulkan-nova.hr\/hr\/?s={search_term_string}\"},\"query-input\":\"required name=search_term_string\"}],\"inLanguage\":\"hr\"}]}<\/script>\n<!-- \/ Yoast SEO plugin. -->","yoast_head_json":{"title":"Reference - Vulkan-Nova","description":"Vode\u0107i smo regionalni proizvo\u0111a\u010d brodske opreme te dizalica i dizali\u010dne opreme za industrijske hale s 88 godi\u0161njim iskustvom.","robots":{"index":"index","follow":"follow","max-snippet":"max-snippet:-1","max-image-preview":"max-image-preview:large","max-video-preview":"max-video-preview:-1"},"canonical":"https:\/\/www.vulkan-nova.hr\/reference\/","og_locale":"hr_HR","og_type":"article","og_title":"Reference - Vulkan-Nova","og_description":"Vode\u0107i smo regionalni proizvo\u0111a\u010d brodske opreme te dizalica i dizali\u010dne opreme za industrijske hale s 88 godi\u0161njim iskustvom.","og_url":"https:\/\/www.vulkan-nova.hr\/reference\/","og_site_name":"Vulkan-Nova","article_modified_time":"2025-01-17T15:00:24+00:00","twitter_card":"summary_large_image","twitter_misc":{"Procijenjeno vrijeme \u010ditanja":"1 minuta"},"schema":{"@context":"https:\/\/schema.org","@graph":[{"@type":"WebPage","@id":"https:\/\/www.vulkan-nova.hr\/reference\/","url":"https:\/\/www.vulkan-nova.hr\/reference\/","name":"Reference - Vulkan-Nova","isPartOf":{"@id":"https:\/\/www.vulkan-nova.hr\/hr\/#website"},"datePublished":"2016-01-19T15:44:38+00:00","dateModified":"2025-01-17T15:00:24+00:00","description":"Vode\u0107i smo regionalni proizvo\u0111a\u010d brodske opreme te dizalica i dizali\u010dne opreme za industrijske hale s 88 godi\u0161njim iskustvom.","breadcrumb":{"@id":"https:\/\/www.vulkan-nova.hr\/reference\/#breadcrumb"},"inLanguage":"hr","potentialAction":[{"@type":"ReadAction","target":["https:\/\/www.vulkan-nova.hr\/reference\/"]}]},{"@type":"BreadcrumbList","@id":"https:\/\/www.vulkan-nova.hr\/reference\/#breadcrumb","itemListElement":[{"@type":"ListItem","position":1,"name":"Po\u010detna stranica","item":"https:\/\/www.vulkan-nova.hr\/"},{"@type":"ListItem","position":2,"name":"Reference"}]},{"@type":"WebSite","@id":"https:\/\/www.vulkan-nova.hr\/hr\/#website","url":"https:\/\/www.vulkan-nova.hr\/hr\/","name":"Vulkan-Nova","description":"Tvornica dizalica i brodske opreme","potentialAction":[{"@type":"SearchAction","target":{"@type":"EntryPoint","urlTemplate":"https:\/\/www.vulkan-nova.hr\/hr\/?s={search_term_string}"},"query-input":"required name=search_term_string"}],"inLanguage":"hr"}]}},"_links":{"self":[{"href":"https:\/\/www.vulkan-nova.hr\/hr\/wp-json\/wp\/v2\/pages\/1461"}],"collection":[{"href":"https:\/\/www.vulkan-nova.hr\/hr\/wp-json\/wp\/v2\/pages"}],"about":[{"href":"https:\/\/www.vulkan-nova.hr\/hr\/wp-json\/wp\/v2\/types\/page"}],"author":[{"embeddable":true,"href":"https:\/\/www.vulkan-nova.hr\/hr\/wp-json\/wp\/v2\/users\/2"}],"replies":[{"embeddable":true,"href":"https:\/\/www.vulkan-nova.hr\/hr\/wp-json\/wp\/v2\/comments?post=1461"}],"version-history":[{"count":5,"href":"https:\/\/www.vulkan-nova.hr\/hr\/wp-json\/wp\/v2\/pages\/1461\/revisions"}],"predecessor-version":[{"id":3776,"href":"https:\/\/www.vulkan-nova.hr\/hr\/wp-json\/wp\/v2\/pages\/1461\/revisions\/3776"}],"wp:attachment":[{"href":"https:\/\/www.vulkan-nova.hr\/hr\/wp-json\/wp\/v2\/media?parent=1461"}],"curies":[{"name":"wp","href":"https:\/\/api.w.org\/{rel}","templated":true}]}}