{"id":1450,"date":"2016-01-20T08:20:38","date_gmt":"2016-01-20T08:20:38","guid":{"rendered":"http:\/\/anpsthemes.com\/construction\/?page_id=1450"},"modified":"2018-02-05T14:29:14","modified_gmt":"2018-02-05T14:29:14","slug":"sidreno-pritezna-vitla","status":"publish","type":"page","link":"https:\/\/www.vulkan-nova.hr\/hr\/proizvodi\/sidreno-pritezna-vitla\/","title":{"rendered":"Sidreno-pritezna vitla"},"content":{"rendered":"<p>[vc_row][vc_column][vc_custom_heading text=&#8221;Sidreno-pritezna vitla&#8221; use_theme_fonts=&#8221;yes&#8221; el_class=&#8221;title&#8221;][vc_column_text]Na\u0161a sidreno-pritezna vitla omogu\u0107avaju jednostavno i pouzdano manipuliranje sidrom te sigurno provo\u0111enje operacja pritezanja.\u00a0Ona\u00a0mogu biti elektri\u010dno ili hidrauli\u010dki pogonjena. Standardna konfiguracija obuhva\u0107a lan\u010danik, jedan ili vi\u0161e priteznih bubnjeva te pritezno zvono. Bubnjevi mogu biti standardne izvebe (vi\u0161eslojno namatanje) ili podjeljeni na radni i skladi\u0161nji dio.[\/vc_column_text][vc_column_text]<span style=\"color: #333333;\">Pritezni bubnjevi mogu biti opremljeni ru\u010dno upravljivim pojasnim ko\u010dnicama ili s ko\u010dnicama sa hidrauli\u010dkim otpu\u0161tanjem. Pritezni dio mo\u017ee biti s funkcijom automatskog pritezanja.Sidreni dio mo\u017ee biti opremljen sa sustavom za daljinsko obaranje sidra, kao i s instrumentima za pra\u0107enje brzine i du\u017eine ispu\u0161tenog lanca.\u00a0Upravljanje: lokalno ili daljinsko.<\/span>[\/vc_column_text][\/vc_column][\/vc_row][vc_row css=&#8221;.vc_custom_1453450201221{margin-bottom: 15px !important;}&#8221;][vc_column]<div class=\"gallery-fs\"><figure><img decoding=\"async\" src=\"https:\/\/www.vulkan-nova.hr\/wp-content\/uploads\/2016\/01\/sidreno-pritezna-vitla-vulkan1.jpg\" alt=\"sidreno-pritezna-vitla\"><figcaption>sidreno-pritezna-vitla-vulkan1<\/figcaption><\/figure><div class=\"gallery-fs-nav\"><button class=\"gallery-fs-fullscreen\"><i class=\"fa fa-arrows-alt\"><\/i><\/button><\/div><div class=\"gallery-fs-thumbnails gallery-fs-thumbnails-col-5 owl-carousel\"><a href='https:\/\/www.vulkan-nova.hr\/wp-content\/uploads\/2016\/01\/sidreno-pritezna-vitla-vulkan1.jpg' data-caption='sidreno-pritezna-vitla-vulkan1' title='sidreno-pritezna-vitla-vulkan1' class=\"selected\"><img loading=\"lazy\" decoding=\"async\" width=\"280\" height=\"210\" src=\"https:\/\/www.vulkan-nova.hr\/wp-content\/uploads\/2016\/01\/sidreno-pritezna-vitla-vulkan1-280x210.jpg\" class=\"attachment-anps-gallery-thumb size-anps-gallery-thumb\" alt=\"sidreno-pritezna-vitla\" \/><\/a><a href='https:\/\/www.vulkan-nova.hr\/wp-content\/uploads\/2016\/01\/sidreno-pritezna-vitla-vulkan2.jpg' data-caption='sidreno-pritezna-vitla-vulkan2' title='sidreno-pritezna-vitla-vulkan2'><img loading=\"lazy\" decoding=\"async\" width=\"280\" height=\"210\" src=\"https:\/\/www.vulkan-nova.hr\/wp-content\/uploads\/2016\/01\/sidreno-pritezna-vitla-vulkan2-280x210.jpg\" class=\"attachment-anps-gallery-thumb size-anps-gallery-thumb\" alt=\"sidreno-pritezna-vitla\" \/><\/a><a href='https:\/\/www.vulkan-nova.hr\/wp-content\/uploads\/2016\/01\/sidreno-pritezna-vitla-vulkan3.jpg' data-caption='sidreno-pritezna-vitla-vulkan3' title='sidreno-pritezna-vitla-vulkan3'><img loading=\"lazy\" decoding=\"async\" width=\"280\" height=\"210\" src=\"https:\/\/www.vulkan-nova.hr\/wp-content\/uploads\/2016\/01\/sidreno-pritezna-vitla-vulkan3-280x210.jpg\" class=\"attachment-anps-gallery-thumb size-anps-gallery-thumb\" alt=\"sidreno-pritezna-vitla\" \/><\/a><a href='https:\/\/www.vulkan-nova.hr\/wp-content\/uploads\/2016\/01\/sidreno-pritezna-vitla-vulkan4.jpg' data-caption='sidreno-pritezna-vitla-vulkan4' title='sidreno-pritezna-vitla-vulkan4'><img loading=\"lazy\" decoding=\"async\" width=\"280\" height=\"210\" src=\"https:\/\/www.vulkan-nova.hr\/wp-content\/uploads\/2016\/01\/sidreno-pritezna-vitla-vulkan4-280x210.jpg\" class=\"attachment-anps-gallery-thumb size-anps-gallery-thumb\" alt=\"sidreno-pritezna-vitla\" \/><\/a><a href='https:\/\/www.vulkan-nova.hr\/wp-content\/uploads\/2016\/01\/sidreno-pritezna-vitla-vulkan5.jpg' data-caption='sidreno-pritezna-vitla-vulkan5' title='sidreno-pritezna-vitla-vulkan5'><img loading=\"lazy\" decoding=\"async\" width=\"280\" height=\"210\" src=\"https:\/\/www.vulkan-nova.hr\/wp-content\/uploads\/2016\/01\/sidreno-pritezna-vitla-vulkan5-280x210.jpg\" class=\"attachment-anps-gallery-thumb size-anps-gallery-thumb\" alt=\"sidreno-pritezna-vitla\" \/><\/a><a href='https:\/\/www.vulkan-nova.hr\/wp-content\/uploads\/2016\/01\/sidreno-pritezna-vitla-vulkan6.jpg' data-caption='sidreno-pritezna-vitla-vulkan6' title='sidreno-pritezna-vitla-vulkan6'><img loading=\"lazy\" decoding=\"async\" width=\"280\" height=\"210\" src=\"https:\/\/www.vulkan-nova.hr\/wp-content\/uploads\/2016\/01\/sidreno-pritezna-vitla-vulkan6-280x210.jpg\" class=\"attachment-anps-gallery-thumb size-anps-gallery-thumb\" alt=\"sidreno-pritezna-vitla\" \/><\/a><a href='https:\/\/www.vulkan-nova.hr\/wp-content\/uploads\/2016\/01\/sidreno-pritezna-vitla-vulkan7.jpg' data-caption='sidreno-pritezna-vitla-vulkan7' title='sidreno-pritezna-vitla-vulkan7'><img loading=\"lazy\" decoding=\"async\" width=\"280\" height=\"210\" src=\"https:\/\/www.vulkan-nova.hr\/wp-content\/uploads\/2016\/01\/sidreno-pritezna-vitla-vulkan7-280x210.jpg\" class=\"attachment-anps-gallery-thumb size-anps-gallery-thumb\" alt=\"sidreno-pritezna-vitla\" \/><\/a><a href='https:\/\/www.vulkan-nova.hr\/wp-content\/uploads\/2016\/01\/sidreno-pritezna-vitla-vulkan8.jpg' data-caption='sidreno-pritezna-vitla-vulkan8' title='sidreno-pritezna-vitla-vulkan8'><img loading=\"lazy\" decoding=\"async\" width=\"280\" height=\"210\" src=\"https:\/\/www.vulkan-nova.hr\/wp-content\/uploads\/2016\/01\/sidreno-pritezna-vitla-vulkan8-280x210.jpg\" class=\"attachment-anps-gallery-thumb size-anps-gallery-thumb\" alt=\"sidreno-pritezna-vitla\" \/><\/a><a href='https:\/\/www.vulkan-nova.hr\/wp-content\/uploads\/2016\/01\/sidreno-pritezna-vitla-vulkan9.jpg' data-caption='sidreno-pritezna-vitla-vulkan9' title='sidreno-pritezna-vitla-vulkan9'><img loading=\"lazy\" decoding=\"async\" width=\"280\" height=\"210\" src=\"https:\/\/www.vulkan-nova.hr\/wp-content\/uploads\/2016\/01\/sidreno-pritezna-vitla-vulkan9-280x210.jpg\" class=\"attachment-anps-gallery-thumb size-anps-gallery-thumb\" alt=\"sidreno-pritezna-vitla\" \/><\/a><a href='https:\/\/www.vulkan-nova.hr\/wp-content\/uploads\/2016\/01\/sidreno-pritezna-vitla-vulkan10.jpg' data-caption='sidreno-pritezna-vitla-vulkan10' title='sidreno-pritezna-vitla-vulkan10'><img loading=\"lazy\" decoding=\"async\" width=\"280\" height=\"210\" src=\"https:\/\/www.vulkan-nova.hr\/wp-content\/uploads\/2016\/01\/sidreno-pritezna-vitla-vulkan10-280x210.jpg\" class=\"attachment-anps-gallery-thumb size-anps-gallery-thumb\" alt=\"sidreno-pritezna-vitla\" \/><\/a><a href='https:\/\/www.vulkan-nova.hr\/wp-content\/uploads\/2016\/01\/sidreno-pritezno-vitlo.jpg' data-caption='sidreno-pritezno-vitlo' title='sidreno-pritezno-vitlo'><img loading=\"lazy\" decoding=\"async\" width=\"280\" height=\"210\" src=\"https:\/\/www.vulkan-nova.hr\/wp-content\/uploads\/2016\/01\/sidreno-pritezno-vitlo-280x210.jpg\" class=\"attachment-anps-gallery-thumb size-anps-gallery-thumb\" alt=\"sidreno-pritezno-vitlo\" \/><\/a><\/div><\/div>[\/vc_column][\/vc_row][vc_row css=&#8221;.vc_custom_1481708331089{padding-top: 30px !important;}&#8221;][vc_column]<div class='table-responsive'><table class='table table-striped table-bordered'><thead  class='bg-primary'><tr><th>Tehni\u010dke karakteristike<\/th><th><\/th><\/tr><\/thead><tbody><tr><td>POGON:<\/td><td>elektri\u010dni\/visokotla\u010dni ili niskotla\u010dni hidrauli\u010dki<\/td><\/tr><tr><td>KALIBAR LANCA:<\/td><td>40 \u2013 111 mm<\/td><\/tr><tr><td>PRITEZNA SILA (U PRVOM SLOJU):<\/td><td>8 &#8211; 40 t<\/td><\/tr><tr><td>NOMINALNA BRZINA PRITEZANJA:<\/td><td>do 20 m\/min<\/td><\/tr><tr><td>BRZINA PRIKUPLJANJA NEOPTERE\u010cENOG U\u017dETA:<\/td><td>do 45 m\/min<\/td><\/tr><tr><td>KONFIGURACIJA:<\/td><td>lan\u010danik, jedan ili dva bubnja sa\/bez priteznog zvona<\/td><\/tr><tr><td>KO\u010cNICA:<\/td><td>ru\u010dno ili hidrauli\u010dki upravljana<\/td><\/tr><tr><td>SPOJKA:<\/td><td>ru\u010dno upravljana<\/td><\/tr><tr><td>UPRAVLJANJE:<\/td><td>lokalno i\/ili daljinsko<\/td><\/tr><\/tbody><\/table><\/div>[\/vc_column][\/vc_row]<\/p>","protected":false},"excerpt":{"rendered":"<p>[vc_row][vc_column][vc_custom_heading text=&#8221;Sidreno-pritezna vitla&#8221; use_theme_fonts=&#8221;yes&#8221; el_class=&#8221;title&#8221;][vc_column_text]Na\u0161a sidreno-pritezna vitla omogu\u0107avaju jednostavno i pouzdano manipuliranje sidrom te sigurno provo\u0111enje operacja pritezanja.\u00a0Ona\u00a0mogu biti elektri\u010dno ili hidrauli\u010dki pogonjena. Standardna konfiguracija obuhva\u0107a lan\u010danik, jedan ili vi\u0161e priteznih bubnjeva te pritezno zvono. Bubnjevi mogu biti standardne izvebe &hellip;<\/p>\n","protected":false},"author":2,"featured_media":2469,"parent":2477,"menu_order":0,"comment_status":"closed","ping_status":"closed","template":"","meta":{"footnotes":""},"yoast_head":"<!-- This site is optimized with the Yoast SEO plugin v21.8 - https:\/\/yoast.com\/wordpress\/plugins\/seo\/ -->\n<title>Sidreno-pritezna vitla - Vulkan-Nova<\/title>\n<meta name=\"robots\" content=\"index, follow, max-snippet:-1, max-image-preview:large, max-video-preview:-1\" \/>\n<link rel=\"canonical\" href=\"https:\/\/www.vulkan-nova.hr\/proizvodi\/sidreno-pritezna-vitla\/\" \/>\n<meta property=\"og:locale\" content=\"hr_HR\" \/>\n<meta property=\"og:type\" content=\"article\" \/>\n<meta property=\"og:title\" content=\"[:hr]Sidreno-pritezna vitla[:en]Windlass-mooring winches[:] - Vulkan-Nova\" \/>\n<meta property=\"og:description\" content=\"[vc_row][vc_column][vc_custom_heading text=&#8221;Sidreno-pritezna vitla&#8221; use_theme_fonts=&#8221;yes&#8221; el_class=&#8221;title&#8221;][vc_column_text]Na\u0161a sidreno-pritezna vitla omogu\u0107avaju jednostavno i pouzdano manipuliranje sidrom te sigurno provo\u0111enje operacja pritezanja.\u00a0Ona\u00a0mogu biti elektri\u010dno ili hidrauli\u010dki pogonjena. Standardna konfiguracija obuhva\u0107a lan\u010danik, jedan ili vi\u0161e priteznih bubnjeva te pritezno zvono. Bubnjevi mogu biti standardne izvebe &hellip;\" \/>\n<meta property=\"og:url\" content=\"https:\/\/www.vulkan-nova.hr\/proizvodi\/sidreno-pritezna-vitla\/\" \/>\n<meta property=\"og:site_name\" content=\"Vulkan-Nova\" \/>\n<meta property=\"article:modified_time\" content=\"2018-02-05T14:29:14+00:00\" \/>\n<meta property=\"og:image\" content=\"https:\/\/www.vulkan-nova.hr\/wp-content\/uploads\/2016\/01\/sidreno-pritezna-vitla-vulkan-nova-h.jpg\" \/>\n\t<meta property=\"og:image:width\" content=\"1920\" \/>\n\t<meta property=\"og:image:height\" content=\"300\" \/>\n\t<meta property=\"og:image:type\" content=\"image\/jpeg\" \/>\n<meta name=\"twitter:card\" content=\"summary_large_image\" \/>\n<meta name=\"twitter:label1\" content=\"Procijenjeno vrijeme \u010ditanja\" \/>\n\t<meta name=\"twitter:data1\" content=\"4 minute\" \/>\n<script type=\"application\/ld+json\" class=\"yoast-schema-graph\">{\"@context\":\"https:\/\/schema.org\",\"@graph\":[{\"@type\":\"WebPage\",\"@id\":\"https:\/\/www.vulkan-nova.hr\/proizvodi\/sidreno-pritezna-vitla\/\",\"url\":\"https:\/\/www.vulkan-nova.hr\/proizvodi\/sidreno-pritezna-vitla\/\",\"name\":\"[:hr]Sidreno-pritezna vitla[:en]Windlass-mooring winches[:] - Vulkan-Nova\",\"isPartOf\":{\"@id\":\"https:\/\/www.vulkan-nova.hr\/hr\/#website\"},\"datePublished\":\"2016-01-20T08:20:38+00:00\",\"dateModified\":\"2018-02-05T14:29:14+00:00\",\"breadcrumb\":{\"@id\":\"https:\/\/www.vulkan-nova.hr\/proizvodi\/sidreno-pritezna-vitla\/#breadcrumb\"},\"inLanguage\":\"hr\",\"potentialAction\":[{\"@type\":\"ReadAction\",\"target\":[\"https:\/\/www.vulkan-nova.hr\/proizvodi\/sidreno-pritezna-vitla\/\"]}]},{\"@type\":\"BreadcrumbList\",\"@id\":\"https:\/\/www.vulkan-nova.hr\/proizvodi\/sidreno-pritezna-vitla\/#breadcrumb\",\"itemListElement\":[{\"@type\":\"ListItem\",\"position\":1,\"name\":\"Po\u010detna stranica\",\"item\":\"https:\/\/www.vulkan-nova.hr\/\"},{\"@type\":\"ListItem\",\"position\":2,\"name\":\"Proizvodi\",\"item\":\"https:\/\/www.vulkan-nova.hr\/proizvodi\/\"},{\"@type\":\"ListItem\",\"position\":3,\"name\":\"Sidreno-pritezna vitla\"}]},{\"@type\":\"WebSite\",\"@id\":\"https:\/\/www.vulkan-nova.hr\/hr\/#website\",\"url\":\"https:\/\/www.vulkan-nova.hr\/hr\/\",\"name\":\"Vulkan-Nova\",\"description\":\"Tvornica dizalica i brodske opreme\",\"potentialAction\":[{\"@type\":\"SearchAction\",\"target\":{\"@type\":\"EntryPoint\",\"urlTemplate\":\"https:\/\/www.vulkan-nova.hr\/hr\/?s={search_term_string}\"},\"query-input\":\"required name=search_term_string\"}],\"inLanguage\":\"hr\"}]}<\/script>\n<!-- \/ Yoast SEO plugin. -->","yoast_head_json":{"title":"[:hr]Sidreno-pritezna vitla[:en]Windlass-mooring winches[:] - Vulkan-Nova","robots":{"index":"index","follow":"follow","max-snippet":"max-snippet:-1","max-image-preview":"max-image-preview:large","max-video-preview":"max-video-preview:-1"},"canonical":"https:\/\/www.vulkan-nova.hr\/proizvodi\/sidreno-pritezna-vitla\/","og_locale":"hr_HR","og_type":"article","og_title":"[:hr]Sidreno-pritezna vitla[:en]Windlass-mooring winches[:] - Vulkan-Nova","og_description":"[vc_row][vc_column][vc_custom_heading text=&#8221;Sidreno-pritezna vitla&#8221; use_theme_fonts=&#8221;yes&#8221; el_class=&#8221;title&#8221;][vc_column_text]Na\u0161a sidreno-pritezna vitla omogu\u0107avaju jednostavno i pouzdano manipuliranje sidrom te sigurno provo\u0111enje operacja pritezanja.\u00a0Ona\u00a0mogu biti elektri\u010dno ili hidrauli\u010dki pogonjena. Standardna konfiguracija obuhva\u0107a lan\u010danik, jedan ili vi\u0161e priteznih bubnjeva te pritezno zvono. Bubnjevi mogu biti standardne izvebe &hellip;","og_url":"https:\/\/www.vulkan-nova.hr\/proizvodi\/sidreno-pritezna-vitla\/","og_site_name":"Vulkan-Nova","article_modified_time":"2018-02-05T14:29:14+00:00","og_image":[{"width":1920,"height":300,"url":"https:\/\/www.vulkan-nova.hr\/wp-content\/uploads\/2016\/01\/sidreno-pritezna-vitla-vulkan-nova-h.jpg","type":"image\/jpeg"}],"twitter_card":"summary_large_image","twitter_misc":{"Procijenjeno vrijeme \u010ditanja":"4 minute"},"schema":{"@context":"https:\/\/schema.org","@graph":[{"@type":"WebPage","@id":"https:\/\/www.vulkan-nova.hr\/proizvodi\/sidreno-pritezna-vitla\/","url":"https:\/\/www.vulkan-nova.hr\/proizvodi\/sidreno-pritezna-vitla\/","name":"[:hr]Sidreno-pritezna vitla[:en]Windlass-mooring winches[:] - Vulkan-Nova","isPartOf":{"@id":"https:\/\/www.vulkan-nova.hr\/hr\/#website"},"datePublished":"2016-01-20T08:20:38+00:00","dateModified":"2018-02-05T14:29:14+00:00","breadcrumb":{"@id":"https:\/\/www.vulkan-nova.hr\/proizvodi\/sidreno-pritezna-vitla\/#breadcrumb"},"inLanguage":"hr","potentialAction":[{"@type":"ReadAction","target":["https:\/\/www.vulkan-nova.hr\/proizvodi\/sidreno-pritezna-vitla\/"]}]},{"@type":"BreadcrumbList","@id":"https:\/\/www.vulkan-nova.hr\/proizvodi\/sidreno-pritezna-vitla\/#breadcrumb","itemListElement":[{"@type":"ListItem","position":1,"name":"Po\u010detna stranica","item":"https:\/\/www.vulkan-nova.hr\/"},{"@type":"ListItem","position":2,"name":"Proizvodi","item":"https:\/\/www.vulkan-nova.hr\/proizvodi\/"},{"@type":"ListItem","position":3,"name":"Sidreno-pritezna vitla"}]},{"@type":"WebSite","@id":"https:\/\/www.vulkan-nova.hr\/hr\/#website","url":"https:\/\/www.vulkan-nova.hr\/hr\/","name":"Vulkan-Nova","description":"Tvornica dizalica i brodske opreme","potentialAction":[{"@type":"SearchAction","target":{"@type":"EntryPoint","urlTemplate":"https:\/\/www.vulkan-nova.hr\/hr\/?s={search_term_string}"},"query-input":"required name=search_term_string"}],"inLanguage":"hr"}]}},"_links":{"self":[{"href":"https:\/\/www.vulkan-nova.hr\/hr\/wp-json\/wp\/v2\/pages\/1450"}],"collection":[{"href":"https:\/\/www.vulkan-nova.hr\/hr\/wp-json\/wp\/v2\/pages"}],"about":[{"href":"https:\/\/www.vulkan-nova.hr\/hr\/wp-json\/wp\/v2\/types\/page"}],"author":[{"embeddable":true,"href":"https:\/\/www.vulkan-nova.hr\/hr\/wp-json\/wp\/v2\/users\/2"}],"replies":[{"embeddable":true,"href":"https:\/\/www.vulkan-nova.hr\/hr\/wp-json\/wp\/v2\/comments?post=1450"}],"version-history":[{"count":5,"href":"https:\/\/www.vulkan-nova.hr\/hr\/wp-json\/wp\/v2\/pages\/1450\/revisions"}],"predecessor-version":[{"id":3278,"href":"https:\/\/www.vulkan-nova.hr\/hr\/wp-json\/wp\/v2\/pages\/1450\/revisions\/3278"}],"up":[{"embeddable":true,"href":"https:\/\/www.vulkan-nova.hr\/hr\/wp-json\/wp\/v2\/pages\/2477"}],"wp:featuredmedia":[{"embeddable":true,"href":"https:\/\/www.vulkan-nova.hr\/hr\/wp-json\/wp\/v2\/media\/2469"}],"wp:attachment":[{"href":"https:\/\/www.vulkan-nova.hr\/hr\/wp-json\/wp\/v2\/media?parent=1450"}],"curies":[{"name":"wp","href":"https:\/\/api.w.org\/{rel}","templated":true}]}}