{"id":1436,"date":"2016-01-19T14:52:43","date_gmt":"2016-01-19T14:52:43","guid":{"rendered":"http:\/\/anpsthemes.com\/construction\/?page_id=1436"},"modified":"2022-01-27T10:17:03","modified_gmt":"2022-01-27T10:17:03","slug":"usluge","status":"publish","type":"page","link":"https:\/\/www.vulkan-nova.hr\/hr\/usluge\/","title":{"rendered":"Usluge"},"content":{"rendered":"<p>[vc_row css=&#8221;.vc_custom_1453287409122{margin-bottom: 40px !important;}&#8221;][vc_column width=&#8221;1\/3&#8243;]<div class='featured featured-has-link featured-has-icon featured-has-content'><div class='featured-header'><a target='_self' href='http:\/\/www.vulkan-nova.hr\/projektiranje\/'><img alt='Projektiranje' src='https:\/\/www.vulkan-nova.hr\/wp-content\/uploads\/2022\/01\/vulkan-nova-projektiranje-brodova.jpg'\/><\/a><\/div><div class='featured-content'><h3 class='featured-title text-uppercase'><a target='_self' href='http:\/\/www.vulkan-nova.hr\/projektiranje\/'><i class='fa fa-puzzle-piece'><\/i>Projektiranje<\/a><\/h3><p class='featured-desc'>Na\u0161 projektni ured\u00a0sastavljen je od iskusnih projektanata koji mogu odgovoriti svim zahtjevima projektiranja.<\/p><a class='btn btn-md btn-minimal' target='_self' href='http:\/\/www.vulkan-nova.hr\/projektiranje\/'>SAZNAJ VI\u0160E<\/a><\/div><\/div>[\/vc_column][vc_column width=&#8221;1\/3&#8243;]<div class='featured featured-has-link featured-has-icon featured-has-content'><div class='featured-header'><a target='_self' href='http:\/\/www.vulkan-nova.hr\/usluge-strojne-obrade\/'><img alt='Usluge strojne obrade' src='https:\/\/www.vulkan-nova.hr\/wp-content\/uploads\/2022\/01\/strojna-obrada-brodova.jpg'\/><\/a><\/div><div class='featured-content'><h3 class='featured-title text-uppercase'><a target='_self' href='http:\/\/www.vulkan-nova.hr\/usluge-strojne-obrade\/'><i class='fa fa-industry'><\/i>Usluge strojne obrade<\/a><\/h3><p class='featured-desc'>Mogu\u0107nosti strojne obrade na\u0161eg pogona su raznolike, a izme\u0111u ostalog mo\u017eemo obaviti strojnu obradu vertikalnog tokarenja cilindri\u010dnih dijelova, vertikalno glodanje pozicija te horizontalno glodanje i bu\u0161enje pozicija.<\/p><a class='btn btn-md btn-minimal' target='_self' href='http:\/\/www.vulkan-nova.hr\/usluge-strojne-obrade\/'>SAZNAJTE VI\u0160E<\/a><\/div><\/div>[\/vc_column][vc_column width=&#8221;1\/3&#8243;]<div class='featured featured-has-icon featured-has-content'><div class='featured-header'><img alt='Rezanje limova' src='https:\/\/www.vulkan-nova.hr\/wp-content\/uploads\/2016\/01\/rezanje-limova.jpg'\/><\/div><div class='featured-content'><h3 class='featured-title text-uppercase'><i class='fa fa-cog'><\/i>Rezanje limova<\/h3><p class='featured-desc'>Na na\u0161oj plazma CNC reza\u010dici mogu\u0107e je rezati limove od uglji\u010dnog i nehr\u0111aju\u0107eg \u010delika te aluminijske limove debljina do 35 mm, dimenzija 8 x 2,5 m.\u00a0Na plinskoj opti\u010dkoj reza\u010dici mogu\u0107e je rezati \u010deli\u010dne limove debljina do 170 mm, dimenzija 6 x 2 m.\u00a0Reza\u010dice se opslu\u017euju dizalicom najve\u0107e nosivosti do 10 t.<\/p><\/div><\/div>[\/vc_column][\/vc_row][vc_row full_width=&#8221;stretch_row&#8221; css=&#8221;.vc_custom_1460118064162{padding-bottom: 140px !important;background-position: 0 0 !important;background-repeat: no-repeat !important;}&#8221; el_class=&#8221;bg-image-bottom&#8221;][vc_column width=&#8221;1\/3&#8243;]<div class='featured featured-has-icon featured-has-content'><div class='featured-header'><img alt='Servis dizalica' src='https:\/\/www.vulkan-nova.hr\/wp-content\/uploads\/2016\/01\/servis-dizalica.jpg'\/><\/div><div class='featured-content'><h3 class='featured-title text-uppercase'><i class='fa fa-flask'><\/i>Servis dizalica<\/h3><p class='featured-desc'>Za isporu\u010dene dizalice na\u0161 servisni tim iskusnih mehani\u010dara i elektri\u010dara mo\u017ee po pozivu u najkra\u0107em vremenu otkloniti kvarove u garantnom te van garantnog roka.\u00a0Za dizalice ostalih proizvo\u0111a\u010da o\u010dekujemo upit sa tehni\u010dkim detaljima te \u0107e na\u0161 tim in\u017eenjera i servisera analizirati mogu\u0107nosti popravka ili preinake.<\/p><\/div><\/div>[\/vc_column][vc_column width=&#8221;1\/3&#8243;]<div class='featured featured-has-icon featured-has-content'><div class='featured-header'><img alt='Servis brodske opreme' src='https:\/\/www.vulkan-nova.hr\/wp-content\/uploads\/2022\/01\/servis-brodske-opreme.jpg'\/><\/div><div class='featured-content'><h3 class='featured-title text-uppercase'><i class='fa fa-plug'><\/i>Servis brodske opreme<\/h3><p class='featured-desc'>Za isporu\u010dene proizvode na\u0161 tim iskusnih mehani\u010dara i elektri\u010dara mo\u017ee po pozivu u najkra\u0107em vremenu otkloniti kvarove u garantnom te van garantnom roku.\u00a0Za dizalice i brodsku opremu ostalih proizvo\u0111a\u010da o\u010dekujemo upit sa tehni\u010dkim detaljima te \u0107e na\u0161 tim in\u017eenjera i servisera analizirati mogu\u0107nost popravka ili preinake.<\/p><\/div><\/div>[\/vc_column][vc_column width=&#8221;1\/3&#8243;]<div class='featured featured-has-icon featured-has-content'><div class='featured-header'><img alt='Izrada \u010deli\u010dnih konstrukcija' src='https:\/\/www.vulkan-nova.hr\/wp-content\/uploads\/2022\/01\/izrada-brodskih-celicnih-konstrukcija.jpg'\/><\/div><div class='featured-content'><h3 class='featured-title text-uppercase'><i class='fa fa-fire'><\/i>Izrada \u010deli\u010dnih konstrukcija<\/h3><p class='featured-desc'>U mogu\u0107nosti smo ponuditi uslugu izrade raznih vrsta \u010deli\u010dnih konstrukcija prema dostavljenim nacrtima naru\u010ditelja ili prema na\u0161em projektu. Mo\u017eemo izraditi \u010deli\u010dne konstrukcije do pojedina\u010dnih dimenzija 20 x 3 m i mase 20 t. Zavariva\u010dke aktivnosti obavljaju certificirani zavariva\u010di postupcima REL i MIG \/ MAG.<\/p><\/div><\/div>[\/vc_column][\/vc_row]<\/p>","protected":false},"excerpt":{"rendered":"<p>[vc_row css=&#8221;.vc_custom_1453287409122{margin-bottom: 40px !important;}&#8221;][vc_column width=&#8221;1\/3&#8243;][\/vc_column][vc_column width=&#8221;1\/3&#8243;][\/vc_column][vc_column width=&#8221;1\/3&#8243;][\/vc_column][\/vc_row][vc_row full_width=&#8221;stretch_row&#8221; css=&#8221;.vc_custom_1460118064162{padding-bottom: 140px !important;background-position: 0 0 !important;background-repeat: no-repeat !important;}&#8221; el_class=&#8221;bg-image-bottom&#8221;][vc_column width=&#8221;1\/3&#8243;][\/vc_column][vc_column width=&#8221;1\/3&#8243;][\/vc_column][vc_column width=&#8221;1\/3&#8243;][\/vc_column][\/vc_row]<\/p>\n","protected":false},"author":2,"featured_media":0,"parent":0,"menu_order":0,"comment_status":"closed","ping_status":"closed","template":"","meta":{"footnotes":""},"yoast_head":"<!-- This site is optimized with the Yoast SEO plugin v21.8 - https:\/\/yoast.com\/wordpress\/plugins\/seo\/ -->\n<title>Usluge - Vulkan-Nova<\/title>\n<meta name=\"robots\" content=\"index, follow, max-snippet:-1, max-image-preview:large, max-video-preview:-1\" \/>\n<link rel=\"canonical\" href=\"https:\/\/www.vulkan-nova.hr\/usluge\/\" \/>\n<meta property=\"og:locale\" content=\"hr_HR\" \/>\n<meta property=\"og:type\" content=\"article\" \/>\n<meta property=\"og:title\" content=\"[:hr]Usluge[:en]Services[:] - Vulkan-Nova\" \/>\n<meta property=\"og:description\" content=\"[vc_row css=&#8221;.vc_custom_1453287409122{margin-bottom: 40px !important;}&#8221;][vc_column width=&#8221;1\/3&#8243;][\/vc_column][vc_column width=&#8221;1\/3&#8243;][\/vc_column][vc_column width=&#8221;1\/3&#8243;][\/vc_column][\/vc_row][vc_row full_width=&#8221;stretch_row&#8221; css=&#8221;.vc_custom_1460118064162{padding-bottom: 140px !important;background-position: 0 0 !important;background-repeat: no-repeat !important;}&#8221; el_class=&#8221;bg-image-bottom&#8221;][vc_column width=&#8221;1\/3&#8243;][\/vc_column][vc_column width=&#8221;1\/3&#8243;][\/vc_column][vc_column width=&#8221;1\/3&#8243;][\/vc_column][\/vc_row]\" \/>\n<meta property=\"og:url\" content=\"https:\/\/www.vulkan-nova.hr\/usluge\/\" \/>\n<meta property=\"og:site_name\" content=\"Vulkan-Nova\" \/>\n<meta property=\"article:modified_time\" content=\"2022-01-27T10:17:03+00:00\" \/>\n<meta name=\"twitter:card\" content=\"summary_large_image\" \/>\n<meta name=\"twitter:label1\" content=\"Procijenjeno vrijeme \u010ditanja\" \/>\n\t<meta name=\"twitter:data1\" content=\"2 minute\" \/>\n<script type=\"application\/ld+json\" class=\"yoast-schema-graph\">{\"@context\":\"https:\/\/schema.org\",\"@graph\":[{\"@type\":\"WebPage\",\"@id\":\"https:\/\/www.vulkan-nova.hr\/usluge\/\",\"url\":\"https:\/\/www.vulkan-nova.hr\/usluge\/\",\"name\":\"[:hr]Usluge[:en]Services[:] - Vulkan-Nova\",\"isPartOf\":{\"@id\":\"https:\/\/www.vulkan-nova.hr\/hr\/#website\"},\"datePublished\":\"2016-01-19T14:52:43+00:00\",\"dateModified\":\"2022-01-27T10:17:03+00:00\",\"breadcrumb\":{\"@id\":\"https:\/\/www.vulkan-nova.hr\/usluge\/#breadcrumb\"},\"inLanguage\":\"hr\",\"potentialAction\":[{\"@type\":\"ReadAction\",\"target\":[\"https:\/\/www.vulkan-nova.hr\/usluge\/\"]}]},{\"@type\":\"BreadcrumbList\",\"@id\":\"https:\/\/www.vulkan-nova.hr\/usluge\/#breadcrumb\",\"itemListElement\":[{\"@type\":\"ListItem\",\"position\":1,\"name\":\"Po\u010detna stranica\",\"item\":\"https:\/\/www.vulkan-nova.hr\/\"},{\"@type\":\"ListItem\",\"position\":2,\"name\":\"Usluge\"}]},{\"@type\":\"WebSite\",\"@id\":\"https:\/\/www.vulkan-nova.hr\/hr\/#website\",\"url\":\"https:\/\/www.vulkan-nova.hr\/hr\/\",\"name\":\"Vulkan-Nova\",\"description\":\"Tvornica dizalica i brodske opreme\",\"potentialAction\":[{\"@type\":\"SearchAction\",\"target\":{\"@type\":\"EntryPoint\",\"urlTemplate\":\"https:\/\/www.vulkan-nova.hr\/hr\/?s={search_term_string}\"},\"query-input\":\"required name=search_term_string\"}],\"inLanguage\":\"hr\"}]}<\/script>\n<!-- \/ Yoast SEO plugin. -->","yoast_head_json":{"title":"[:hr]Usluge[:en]Services[:] - Vulkan-Nova","robots":{"index":"index","follow":"follow","max-snippet":"max-snippet:-1","max-image-preview":"max-image-preview:large","max-video-preview":"max-video-preview:-1"},"canonical":"https:\/\/www.vulkan-nova.hr\/usluge\/","og_locale":"hr_HR","og_type":"article","og_title":"[:hr]Usluge[:en]Services[:] - Vulkan-Nova","og_description":"[vc_row css=&#8221;.vc_custom_1453287409122{margin-bottom: 40px !important;}&#8221;][vc_column width=&#8221;1\/3&#8243;][\/vc_column][vc_column width=&#8221;1\/3&#8243;][\/vc_column][vc_column width=&#8221;1\/3&#8243;][\/vc_column][\/vc_row][vc_row full_width=&#8221;stretch_row&#8221; css=&#8221;.vc_custom_1460118064162{padding-bottom: 140px !important;background-position: 0 0 !important;background-repeat: no-repeat !important;}&#8221; el_class=&#8221;bg-image-bottom&#8221;][vc_column width=&#8221;1\/3&#8243;][\/vc_column][vc_column width=&#8221;1\/3&#8243;][\/vc_column][vc_column width=&#8221;1\/3&#8243;][\/vc_column][\/vc_row]","og_url":"https:\/\/www.vulkan-nova.hr\/usluge\/","og_site_name":"Vulkan-Nova","article_modified_time":"2022-01-27T10:17:03+00:00","twitter_card":"summary_large_image","twitter_misc":{"Procijenjeno vrijeme \u010ditanja":"2 minute"},"schema":{"@context":"https:\/\/schema.org","@graph":[{"@type":"WebPage","@id":"https:\/\/www.vulkan-nova.hr\/usluge\/","url":"https:\/\/www.vulkan-nova.hr\/usluge\/","name":"[:hr]Usluge[:en]Services[:] - Vulkan-Nova","isPartOf":{"@id":"https:\/\/www.vulkan-nova.hr\/hr\/#website"},"datePublished":"2016-01-19T14:52:43+00:00","dateModified":"2022-01-27T10:17:03+00:00","breadcrumb":{"@id":"https:\/\/www.vulkan-nova.hr\/usluge\/#breadcrumb"},"inLanguage":"hr","potentialAction":[{"@type":"ReadAction","target":["https:\/\/www.vulkan-nova.hr\/usluge\/"]}]},{"@type":"BreadcrumbList","@id":"https:\/\/www.vulkan-nova.hr\/usluge\/#breadcrumb","itemListElement":[{"@type":"ListItem","position":1,"name":"Po\u010detna stranica","item":"https:\/\/www.vulkan-nova.hr\/"},{"@type":"ListItem","position":2,"name":"Usluge"}]},{"@type":"WebSite","@id":"https:\/\/www.vulkan-nova.hr\/hr\/#website","url":"https:\/\/www.vulkan-nova.hr\/hr\/","name":"Vulkan-Nova","description":"Tvornica dizalica i brodske opreme","potentialAction":[{"@type":"SearchAction","target":{"@type":"EntryPoint","urlTemplate":"https:\/\/www.vulkan-nova.hr\/hr\/?s={search_term_string}"},"query-input":"required name=search_term_string"}],"inLanguage":"hr"}]}},"_links":{"self":[{"href":"https:\/\/www.vulkan-nova.hr\/hr\/wp-json\/wp\/v2\/pages\/1436"}],"collection":[{"href":"https:\/\/www.vulkan-nova.hr\/hr\/wp-json\/wp\/v2\/pages"}],"about":[{"href":"https:\/\/www.vulkan-nova.hr\/hr\/wp-json\/wp\/v2\/types\/page"}],"author":[{"embeddable":true,"href":"https:\/\/www.vulkan-nova.hr\/hr\/wp-json\/wp\/v2\/users\/2"}],"replies":[{"embeddable":true,"href":"https:\/\/www.vulkan-nova.hr\/hr\/wp-json\/wp\/v2\/comments?post=1436"}],"version-history":[{"count":5,"href":"https:\/\/www.vulkan-nova.hr\/hr\/wp-json\/wp\/v2\/pages\/1436\/revisions"}],"predecessor-version":[{"id":3698,"href":"https:\/\/www.vulkan-nova.hr\/hr\/wp-json\/wp\/v2\/pages\/1436\/revisions\/3698"}],"wp:attachment":[{"href":"https:\/\/www.vulkan-nova.hr\/hr\/wp-json\/wp\/v2\/media?parent=1436"}],"curies":[{"name":"wp","href":"https:\/\/api.w.org\/{rel}","templated":true}]}}